{"id":5842,"date":"2025-03-31T11:35:23","date_gmt":"2025-03-31T11:35:23","guid":{"rendered":"https:\/\/4tec-engineering.com\/?page_id=5842"},"modified":"2025-04-03T09:43:28","modified_gmt":"2025-04-03T09:43:28","slug":"ideen-check","status":"publish","type":"page","link":"https:\/\/4tec-engineering.com\/en\/produktentwicklung\/angebot\/ideen-check\/","title":{"rendered":"Feasibility Check"},"content":{"rendered":"<div data-elementor-type=\"wp-page\" data-elementor-id=\"5842\" class=\"elementor elementor-5842\" data-elementor-post-type=\"page\">\n\t\t\t\t\t\t<section class=\"elementor-section elementor-top-section elementor-element elementor-element-6c3f0e93 elementor-section-boxed elementor-section-height-default elementor-section-height-default\" data-id=\"6c3f0e93\" data-element_type=\"section\">\n\t\t\t\t\t\t<div class=\"elementor-container elementor-column-gap-default\">\n\t\t\t\t\t<div class=\"elementor-column elementor-col-100 elementor-top-column elementor-element elementor-element-489ab26a\" data-id=\"489ab26a\" data-element_type=\"column\">\n\t\t\t<div class=\"elementor-widget-wrap elementor-element-populated\">\n\t\t\t\t\t\t<section class=\"elementor-section elementor-inner-section elementor-element elementor-element-19c4cbc3 elementor-section-boxed elementor-section-height-default elementor-section-height-default\" data-id=\"19c4cbc3\" data-element_type=\"section\">\n\t\t\t\t\t\t<div class=\"elementor-container elementor-column-gap-default\">\n\t\t\t\t\t<div class=\"elementor-column elementor-col-50 elementor-inner-column elementor-element elementor-element-4baec19b\" data-id=\"4baec19b\" data-element_type=\"column\">\n\t\t\t<div class=\"elementor-widget-wrap elementor-element-populated\">\n\t\t\t\t\t\t<div class=\"elementor-element elementor-element-74fafa65 elementor-position-left elementor-view-default elementor-mobile-position-top elementor-widget elementor-widget-icon-box\" data-id=\"74fafa65\" data-element_type=\"widget\" data-widget_type=\"icon-box.default\">\n\t\t\t\t<div class=\"elementor-widget-container\">\n\t\t\t\t\t\t\t<div class=\"elementor-icon-box-wrapper\">\n\n\t\t\t\t\t\t<div class=\"elementor-icon-box-icon\">\n\t\t\t\t<a href=\"https:\/\/4tec-engineering.com\/en\/angebot\/\" class=\"elementor-icon\" tabindex=\"-1\" aria-label=\"Offer overview\">\n\t\t\t\t<i aria-hidden=\"true\" class=\"fas fa-arrow-left\"><\/i>\t\t\t\t<\/a>\n\t\t\t<\/div>\n\t\t\t\n\t\t\t\t\t\t<div class=\"elementor-icon-box-content\">\n\n\t\t\t\t\t\t\t\t\t<h3 class=\"elementor-icon-box-title\">\n\t\t\t\t\t\t<a href=\"https:\/\/4tec-engineering.com\/en\/angebot\/\" >\n\t\t\t\t\t\t\tOffer overview\t\t\t\t\t\t<\/a>\n\t\t\t\t\t<\/h3>\n\t\t\t\t\n\t\t\t\t\n\t\t\t<\/div>\n\t\t\t\n\t\t<\/div>\n\t\t\t\t\t\t<\/div>\n\t\t\t\t<\/div>\n\t\t\t\t<div class=\"elementor-element elementor-element-61a864bf elementor-position-right elementor-view-default elementor-mobile-position-top elementor-widget elementor-widget-icon-box\" data-id=\"61a864bf\" data-element_type=\"widget\" data-widget_type=\"icon-box.default\">\n\t\t\t\t<div class=\"elementor-widget-container\">\n\t\t\t\t\t\t\t<div class=\"elementor-icon-box-wrapper\">\n\n\t\t\t\t\t\t<div class=\"elementor-icon-box-icon\">\n\t\t\t\t<a href=\"https:\/\/4tec-engineering.com\/en\/angebot\/workshop\/\" class=\"elementor-icon\" tabindex=\"-1\" aria-label=\"Next offer\">\n\t\t\t\t<i aria-hidden=\"true\" class=\"fas fa-arrow-right\"><\/i>\t\t\t\t<\/a>\n\t\t\t<\/div>\n\t\t\t\n\t\t\t\t\t\t<div class=\"elementor-icon-box-content\">\n\n\t\t\t\t\t\t\t\t\t<h3 class=\"elementor-icon-box-title\">\n\t\t\t\t\t\t<a href=\"https:\/\/4tec-engineering.com\/en\/angebot\/workshop\/\" >\n\t\t\t\t\t\t\tNext offer\t\t\t\t\t\t<\/a>\n\t\t\t\t\t<\/h3>\n\t\t\t\t\n\t\t\t\t\n\t\t\t<\/div>\n\t\t\t\n\t\t<\/div>\n\t\t\t\t\t\t<\/div>\n\t\t\t\t<\/div>\n\t\t\t\t\t<\/div>\n\t\t<\/div>\n\t\t\t\t<div class=\"elementor-column elementor-col-50 elementor-inner-column elementor-element elementor-element-1fff3145\" data-id=\"1fff3145\" data-element_type=\"column\">\n\t\t\t<div class=\"elementor-widget-wrap elementor-element-populated\">\n\t\t\t\t\t\t<div class=\"elementor-element elementor-element-1037fd7b elementor-widget elementor-widget-image\" data-id=\"1037fd7b\" data-element_type=\"widget\" data-widget_type=\"image.default\">\n\t\t\t\t<div class=\"elementor-widget-container\">\n\t\t\t\t\t\t\t\t\t\t\t\t\t\t\t<img fetchpriority=\"high\" decoding=\"async\" width=\"2032\" height=\"601\" src=\"https:\/\/4tec-engineering.com\/wp-content\/uploads\/2025\/03\/Angebot-Ideen-Check.jpg\" class=\"attachment-full size-full wp-image-5815\" alt=\"Angebot - Ideen Check\" srcset=\"https:\/\/4tec-engineering.com\/wp-content\/uploads\/2025\/03\/Angebot-Ideen-Check.jpg 2032w, https:\/\/4tec-engineering.com\/wp-content\/uploads\/2025\/03\/Angebot-Ideen-Check-300x89.jpg 300w, https:\/\/4tec-engineering.com\/wp-content\/uploads\/2025\/03\/Angebot-Ideen-Check-1024x303.jpg 1024w, https:\/\/4tec-engineering.com\/wp-content\/uploads\/2025\/03\/Angebot-Ideen-Check-768x227.jpg 768w, https:\/\/4tec-engineering.com\/wp-content\/uploads\/2025\/03\/Angebot-Ideen-Check-1536x454.jpg 1536w, https:\/\/4tec-engineering.com\/wp-content\/uploads\/2025\/03\/Angebot-Ideen-Check-18x5.jpg 18w, https:\/\/4tec-engineering.com\/wp-content\/uploads\/2025\/03\/Angebot-Ideen-Check-600x177.jpg 600w\" sizes=\"(max-width: 2032px) 100vw, 2032px\" \/>\t\t\t\t\t\t\t\t\t\t\t\t\t\t\t<\/div>\n\t\t\t\t<\/div>\n\t\t\t\t<div class=\"elementor-element elementor-element-5a92145b elementor-widget elementor-widget-heading\" data-id=\"5a92145b\" data-element_type=\"widget\" data-widget_type=\"heading.default\">\n\t\t\t\t<div class=\"elementor-widget-container\">\n\t\t\t\t\t<h2 class=\"elementor-heading-title elementor-size-default\">Feasibility Check<\/h2>\t\t\t\t<\/div>\n\t\t\t\t<\/div>\n\t\t\t\t<div class=\"elementor-element elementor-element-14a55462 elementor-widget elementor-widget-text-editor\" data-id=\"14a55462\" data-element_type=\"widget\" data-widget_type=\"text-editor.default\">\n\t\t\t\t<div class=\"elementor-widget-container\">\n\t\t\t\t\t\t\t\t\t<p data-start=\"85\" data-end=\"141\"><strong data-start=\"0\" data-end=\"47\">Feasibility Check - putting your vision to the test<\/strong><\/p>\n<p class=\"\" data-start=\"143\" data-end=\"385\">You have a product idea and want to know if it really has potential? Our <strong data-start=\"245\" data-end=\"260\">Feasibility Check<\/strong> provides you with an honest and well-founded assessment of feasibility, relevance, and development potential \u2013 all within two hours.<\/p>\n<p class=\"\" data-start=\"387\" data-end=\"408\">What to expect:<\/p>\n\n<ul>\n \t<li class=\"\" data-start=\"268\" data-end=\"375\">\n<p class=\"\" data-start=\"270\" data-end=\"375\"><strong data-start=\"410\" data-end=\"432\">Two perspectives:<\/strong> You will speak with an experienced <strong data-start=\"467\" data-end=\"480\">engineer<\/strong> and an <strong data-start=\"491\" data-end=\"512\">industrial designer<\/strong> from our team. Together, we combine technology, design, and strategy.<\/p>\n<\/li>\n \t<li data-start=\"410\" data-end=\"593\"><strong data-start=\"809\" data-end=\"825\">Two hours:<\/strong> By phone, online or on-site \u2013 we reserve one hour exclusively for your topic.<\/li><\/p>\n \t<li data-start=\"595\" data-end=\"801\"><strong data-start=\"595\" data-end=\"620\">Focus on context and feasibility:<\/strong> We not only analyze technical feasibility but also consider <strong data-start=\"699\" data-end=\"751\">design, market environment, and positioning.<\/strong>This ensures your idea is evaluated in the right context.<\/li><\/p>\n \t<li data-start=\"803\" data-end=\"956\"><strong data-start=\"803\" data-end=\"830\">Professional assessment:<\/strong> <span class=\"relative -mx-px my-[-0.2rem] rounded px-px py-[0.2rem]\">We assess the feasibility of your product idea in terms of technical implementation, material selection, and manufacturing processes.<\/span><\/li><\/p>\n \t<li data-start=\"958\" data-end=\"1149\"><strong data-start=\"958\" data-end=\"984\">Practical recommendations:<\/strong> You will receive a structured summary with potential <strong data-start=\"1051\" data-end=\"1073\">next steps<\/strong>, relevant <strong data-start=\"1086\" data-end=\"1098\">methods<\/strong> and <strong data-start=\"1103\" data-end=\"1127\">possible partners<\/strong> to support your development.<\/li><\/p>\n<\/ul>\n<p class=\"\" data-start=\"610\" data-end=\"691\"><span class=\"relative -mx-px my-[-0.2rem] rounded px-px py-[0.2rem]\">The <strong data-start=\"4\" data-end=\"19\">Feasibility Check<\/strong> is the ideal starting point to put your product idea on a solid foundation. Fast, straightforward, and with clear added value.<\/span><\/p>\t\t\t\t\t\t\t\t<\/div>\n\t\t\t\t<\/div>\n\t\t\t\t<div class=\"elementor-element elementor-element-5237de6b elementor-widget elementor-widget-button\" data-id=\"5237de6b\" data-element_type=\"widget\" data-widget_type=\"button.default\">\n\t\t\t\t<div class=\"elementor-widget-container\">\n\t\t\t\t\t\t\t\t\t<div class=\"elementor-button-wrapper\">\n\t\t\t\t\t<a class=\"elementor-button elementor-button-link elementor-size-sm\" href=\"https:\/\/outlook.office.com\/book\/G10fd8f273d0b4eebbfffa062339e14dc@4tec-engineering.com\/s\/mazJpvpwF0uYx61pdHVe-g2\" target=\"_blank\">\n\t\t\t\t\t\t<span class=\"elementor-button-content-wrapper\">\n\t\t\t\t\t\t\t\t\t<span class=\"elementor-button-text\">Book appointment<\/span>\n\t\t\t\t\t<\/span>\n\t\t\t\t\t<\/a>\n\t\t\t\t<\/div>\n\t\t\t\t\t\t\t\t<\/div>\n\t\t\t\t<\/div>\n\t\t\t\t<div class=\"elementor-element elementor-element-732c4565 elementor-widget elementor-widget-text-editor\" data-id=\"732c4565\" data-element_type=\"widget\" data-widget_type=\"text-editor.default\">\n\t\t\t\t<div class=\"elementor-widget-container\">\n\t\t\t\t\t\t\t\t\t<strong data-start=\"179\" data-end=\"199\">Terms &amp; Conditions:<\/strong>\n<ul><\/p>\n \t<li><strong data-start=\"601\" data-end=\"612\">Scope of services:<\/strong> The Feasibility Check includes a two-hour consultation with an experienced engineer and an industrial designer from our team. The focus is on evaluating your product idea and placing it in the context of design, brand, and positioning. The consultation can take place by phone, via online meeting, or on-site in Zurich. A meeting at another location is possible upon request.<\/li><\/p>\n \t<li data-start=\"601\" data-end=\"717\"><strong data-start=\"601\" data-end=\"612\">Costs: <\/strong>The flat rate is <strong data-start=\"637\" data-end=\"648\">500 CHF<\/strong> (excl. VAT). The amount will be invoiced after the session.<\/li><\/p>\n \t<li data-start=\"719\" data-end=\"964\"><strong data-start=\"719\" data-end=\"742\">Appointment scheduling: <\/strong>The appointment is scheduled individually. Cancellations or rescheduling are free of charge up to 24 hours before the session. In case of short-notice cancellations or no-shows, we reserve the right to charge the full amount.<\/li><\/p>\n \t<li data-start=\"719\" data-end=\"964\"><strong data-start=\"966\" data-end=\"986\">Confidentiality: <\/strong>All information you share with us will be treated confidentially. We are happy to sign a non-disclosure agreement (NDA) in advance upon request.<\/li><\/p>\n \t<li data-start=\"719\" data-end=\"964\"><strong data-start=\"1143\" data-end=\"1161\">Open outcome: <\/strong>The Feasibility Check provides an initial professional assessment of your product idea. It does not replace a full technical development or detailed project planning.<\/li><\/p>\n \t<li data-start=\"719\" data-end=\"964\"><strong data-start=\"1329\" data-end=\"1341\">Liability: <\/strong>The consultation is provided to the best of our knowledge and belief, but without any guarantee of completeness or future feasibility of the discussed content.<\/li>\n<\/ul>\t\t\t\t\t\t\t\t<\/div>\n\t\t\t\t<\/div>\n\t\t\t\t\t<\/div>\n\t\t<\/div>\n\t\t\t\t\t<\/div>\n\t\t<\/section>\n\t\t\t\t\t<\/div>\n\t\t<\/div>\n\t\t\t\t\t<\/div>\n\t\t<\/section>\n\t\t\t\t<\/div>","protected":false},"excerpt":{"rendered":"<p>Ideen-Check: Fr\u00fchzeitig Klarheit \u00fcber Potenzial und Machbarkeit<\/p>\n<p>Ist Ihre Idee technisch umsetzbar? Wo lauern Risiken und wo liegt das echte Potenzial? Im Ideen-Check analysieren wir Ihre Produktidee aus der Sicht von Technik, Funktion und Markt. Mit unserem interdisziplin\u00e4ren Blick identifizieren wir Chancen und Stolpersteine fr\u00fchzeitig und geben konkrete Empfehlungen f\u00fcr die n\u00e4chsten Schritte. F\u00fcr alle, die smart investieren und von Anfang an gezielt entwickeln wollen.<\/p>","protected":false},"author":1,"featured_media":5815,"parent":5732,"menu_order":0,"comment_status":"closed","ping_status":"closed","template":"","meta":{"footnotes":""},"class_list":["post-5842","page","type-page","status-publish","has-post-thumbnail","hentry"],"yoast_head":"<!-- This site is optimized with the Yoast SEO plugin v26.6 - https:\/\/yoast.com\/wordpress\/plugins\/seo\/ -->\n<title>Ideen Check - 4Tec Engineering<\/title>\n<meta name=\"description\" content=\"Mit dem Ideen Check von 4Tec Engineering analysieren wir technische Machbarkeit, Marktpotenzial und Entwicklungschancen fr\u00fchzeitig fundiert und praxisnah.\" \/>\n<meta name=\"robots\" content=\"index, follow, max-snippet:-1, max-image-preview:large, max-video-preview:-1\" \/>\n<link rel=\"canonical\" href=\"https:\/\/4tec-engineering.com\/en\/produktentwicklung\/angebot\/ideen-check\/\" \/>\n<meta property=\"og:locale\" content=\"en_US\" \/>\n<meta property=\"og:type\" content=\"article\" \/>\n<meta property=\"og:title\" content=\"Ideen Check - 4Tec Engineering\" \/>\n<meta property=\"og:description\" content=\"Mit dem Ideen Check von 4Tec Engineering analysieren wir technische Machbarkeit, Marktpotenzial und Entwicklungschancen fr\u00fchzeitig fundiert und praxisnah.\" \/>\n<meta property=\"og:url\" content=\"https:\/\/4tec-engineering.com\/en\/produktentwicklung\/angebot\/ideen-check\/\" \/>\n<meta property=\"og:site_name\" content=\"4Tec Engineering\" \/>\n<meta property=\"article:modified_time\" content=\"2025-04-03T09:43:28+00:00\" \/>\n<meta property=\"og:image\" content=\"https:\/\/4tec-engineering.com\/wp-content\/uploads\/2025\/03\/Angebot-Ideen-Check.jpg\" \/>\n\t<meta property=\"og:image:width\" content=\"2032\" \/>\n\t<meta property=\"og:image:height\" content=\"601\" \/>\n\t<meta property=\"og:image:type\" content=\"image\/jpeg\" \/>\n<meta name=\"twitter:card\" content=\"summary_large_image\" \/>\n<meta name=\"twitter:label1\" content=\"Est. reading time\" \/>\n\t<meta name=\"twitter:data1\" content=\"3 minutes\" \/>\n<script type=\"application\/ld+json\" class=\"yoast-schema-graph\">{\"@context\":\"https:\/\/schema.org\",\"@graph\":[{\"@type\":\"WebPage\",\"@id\":\"https:\/\/4tec-engineering.com\/produktentwicklung\/angebot\/ideen-check\/\",\"url\":\"https:\/\/4tec-engineering.com\/produktentwicklung\/angebot\/ideen-check\/\",\"name\":\"Ideen Check - 4Tec Engineering\",\"isPartOf\":{\"@id\":\"https:\/\/4tec-engineering.com\/#website\"},\"primaryImageOfPage\":{\"@id\":\"https:\/\/4tec-engineering.com\/produktentwicklung\/angebot\/ideen-check\/#primaryimage\"},\"image\":{\"@id\":\"https:\/\/4tec-engineering.com\/produktentwicklung\/angebot\/ideen-check\/#primaryimage\"},\"thumbnailUrl\":\"https:\/\/4tec-engineering.com\/wp-content\/uploads\/2025\/03\/Angebot-Ideen-Check.jpg\",\"datePublished\":\"2025-03-31T11:35:23+00:00\",\"dateModified\":\"2025-04-03T09:43:28+00:00\",\"description\":\"Mit dem Ideen Check von 4Tec Engineering analysieren wir technische Machbarkeit, Marktpotenzial und Entwicklungschancen fr\u00fchzeitig fundiert und praxisnah.\",\"breadcrumb\":{\"@id\":\"https:\/\/4tec-engineering.com\/produktentwicklung\/angebot\/ideen-check\/#breadcrumb\"},\"inLanguage\":\"en-US\",\"potentialAction\":[{\"@type\":\"ReadAction\",\"target\":[\"https:\/\/4tec-engineering.com\/produktentwicklung\/angebot\/ideen-check\/\"]}]},{\"@type\":\"ImageObject\",\"inLanguage\":\"en-US\",\"@id\":\"https:\/\/4tec-engineering.com\/produktentwicklung\/angebot\/ideen-check\/#primaryimage\",\"url\":\"https:\/\/4tec-engineering.com\/wp-content\/uploads\/2025\/03\/Angebot-Ideen-Check.jpg\",\"contentUrl\":\"https:\/\/4tec-engineering.com\/wp-content\/uploads\/2025\/03\/Angebot-Ideen-Check.jpg\",\"width\":2032,\"height\":601,\"caption\":\"Angebot - Ideen Check\"},{\"@type\":\"BreadcrumbList\",\"@id\":\"https:\/\/4tec-engineering.com\/produktentwicklung\/angebot\/ideen-check\/#breadcrumb\",\"itemListElement\":[{\"@type\":\"ListItem\",\"position\":1,\"name\":\"Startseite\",\"item\":\"https:\/\/4tec-engineering.com\/\"},{\"@type\":\"ListItem\",\"position\":2,\"name\":\"Home\",\"item\":\"https:\/\/4tec-engineering.com\/\"},{\"@type\":\"ListItem\",\"position\":3,\"name\":\"Angebot\",\"item\":\"https:\/\/4tec-engineering.com\/produktentwicklung\/angebot\/\"},{\"@type\":\"ListItem\",\"position\":4,\"name\":\"Ideen Check\"}]},{\"@type\":\"WebSite\",\"@id\":\"https:\/\/4tec-engineering.com\/#website\",\"url\":\"https:\/\/4tec-engineering.com\/\",\"name\":\"4Tec Engineering\",\"description\":\"Produktentwicklung in Z\u00fcrich\",\"publisher\":{\"@id\":\"https:\/\/4tec-engineering.com\/#organization\"},\"alternateName\":\"4Tec\",\"potentialAction\":[{\"@type\":\"SearchAction\",\"target\":{\"@type\":\"EntryPoint\",\"urlTemplate\":\"https:\/\/4tec-engineering.com\/?s={search_term_string}\"},\"query-input\":{\"@type\":\"PropertyValueSpecification\",\"valueRequired\":true,\"valueName\":\"search_term_string\"}}],\"inLanguage\":\"en-US\"},{\"@type\":\"Organization\",\"@id\":\"https:\/\/4tec-engineering.com\/#organization\",\"name\":\"4Tec Engineering AG\",\"alternateName\":\"4Tec Engineering AG\",\"url\":\"https:\/\/4tec-engineering.com\/\",\"logo\":{\"@type\":\"ImageObject\",\"inLanguage\":\"en-US\",\"@id\":\"https:\/\/4tec-engineering.com\/#\/schema\/logo\/image\/\",\"url\":\"https:\/\/4tec-engineering.com\/wp-content\/uploads\/2023\/03\/4T_512x512-1.png\",\"contentUrl\":\"https:\/\/4tec-engineering.com\/wp-content\/uploads\/2023\/03\/4T_512x512-1.png\",\"width\":512,\"height\":512,\"caption\":\"4Tec Engineering AG\"},\"image\":{\"@id\":\"https:\/\/4tec-engineering.com\/#\/schema\/logo\/image\/\"},\"sameAs\":[\"https:\/\/www.linkedin.com\/company\/4tec-engineering\"]}]}<\/script>\n<!-- \/ Yoast SEO plugin. -->","yoast_head_json":{"title":"Ideen Check - 4Tec Engineering","description":"Mit dem Ideen Check von 4Tec Engineering analysieren wir technische Machbarkeit, Marktpotenzial und Entwicklungschancen fr\u00fchzeitig fundiert und praxisnah.","robots":{"index":"index","follow":"follow","max-snippet":"max-snippet:-1","max-image-preview":"max-image-preview:large","max-video-preview":"max-video-preview:-1"},"canonical":"https:\/\/4tec-engineering.com\/en\/produktentwicklung\/angebot\/ideen-check\/","og_locale":"en_US","og_type":"article","og_title":"Ideen Check - 4Tec Engineering","og_description":"Mit dem Ideen Check von 4Tec Engineering analysieren wir technische Machbarkeit, Marktpotenzial und Entwicklungschancen fr\u00fchzeitig fundiert und praxisnah.","og_url":"https:\/\/4tec-engineering.com\/en\/produktentwicklung\/angebot\/ideen-check\/","og_site_name":"4Tec Engineering","article_modified_time":"2025-04-03T09:43:28+00:00","og_image":[{"width":2032,"height":601,"url":"https:\/\/4tec-engineering.com\/wp-content\/uploads\/2025\/03\/Angebot-Ideen-Check.jpg","type":"image\/jpeg"}],"twitter_card":"summary_large_image","twitter_misc":{"Est. reading time":"3 minutes"},"schema":{"@context":"https:\/\/schema.org","@graph":[{"@type":"WebPage","@id":"https:\/\/4tec-engineering.com\/produktentwicklung\/angebot\/ideen-check\/","url":"https:\/\/4tec-engineering.com\/produktentwicklung\/angebot\/ideen-check\/","name":"Ideen Check - 4Tec Engineering","isPartOf":{"@id":"https:\/\/4tec-engineering.com\/#website"},"primaryImageOfPage":{"@id":"https:\/\/4tec-engineering.com\/produktentwicklung\/angebot\/ideen-check\/#primaryimage"},"image":{"@id":"https:\/\/4tec-engineering.com\/produktentwicklung\/angebot\/ideen-check\/#primaryimage"},"thumbnailUrl":"https:\/\/4tec-engineering.com\/wp-content\/uploads\/2025\/03\/Angebot-Ideen-Check.jpg","datePublished":"2025-03-31T11:35:23+00:00","dateModified":"2025-04-03T09:43:28+00:00","description":"Mit dem Ideen Check von 4Tec Engineering analysieren wir technische Machbarkeit, Marktpotenzial und Entwicklungschancen fr\u00fchzeitig fundiert und praxisnah.","breadcrumb":{"@id":"https:\/\/4tec-engineering.com\/produktentwicklung\/angebot\/ideen-check\/#breadcrumb"},"inLanguage":"en-US","potentialAction":[{"@type":"ReadAction","target":["https:\/\/4tec-engineering.com\/produktentwicklung\/angebot\/ideen-check\/"]}]},{"@type":"ImageObject","inLanguage":"en-US","@id":"https:\/\/4tec-engineering.com\/produktentwicklung\/angebot\/ideen-check\/#primaryimage","url":"https:\/\/4tec-engineering.com\/wp-content\/uploads\/2025\/03\/Angebot-Ideen-Check.jpg","contentUrl":"https:\/\/4tec-engineering.com\/wp-content\/uploads\/2025\/03\/Angebot-Ideen-Check.jpg","width":2032,"height":601,"caption":"Angebot - Ideen Check"},{"@type":"BreadcrumbList","@id":"https:\/\/4tec-engineering.com\/produktentwicklung\/angebot\/ideen-check\/#breadcrumb","itemListElement":[{"@type":"ListItem","position":1,"name":"Startseite","item":"https:\/\/4tec-engineering.com\/"},{"@type":"ListItem","position":2,"name":"Home","item":"https:\/\/4tec-engineering.com\/"},{"@type":"ListItem","position":3,"name":"Angebot","item":"https:\/\/4tec-engineering.com\/produktentwicklung\/angebot\/"},{"@type":"ListItem","position":4,"name":"Ideen Check"}]},{"@type":"WebSite","@id":"https:\/\/4tec-engineering.com\/#website","url":"https:\/\/4tec-engineering.com\/","name":"4Tec Engineering","description":"Product development in Zurich","publisher":{"@id":"https:\/\/4tec-engineering.com\/#organization"},"alternateName":"4Tec","potentialAction":[{"@type":"SearchAction","target":{"@type":"EntryPoint","urlTemplate":"https:\/\/4tec-engineering.com\/?s={search_term_string}"},"query-input":{"@type":"PropertyValueSpecification","valueRequired":true,"valueName":"search_term_string"}}],"inLanguage":"en-US"},{"@type":"Organization","@id":"https:\/\/4tec-engineering.com\/#organization","name":"4Tec Engineering AG","alternateName":"4Tec Engineering AG","url":"https:\/\/4tec-engineering.com\/","logo":{"@type":"ImageObject","inLanguage":"en-US","@id":"https:\/\/4tec-engineering.com\/#\/schema\/logo\/image\/","url":"https:\/\/4tec-engineering.com\/wp-content\/uploads\/2023\/03\/4T_512x512-1.png","contentUrl":"https:\/\/4tec-engineering.com\/wp-content\/uploads\/2023\/03\/4T_512x512-1.png","width":512,"height":512,"caption":"4Tec Engineering AG"},"image":{"@id":"https:\/\/4tec-engineering.com\/#\/schema\/logo\/image\/"},"sameAs":["https:\/\/www.linkedin.com\/company\/4tec-engineering"]}]}},"_links":{"self":[{"href":"https:\/\/4tec-engineering.com\/en\/wp-json\/wp\/v2\/pages\/5842","targetHints":{"allow":["GET"]}}],"collection":[{"href":"https:\/\/4tec-engineering.com\/en\/wp-json\/wp\/v2\/pages"}],"about":[{"href":"https:\/\/4tec-engineering.com\/en\/wp-json\/wp\/v2\/types\/page"}],"author":[{"embeddable":true,"href":"https:\/\/4tec-engineering.com\/en\/wp-json\/wp\/v2\/users\/1"}],"replies":[{"embeddable":true,"href":"https:\/\/4tec-engineering.com\/en\/wp-json\/wp\/v2\/comments?post=5842"}],"version-history":[{"count":16,"href":"https:\/\/4tec-engineering.com\/en\/wp-json\/wp\/v2\/pages\/5842\/revisions"}],"predecessor-version":[{"id":6040,"href":"https:\/\/4tec-engineering.com\/en\/wp-json\/wp\/v2\/pages\/5842\/revisions\/6040"}],"up":[{"embeddable":true,"href":"https:\/\/4tec-engineering.com\/en\/wp-json\/wp\/v2\/pages\/5732"}],"wp:featuredmedia":[{"embeddable":true,"href":"https:\/\/4tec-engineering.com\/en\/wp-json\/wp\/v2\/media\/5815"}],"wp:attachment":[{"href":"https:\/\/4tec-engineering.com\/en\/wp-json\/wp\/v2\/media?parent=5842"}],"curies":[{"name":"wp","href":"https:\/\/api.w.org\/{rel}","templated":true}]}}