{"id":5789,"date":"2025-03-31T08:57:08","date_gmt":"2025-03-31T08:57:08","guid":{"rendered":"https:\/\/4tec-engineering.com\/?page_id=5789"},"modified":"2025-04-16T08:22:41","modified_gmt":"2025-04-16T08:22:41","slug":"experthour","status":"publish","type":"page","link":"https:\/\/4tec-engineering.com\/en\/produktentwicklung\/angebot\/experthour\/","title":{"rendered":"Expert hour"},"content":{"rendered":"<div data-elementor-type=\"wp-page\" data-elementor-id=\"5789\" class=\"elementor elementor-5789\" data-elementor-post-type=\"page\">\n\t\t\t\t\t\t<section class=\"elementor-section elementor-top-section elementor-element elementor-element-762d058f elementor-section-boxed elementor-section-height-default elementor-section-height-default\" data-id=\"762d058f\" data-element_type=\"section\">\n\t\t\t\t\t\t<div class=\"elementor-container elementor-column-gap-default\">\n\t\t\t\t\t<div class=\"elementor-column elementor-col-100 elementor-top-column elementor-element elementor-element-29de5086\" data-id=\"29de5086\" data-element_type=\"column\">\n\t\t\t<div class=\"elementor-widget-wrap elementor-element-populated\">\n\t\t\t\t\t\t<section class=\"elementor-section elementor-inner-section elementor-element elementor-element-349fc733 elementor-section-boxed elementor-section-height-default elementor-section-height-default\" data-id=\"349fc733\" data-element_type=\"section\">\n\t\t\t\t\t\t<div class=\"elementor-container elementor-column-gap-default\">\n\t\t\t\t\t<div class=\"elementor-column elementor-col-50 elementor-inner-column elementor-element elementor-element-6b238aec\" data-id=\"6b238aec\" data-element_type=\"column\">\n\t\t\t<div class=\"elementor-widget-wrap elementor-element-populated\">\n\t\t\t\t\t\t<div class=\"elementor-element elementor-element-2ccaa1ca elementor-position-left elementor-view-default elementor-mobile-position-top elementor-widget elementor-widget-icon-box\" data-id=\"2ccaa1ca\" data-element_type=\"widget\" data-widget_type=\"icon-box.default\">\n\t\t\t\t<div class=\"elementor-widget-container\">\n\t\t\t\t\t\t\t<div class=\"elementor-icon-box-wrapper\">\n\n\t\t\t\t\t\t<div class=\"elementor-icon-box-icon\">\n\t\t\t\t<a href=\"https:\/\/4tec-engineering.com\/en\/angebot\/\" class=\"elementor-icon\" tabindex=\"-1\" aria-label=\"Offer overview\">\n\t\t\t\t<i aria-hidden=\"true\" class=\"fas fa-arrow-left\"><\/i>\t\t\t\t<\/a>\n\t\t\t<\/div>\n\t\t\t\n\t\t\t\t\t\t<div class=\"elementor-icon-box-content\">\n\n\t\t\t\t\t\t\t\t\t<h3 class=\"elementor-icon-box-title\">\n\t\t\t\t\t\t<a href=\"https:\/\/4tec-engineering.com\/en\/angebot\/\" >\n\t\t\t\t\t\t\tOffer overview\t\t\t\t\t\t<\/a>\n\t\t\t\t\t<\/h3>\n\t\t\t\t\n\t\t\t\t\n\t\t\t<\/div>\n\t\t\t\n\t\t<\/div>\n\t\t\t\t\t\t<\/div>\n\t\t\t\t<\/div>\n\t\t\t\t<div class=\"elementor-element elementor-element-46619b3 elementor-position-right elementor-view-default elementor-mobile-position-top elementor-widget elementor-widget-icon-box\" data-id=\"46619b3\" data-element_type=\"widget\" data-widget_type=\"icon-box.default\">\n\t\t\t\t<div class=\"elementor-widget-container\">\n\t\t\t\t\t\t\t<div class=\"elementor-icon-box-wrapper\">\n\n\t\t\t\t\t\t<div class=\"elementor-icon-box-icon\">\n\t\t\t\t<a href=\"https:\/\/4tec-engineering.com\/en\/angebot\/ideen-check\/\" class=\"elementor-icon\" tabindex=\"-1\" aria-label=\"Next offer\">\n\t\t\t\t<i aria-hidden=\"true\" class=\"fas fa-arrow-right\"><\/i>\t\t\t\t<\/a>\n\t\t\t<\/div>\n\t\t\t\n\t\t\t\t\t\t<div class=\"elementor-icon-box-content\">\n\n\t\t\t\t\t\t\t\t\t<h3 class=\"elementor-icon-box-title\">\n\t\t\t\t\t\t<a href=\"https:\/\/4tec-engineering.com\/en\/angebot\/ideen-check\/\" >\n\t\t\t\t\t\t\tNext offer\t\t\t\t\t\t<\/a>\n\t\t\t\t\t<\/h3>\n\t\t\t\t\n\t\t\t\t\n\t\t\t<\/div>\n\t\t\t\n\t\t<\/div>\n\t\t\t\t\t\t<\/div>\n\t\t\t\t<\/div>\n\t\t\t\t\t<\/div>\n\t\t<\/div>\n\t\t\t\t<div class=\"elementor-column elementor-col-50 elementor-inner-column elementor-element elementor-element-18c9f0bb\" data-id=\"18c9f0bb\" data-element_type=\"column\">\n\t\t\t<div class=\"elementor-widget-wrap elementor-element-populated\">\n\t\t\t\t\t\t<div class=\"elementor-element elementor-element-1ee9c0a2 elementor-widget elementor-widget-image\" data-id=\"1ee9c0a2\" data-element_type=\"widget\" data-widget_type=\"image.default\">\n\t\t\t\t<div class=\"elementor-widget-container\">\n\t\t\t\t\t\t\t\t\t\t\t\t\t\t\t<img fetchpriority=\"high\" decoding=\"async\" width=\"2032\" height=\"601\" src=\"https:\/\/4tec-engineering.com\/wp-content\/uploads\/2025\/03\/Angebot-Expert-hour.jpg\" class=\"attachment-full size-full wp-image-5814\" alt=\"Angebot - Expert hour\" srcset=\"https:\/\/4tec-engineering.com\/wp-content\/uploads\/2025\/03\/Angebot-Expert-hour.jpg 2032w, https:\/\/4tec-engineering.com\/wp-content\/uploads\/2025\/03\/Angebot-Expert-hour-300x89.jpg 300w, https:\/\/4tec-engineering.com\/wp-content\/uploads\/2025\/03\/Angebot-Expert-hour-1024x303.jpg 1024w, https:\/\/4tec-engineering.com\/wp-content\/uploads\/2025\/03\/Angebot-Expert-hour-768x227.jpg 768w, https:\/\/4tec-engineering.com\/wp-content\/uploads\/2025\/03\/Angebot-Expert-hour-1536x454.jpg 1536w, https:\/\/4tec-engineering.com\/wp-content\/uploads\/2025\/03\/Angebot-Expert-hour-18x5.jpg 18w, https:\/\/4tec-engineering.com\/wp-content\/uploads\/2025\/03\/Angebot-Expert-hour-600x177.jpg 600w\" sizes=\"(max-width: 2032px) 100vw, 2032px\" \/>\t\t\t\t\t\t\t\t\t\t\t\t\t\t\t<\/div>\n\t\t\t\t<\/div>\n\t\t\t\t<div class=\"elementor-element elementor-element-78f37a1e elementor-widget elementor-widget-heading\" data-id=\"78f37a1e\" data-element_type=\"widget\" data-widget_type=\"heading.default\">\n\t\t\t\t<div class=\"elementor-widget-container\">\n\t\t\t\t\t<h2 class=\"elementor-heading-title elementor-size-default\">Expert hour<\/h2>\t\t\t\t<\/div>\n\t\t\t\t<\/div>\n\t\t\t\t<div class=\"elementor-element elementor-element-1a0a7de3 elementor-widget elementor-widget-text-editor\" data-id=\"1a0a7de3\" data-element_type=\"widget\" data-widget_type=\"text-editor.default\">\n\t\t\t\t<div class=\"elementor-widget-container\">\n\t\t\t\t\t\t\t\t\t<p class=\"\" data-start=\"131\" data-end=\"176\"><strong data-start=\"131\" data-end=\"174\">Expert Hour \u2013 Your idea, our expertise<\/strong><\/p><p class=\"\" data-start=\"178\" data-end=\"464\">You are at the beginning of a product idea or need a well-founded second opinion? The engineering consultation is a straightforward way to start working with our team. In one hour, we focus entirely on your questions \u2013 practical, honest and solution-oriented.<\/p><p class=\"\" data-start=\"466\" data-end=\"485\">What to expect:<\/p><ul data-start=\"486\" data-end=\"1091\"><li class=\"\" data-start=\"486\" data-end=\"657\"><p class=\"\" data-start=\"488\" data-end=\"657\"><strong data-start=\"488\" data-end=\"503\">Your question:<\/strong> Whether it's manufacturing methods, material selection or an initial cost estimate \u2013 we evaluate your concepts and provide you with a well-founded technical assessment.<\/p><\/li><li class=\"\" data-start=\"658\" data-end=\"806\"><p class=\"\" data-start=\"660\" data-end=\"806\"><strong data-start=\"660\" data-end=\"676\">One expert:<\/strong> An experienced product developer from our team with at least five years of project experience will personally support you.<\/p><\/li><li class=\"\" data-start=\"807\" data-end=\"925\"><p class=\"\" data-start=\"809\" data-end=\"925\"><strong data-start=\"809\" data-end=\"825\">One hour:<\/strong> By phone, online or on-site \u2013 we reserve one hour exclusively for your topic.<\/p><\/li><li class=\"\" data-start=\"926\" data-end=\"1091\"><p class=\"\" data-start=\"928\" data-end=\"1091\"><strong data-start=\"928\" data-end=\"954\">Actionable recommendations:<\/strong> You will receive clear suggestions on how to proceed \u2013 including suitable partners, methods, and next steps.<\/p><\/li><\/ul><p class=\"\" data-start=\"1093\" data-end=\"1215\">The Expert Hour moves you one decisive step forward with minimal effort. Fast, focused, and with clear added value. For <strong>100 CHF<\/strong> you receive one hour of focused expertise at eye level.\u00a0<\/p>\t\t\t\t\t\t\t\t<\/div>\n\t\t\t\t<\/div>\n\t\t\t\t<div class=\"elementor-element elementor-element-ac88674 elementor-widget elementor-widget-button\" data-id=\"ac88674\" data-element_type=\"widget\" data-widget_type=\"button.default\">\n\t\t\t\t<div class=\"elementor-widget-container\">\n\t\t\t\t\t\t\t\t\t<div class=\"elementor-button-wrapper\">\n\t\t\t\t\t<a class=\"elementor-button elementor-button-link elementor-size-sm\" href=\"https:\/\/outlook.office.com\/book\/G10fd8f273d0b4eebbfffa062339e14dc@4tec-engineering.com\/s\/quQcvMLgCk6Iwojp72gDWQ2\" target=\"_blank\">\n\t\t\t\t\t\t<span class=\"elementor-button-content-wrapper\">\n\t\t\t\t\t\t\t\t\t<span class=\"elementor-button-text\">Book appointment<\/span>\n\t\t\t\t\t<\/span>\n\t\t\t\t\t<\/a>\n\t\t\t\t<\/div>\n\t\t\t\t\t\t\t\t<\/div>\n\t\t\t\t<\/div>\n\t\t\t\t<div class=\"elementor-element elementor-element-6cbbb4aa elementor-widget elementor-widget-text-editor\" data-id=\"6cbbb4aa\" data-element_type=\"widget\" data-widget_type=\"text-editor.default\">\n\t\t\t\t<div class=\"elementor-widget-container\">\n\t\t\t\t\t\t\t\t\t<p class=\"\" data-start=\"162\" data-end=\"198\"><strong data-start=\"162\" data-end=\"198\">Terms &amp; Conditions<\/strong><\/p><ul data-start=\"200\" data-end=\"1294\"><li class=\"\" data-start=\"200\" data-end=\"426\"><p class=\"\" data-start=\"202\" data-end=\"426\"><strong data-start=\"202\" data-end=\"222\">Scope of services:<\/strong> The Expert Hour includes a one-hour consultation on a product development topic of your choice. The consultation can take place by phone, via online meeting or on-site in Zurich. A meeting at another location is also possible by arrangement.\u00a0<\/p><\/li><li class=\"\" data-start=\"427\" data-end=\"540\"><p class=\"\" data-start=\"429\" data-end=\"540\"><strong data-start=\"429\" data-end=\"440\">Costs:<\/strong> The flat rate is 100 CHF (excl. VAT). The amount will be invoiced after the session.<\/p><\/li><li class=\"\" data-start=\"541\" data-end=\"788\"><p class=\"\" data-start=\"543\" data-end=\"788\"><strong data-start=\"543\" data-end=\"566\">Appointment scheduling:<\/strong> The appointment is scheduled individually. Cancellations or rescheduling are free of charge up to 24 hours before the session. In case of short-notice cancellations or no-shows, we reserve the right to charge the full amount.<\/p><\/li><li class=\"\" data-start=\"789\" data-end=\"966\"><p class=\"\" data-start=\"791\" data-end=\"966\"><strong data-start=\"791\" data-end=\"811\">Confidentiality:<\/strong> All information you share with us will be treated confidentially. We are happy to sign a non-disclosure agreement (NDA) in advance upon request.<\/p><\/li><li class=\"\" data-start=\"967\" data-end=\"1124\"><p class=\"\" data-start=\"969\" data-end=\"1124\"><strong data-start=\"969\" data-end=\"987\">Open outcome:<\/strong> The Expert Hour provides a professional assessment. It does not replace a full technical analysis or detailed project planning.<\/p><\/li><li class=\"\" data-start=\"1125\" data-end=\"1294\"><p class=\"\" data-start=\"1127\" data-end=\"1294\"><strong data-start=\"1127\" data-end=\"1139\">Liability:<\/strong> The consultation is provided to the best of our knowledge and belief, but without any guarantee of completeness or future feasibility of the discussed content.<\/p><\/li><\/ul>\t\t\t\t\t\t\t\t<\/div>\n\t\t\t\t<\/div>\n\t\t\t\t\t<\/div>\n\t\t<\/div>\n\t\t\t\t\t<\/div>\n\t\t<\/section>\n\t\t\t\t\t<\/div>\n\t\t<\/div>\n\t\t\t\t\t<\/div>\n\t\t<\/section>\n\t\t\t\t<\/div>","protected":false},"excerpt":{"rendered":"<p>Expert Hour: Technische Expertise auf den Punkt gebracht<\/p>\n<p>Sie brauchen kurzfristig eine zweite Meinung oder gezielten Input zu einer technischen Fragestellung? In der Expert Hour erhalten Sie direkten Zugang zu unserem Know-how in Kunststofftechnik, Mechanik und Produktentwicklung. Unkompliziert, fokussiert und praxisnah \u2013 ideal f\u00fcr schnelle Analysen, Einsch\u00e4tzungen oder Entscheidungsgrundlagen. F\u00fcr alle, die fundierte Antworten suchen, ohne gleich ein ganzes Projekt aufzusetzen.<\/p>","protected":false},"author":1,"featured_media":5814,"parent":5732,"menu_order":0,"comment_status":"closed","ping_status":"closed","template":"","meta":{"footnotes":""},"class_list":["post-5789","page","type-page","status-publish","has-post-thumbnail","hentry"],"yoast_head":"<!-- This site is optimized with the Yoast SEO plugin v26.6 - https:\/\/yoast.com\/wordpress\/plugins\/seo\/ -->\n<title>Expert hour - 4Tec Engineering<\/title>\n<meta name=\"description\" content=\"In der Expert Hour erhalten Sie direkten Zugang zu technischem Knowhow bei 4Tec Engineering. F\u00fcr schnelle Analysen fundierte Meinungen und konkrete Empfehlungen.\" \/>\n<meta name=\"robots\" content=\"index, follow, max-snippet:-1, max-image-preview:large, max-video-preview:-1\" \/>\n<link rel=\"canonical\" href=\"https:\/\/4tec-engineering.com\/en\/produktentwicklung\/angebot\/experthour\/\" \/>\n<meta property=\"og:locale\" content=\"en_US\" \/>\n<meta property=\"og:type\" content=\"article\" \/>\n<meta property=\"og:title\" content=\"Expert hour - 4Tec Engineering\" \/>\n<meta property=\"og:description\" content=\"In der Expert Hour erhalten Sie direkten Zugang zu technischem Knowhow bei 4Tec Engineering. F\u00fcr schnelle Analysen fundierte Meinungen und konkrete Empfehlungen.\" \/>\n<meta property=\"og:url\" content=\"https:\/\/4tec-engineering.com\/en\/produktentwicklung\/angebot\/experthour\/\" \/>\n<meta property=\"og:site_name\" content=\"4Tec Engineering\" \/>\n<meta property=\"article:modified_time\" content=\"2025-04-16T08:22:41+00:00\" \/>\n<meta property=\"og:image\" content=\"https:\/\/4tec-engineering.com\/wp-content\/uploads\/2025\/03\/Angebot-Expert-hour.jpg\" \/>\n\t<meta property=\"og:image:width\" content=\"2032\" \/>\n\t<meta property=\"og:image:height\" content=\"601\" \/>\n\t<meta property=\"og:image:type\" content=\"image\/jpeg\" \/>\n<meta name=\"twitter:card\" content=\"summary_large_image\" \/>\n<meta name=\"twitter:label1\" content=\"Est. reading time\" \/>\n\t<meta name=\"twitter:data1\" content=\"2 minutes\" \/>\n<script type=\"application\/ld+json\" class=\"yoast-schema-graph\">{\"@context\":\"https:\/\/schema.org\",\"@graph\":[{\"@type\":\"WebPage\",\"@id\":\"https:\/\/4tec-engineering.com\/produktentwicklung\/angebot\/experthour\/\",\"url\":\"https:\/\/4tec-engineering.com\/produktentwicklung\/angebot\/experthour\/\",\"name\":\"Expert hour - 4Tec Engineering\",\"isPartOf\":{\"@id\":\"https:\/\/4tec-engineering.com\/#website\"},\"primaryImageOfPage\":{\"@id\":\"https:\/\/4tec-engineering.com\/produktentwicklung\/angebot\/experthour\/#primaryimage\"},\"image\":{\"@id\":\"https:\/\/4tec-engineering.com\/produktentwicklung\/angebot\/experthour\/#primaryimage\"},\"thumbnailUrl\":\"https:\/\/4tec-engineering.com\/wp-content\/uploads\/2025\/03\/Angebot-Expert-hour.jpg\",\"datePublished\":\"2025-03-31T08:57:08+00:00\",\"dateModified\":\"2025-04-16T08:22:41+00:00\",\"description\":\"In der Expert Hour erhalten Sie direkten Zugang zu technischem Knowhow bei 4Tec Engineering. F\u00fcr schnelle Analysen fundierte Meinungen und konkrete Empfehlungen.\",\"breadcrumb\":{\"@id\":\"https:\/\/4tec-engineering.com\/produktentwicklung\/angebot\/experthour\/#breadcrumb\"},\"inLanguage\":\"en-US\",\"potentialAction\":[{\"@type\":\"ReadAction\",\"target\":[\"https:\/\/4tec-engineering.com\/produktentwicklung\/angebot\/experthour\/\"]}]},{\"@type\":\"ImageObject\",\"inLanguage\":\"en-US\",\"@id\":\"https:\/\/4tec-engineering.com\/produktentwicklung\/angebot\/experthour\/#primaryimage\",\"url\":\"https:\/\/4tec-engineering.com\/wp-content\/uploads\/2025\/03\/Angebot-Expert-hour.jpg\",\"contentUrl\":\"https:\/\/4tec-engineering.com\/wp-content\/uploads\/2025\/03\/Angebot-Expert-hour.jpg\",\"width\":2032,\"height\":601,\"caption\":\"Angebot - Expert hour\"},{\"@type\":\"BreadcrumbList\",\"@id\":\"https:\/\/4tec-engineering.com\/produktentwicklung\/angebot\/experthour\/#breadcrumb\",\"itemListElement\":[{\"@type\":\"ListItem\",\"position\":1,\"name\":\"Startseite\",\"item\":\"https:\/\/4tec-engineering.com\/\"},{\"@type\":\"ListItem\",\"position\":2,\"name\":\"Home\",\"item\":\"https:\/\/4tec-engineering.com\/\"},{\"@type\":\"ListItem\",\"position\":3,\"name\":\"Angebot\",\"item\":\"https:\/\/4tec-engineering.com\/produktentwicklung\/angebot\/\"},{\"@type\":\"ListItem\",\"position\":4,\"name\":\"Expert hour\"}]},{\"@type\":\"WebSite\",\"@id\":\"https:\/\/4tec-engineering.com\/#website\",\"url\":\"https:\/\/4tec-engineering.com\/\",\"name\":\"4Tec Engineering\",\"description\":\"Produktentwicklung in Z\u00fcrich\",\"publisher\":{\"@id\":\"https:\/\/4tec-engineering.com\/#organization\"},\"alternateName\":\"4Tec\",\"potentialAction\":[{\"@type\":\"SearchAction\",\"target\":{\"@type\":\"EntryPoint\",\"urlTemplate\":\"https:\/\/4tec-engineering.com\/?s={search_term_string}\"},\"query-input\":{\"@type\":\"PropertyValueSpecification\",\"valueRequired\":true,\"valueName\":\"search_term_string\"}}],\"inLanguage\":\"en-US\"},{\"@type\":\"Organization\",\"@id\":\"https:\/\/4tec-engineering.com\/#organization\",\"name\":\"4Tec Engineering AG\",\"alternateName\":\"4Tec Engineering AG\",\"url\":\"https:\/\/4tec-engineering.com\/\",\"logo\":{\"@type\":\"ImageObject\",\"inLanguage\":\"en-US\",\"@id\":\"https:\/\/4tec-engineering.com\/#\/schema\/logo\/image\/\",\"url\":\"https:\/\/4tec-engineering.com\/wp-content\/uploads\/2023\/03\/4T_512x512-1.png\",\"contentUrl\":\"https:\/\/4tec-engineering.com\/wp-content\/uploads\/2023\/03\/4T_512x512-1.png\",\"width\":512,\"height\":512,\"caption\":\"4Tec Engineering AG\"},\"image\":{\"@id\":\"https:\/\/4tec-engineering.com\/#\/schema\/logo\/image\/\"},\"sameAs\":[\"https:\/\/www.linkedin.com\/company\/4tec-engineering\"]}]}<\/script>\n<!-- \/ Yoast SEO plugin. -->","yoast_head_json":{"title":"Expert hour - 4Tec Engineering","description":"In der Expert Hour erhalten Sie direkten Zugang zu technischem Knowhow bei 4Tec Engineering. F\u00fcr schnelle Analysen fundierte Meinungen und konkrete Empfehlungen.","robots":{"index":"index","follow":"follow","max-snippet":"max-snippet:-1","max-image-preview":"max-image-preview:large","max-video-preview":"max-video-preview:-1"},"canonical":"https:\/\/4tec-engineering.com\/en\/produktentwicklung\/angebot\/experthour\/","og_locale":"en_US","og_type":"article","og_title":"Expert hour - 4Tec Engineering","og_description":"In der Expert Hour erhalten Sie direkten Zugang zu technischem Knowhow bei 4Tec Engineering. F\u00fcr schnelle Analysen fundierte Meinungen und konkrete Empfehlungen.","og_url":"https:\/\/4tec-engineering.com\/en\/produktentwicklung\/angebot\/experthour\/","og_site_name":"4Tec Engineering","article_modified_time":"2025-04-16T08:22:41+00:00","og_image":[{"width":2032,"height":601,"url":"https:\/\/4tec-engineering.com\/wp-content\/uploads\/2025\/03\/Angebot-Expert-hour.jpg","type":"image\/jpeg"}],"twitter_card":"summary_large_image","twitter_misc":{"Est. reading time":"2 minutes"},"schema":{"@context":"https:\/\/schema.org","@graph":[{"@type":"WebPage","@id":"https:\/\/4tec-engineering.com\/produktentwicklung\/angebot\/experthour\/","url":"https:\/\/4tec-engineering.com\/produktentwicklung\/angebot\/experthour\/","name":"Expert hour - 4Tec Engineering","isPartOf":{"@id":"https:\/\/4tec-engineering.com\/#website"},"primaryImageOfPage":{"@id":"https:\/\/4tec-engineering.com\/produktentwicklung\/angebot\/experthour\/#primaryimage"},"image":{"@id":"https:\/\/4tec-engineering.com\/produktentwicklung\/angebot\/experthour\/#primaryimage"},"thumbnailUrl":"https:\/\/4tec-engineering.com\/wp-content\/uploads\/2025\/03\/Angebot-Expert-hour.jpg","datePublished":"2025-03-31T08:57:08+00:00","dateModified":"2025-04-16T08:22:41+00:00","description":"In der Expert Hour erhalten Sie direkten Zugang zu technischem Knowhow bei 4Tec Engineering. F\u00fcr schnelle Analysen fundierte Meinungen und konkrete Empfehlungen.","breadcrumb":{"@id":"https:\/\/4tec-engineering.com\/produktentwicklung\/angebot\/experthour\/#breadcrumb"},"inLanguage":"en-US","potentialAction":[{"@type":"ReadAction","target":["https:\/\/4tec-engineering.com\/produktentwicklung\/angebot\/experthour\/"]}]},{"@type":"ImageObject","inLanguage":"en-US","@id":"https:\/\/4tec-engineering.com\/produktentwicklung\/angebot\/experthour\/#primaryimage","url":"https:\/\/4tec-engineering.com\/wp-content\/uploads\/2025\/03\/Angebot-Expert-hour.jpg","contentUrl":"https:\/\/4tec-engineering.com\/wp-content\/uploads\/2025\/03\/Angebot-Expert-hour.jpg","width":2032,"height":601,"caption":"Angebot - Expert hour"},{"@type":"BreadcrumbList","@id":"https:\/\/4tec-engineering.com\/produktentwicklung\/angebot\/experthour\/#breadcrumb","itemListElement":[{"@type":"ListItem","position":1,"name":"Startseite","item":"https:\/\/4tec-engineering.com\/"},{"@type":"ListItem","position":2,"name":"Home","item":"https:\/\/4tec-engineering.com\/"},{"@type":"ListItem","position":3,"name":"Angebot","item":"https:\/\/4tec-engineering.com\/produktentwicklung\/angebot\/"},{"@type":"ListItem","position":4,"name":"Expert hour"}]},{"@type":"WebSite","@id":"https:\/\/4tec-engineering.com\/#website","url":"https:\/\/4tec-engineering.com\/","name":"4Tec Engineering","description":"Product development in Zurich","publisher":{"@id":"https:\/\/4tec-engineering.com\/#organization"},"alternateName":"4Tec","potentialAction":[{"@type":"SearchAction","target":{"@type":"EntryPoint","urlTemplate":"https:\/\/4tec-engineering.com\/?s={search_term_string}"},"query-input":{"@type":"PropertyValueSpecification","valueRequired":true,"valueName":"search_term_string"}}],"inLanguage":"en-US"},{"@type":"Organization","@id":"https:\/\/4tec-engineering.com\/#organization","name":"4Tec Engineering AG","alternateName":"4Tec Engineering AG","url":"https:\/\/4tec-engineering.com\/","logo":{"@type":"ImageObject","inLanguage":"en-US","@id":"https:\/\/4tec-engineering.com\/#\/schema\/logo\/image\/","url":"https:\/\/4tec-engineering.com\/wp-content\/uploads\/2023\/03\/4T_512x512-1.png","contentUrl":"https:\/\/4tec-engineering.com\/wp-content\/uploads\/2023\/03\/4T_512x512-1.png","width":512,"height":512,"caption":"4Tec Engineering AG"},"image":{"@id":"https:\/\/4tec-engineering.com\/#\/schema\/logo\/image\/"},"sameAs":["https:\/\/www.linkedin.com\/company\/4tec-engineering"]}]}},"_links":{"self":[{"href":"https:\/\/4tec-engineering.com\/en\/wp-json\/wp\/v2\/pages\/5789","targetHints":{"allow":["GET"]}}],"collection":[{"href":"https:\/\/4tec-engineering.com\/en\/wp-json\/wp\/v2\/pages"}],"about":[{"href":"https:\/\/4tec-engineering.com\/en\/wp-json\/wp\/v2\/types\/page"}],"author":[{"embeddable":true,"href":"https:\/\/4tec-engineering.com\/en\/wp-json\/wp\/v2\/users\/1"}],"replies":[{"embeddable":true,"href":"https:\/\/4tec-engineering.com\/en\/wp-json\/wp\/v2\/comments?post=5789"}],"version-history":[{"count":41,"href":"https:\/\/4tec-engineering.com\/en\/wp-json\/wp\/v2\/pages\/5789\/revisions"}],"predecessor-version":[{"id":6045,"href":"https:\/\/4tec-engineering.com\/en\/wp-json\/wp\/v2\/pages\/5789\/revisions\/6045"}],"up":[{"embeddable":true,"href":"https:\/\/4tec-engineering.com\/en\/wp-json\/wp\/v2\/pages\/5732"}],"wp:featuredmedia":[{"embeddable":true,"href":"https:\/\/4tec-engineering.com\/en\/wp-json\/wp\/v2\/media\/5814"}],"wp:attachment":[{"href":"https:\/\/4tec-engineering.com\/en\/wp-json\/wp\/v2\/media?parent=5789"}],"curies":[{"name":"wp","href":"https:\/\/api.w.org\/{rel}","templated":true}]}}