{"id":5724,"date":"2025-03-20T13:15:45","date_gmt":"2025-03-20T13:15:45","guid":{"rendered":"https:\/\/4tec-engineering.com\/?page_id=5724"},"modified":"2025-04-03T09:25:36","modified_gmt":"2025-04-03T09:25:36","slug":"hellmut-ruck","status":"publish","type":"page","link":"https:\/\/4tec-engineering.com\/en\/hellmut-ruck\/","title":{"rendered":"Hellmut Ruck"},"content":{"rendered":"<div data-elementor-type=\"wp-page\" data-elementor-id=\"5724\" class=\"elementor elementor-5724\" data-elementor-post-type=\"page\">\n\t\t\t\t\t\t<section class=\"elementor-section elementor-top-section elementor-element elementor-element-77c20dff elementor-section-boxed elementor-section-height-default elementor-section-height-default\" data-id=\"77c20dff\" data-element_type=\"section\">\n\t\t\t\t\t\t<div class=\"elementor-container elementor-column-gap-default\">\n\t\t\t\t\t<div class=\"elementor-column elementor-col-100 elementor-top-column elementor-element elementor-element-6b1cb8c2\" data-id=\"6b1cb8c2\" data-element_type=\"column\">\n\t\t\t<div class=\"elementor-widget-wrap elementor-element-populated\">\n\t\t\t\t\t\t<section class=\"elementor-section elementor-inner-section elementor-element elementor-element-12dc1ec1 elementor-section-boxed elementor-section-height-default elementor-section-height-default\" data-id=\"12dc1ec1\" data-element_type=\"section\">\n\t\t\t\t\t\t<div class=\"elementor-container elementor-column-gap-default\">\n\t\t\t\t\t<div class=\"elementor-column elementor-col-50 elementor-inner-column elementor-element elementor-element-4ecfeda7\" data-id=\"4ecfeda7\" data-element_type=\"column\">\n\t\t\t<div class=\"elementor-widget-wrap elementor-element-populated\">\n\t\t\t\t\t\t<div class=\"elementor-element elementor-element-100f8fe3 elementor-position-left elementor-view-default elementor-mobile-position-top elementor-widget elementor-widget-icon-box\" data-id=\"100f8fe3\" data-element_type=\"widget\" data-widget_type=\"icon-box.default\">\n\t\t\t\t<div class=\"elementor-widget-container\">\n\t\t\t\t\t\t\t<div class=\"elementor-icon-box-wrapper\">\n\n\t\t\t\t\t\t<div class=\"elementor-icon-box-icon\">\n\t\t\t\t<a href=\"https:\/\/4tec-engineering.com\/en\/home\/projekte\/#Projekte\" class=\"elementor-icon\" tabindex=\"-1\" aria-label=\"All projects\">\n\t\t\t\t<i aria-hidden=\"true\" class=\"fas fa-arrow-left\"><\/i>\t\t\t\t<\/a>\n\t\t\t<\/div>\n\t\t\t\n\t\t\t\t\t\t<div class=\"elementor-icon-box-content\">\n\n\t\t\t\t\t\t\t\t\t<h3 class=\"elementor-icon-box-title\">\n\t\t\t\t\t\t<a href=\"https:\/\/4tec-engineering.com\/en\/home\/projekte\/#Projekte\" >\n\t\t\t\t\t\t\tAll projects\t\t\t\t\t\t<\/a>\n\t\t\t\t\t<\/h3>\n\t\t\t\t\n\t\t\t\t\n\t\t\t<\/div>\n\t\t\t\n\t\t<\/div>\n\t\t\t\t\t\t<\/div>\n\t\t\t\t<\/div>\n\t\t\t\t<div class=\"elementor-element elementor-element-268f47ff elementor-position-right elementor-view-default elementor-mobile-position-top elementor-widget elementor-widget-icon-box\" data-id=\"268f47ff\" data-element_type=\"widget\" data-widget_type=\"icon-box.default\">\n\t\t\t\t<div class=\"elementor-widget-container\">\n\t\t\t\t\t\t\t<div class=\"elementor-icon-box-wrapper\">\n\n\t\t\t\t\t\t<div class=\"elementor-icon-box-icon\">\n\t\t\t\t<span  class=\"elementor-icon\">\n\t\t\t\t<i aria-hidden=\"true\" class=\"fas fa-arrow-right\"><\/i>\t\t\t\t<\/span>\n\t\t\t<\/div>\n\t\t\t\n\t\t\t\t\t\t<div class=\"elementor-icon-box-content\">\n\n\t\t\t\t\t\t\t\t\t<h3 class=\"elementor-icon-box-title\">\n\t\t\t\t\t\t<span  >\n\t\t\t\t\t\t\tNext Project\t\t\t\t\t\t<\/span>\n\t\t\t\t\t<\/h3>\n\t\t\t\t\n\t\t\t\t\n\t\t\t<\/div>\n\t\t\t\n\t\t<\/div>\n\t\t\t\t\t\t<\/div>\n\t\t\t\t<\/div>\n\t\t\t\t\t<\/div>\n\t\t<\/div>\n\t\t\t\t<div class=\"elementor-column elementor-col-50 elementor-inner-column elementor-element elementor-element-4dc32d30\" data-id=\"4dc32d30\" data-element_type=\"column\">\n\t\t\t<div class=\"elementor-widget-wrap elementor-element-populated\">\n\t\t\t\t\t\t<div class=\"elementor-element elementor-element-436495c5 elementor-widget elementor-widget-image\" data-id=\"436495c5\" data-element_type=\"widget\" data-widget_type=\"image.default\">\n\t\t\t\t<div class=\"elementor-widget-container\">\n\t\t\t\t\t\t\t\t\t\t\t\t\t\t\t<img fetchpriority=\"high\" decoding=\"async\" width=\"2032\" height=\"601\" src=\"https:\/\/4tec-engineering.com\/wp-content\/uploads\/2025\/03\/Hellmut-Ruck-Mobil-System-01.jpg\" class=\"attachment-full size-full wp-image-5802\" alt=\"Hellmut Ruck - Mobil System - 01\" srcset=\"https:\/\/4tec-engineering.com\/wp-content\/uploads\/2025\/03\/Hellmut-Ruck-Mobil-System-01.jpg 2032w, https:\/\/4tec-engineering.com\/wp-content\/uploads\/2025\/03\/Hellmut-Ruck-Mobil-System-01-300x89.jpg 300w, https:\/\/4tec-engineering.com\/wp-content\/uploads\/2025\/03\/Hellmut-Ruck-Mobil-System-01-1024x303.jpg 1024w, https:\/\/4tec-engineering.com\/wp-content\/uploads\/2025\/03\/Hellmut-Ruck-Mobil-System-01-768x227.jpg 768w, https:\/\/4tec-engineering.com\/wp-content\/uploads\/2025\/03\/Hellmut-Ruck-Mobil-System-01-1536x454.jpg 1536w, https:\/\/4tec-engineering.com\/wp-content\/uploads\/2025\/03\/Hellmut-Ruck-Mobil-System-01-18x5.jpg 18w, https:\/\/4tec-engineering.com\/wp-content\/uploads\/2025\/03\/Hellmut-Ruck-Mobil-System-01-600x177.jpg 600w\" sizes=\"(max-width: 2032px) 100vw, 2032px\" \/>\t\t\t\t\t\t\t\t\t\t\t\t\t\t\t<\/div>\n\t\t\t\t<\/div>\n\t\t\t\t<div class=\"elementor-element elementor-element-4f590a2 elementor-widget elementor-widget-heading\" data-id=\"4f590a2\" data-element_type=\"widget\" data-widget_type=\"heading.default\">\n\t\t\t\t<div class=\"elementor-widget-container\">\n\t\t\t\t\t<h2 class=\"elementor-heading-title elementor-size-default\">Hellmut Ruck - Mobilsystem<\/h2>\t\t\t\t<\/div>\n\t\t\t\t<\/div>\n\t\t\t\t<div class=\"elementor-element elementor-element-1a6b6f62 elementor-widget elementor-widget-text-editor\" data-id=\"1a6b6f62\" data-element_type=\"widget\" data-widget_type=\"text-editor.default\">\n\t\t\t\t<div class=\"elementor-widget-container\">\n\t\t\t\t\t\t\t\t\tYear: 2024<br>\n<br>\nOur services: Mechanical development<br>\n<br>\nCustomer:\u00a0<a href=\"https:\/\/hellmut-ruck.de\/\"><span style=\"color: #2095c1\">Hellmut-Ruck GmbH<\/span><\/a>\t\t\t\t\t\t\t\t<\/div>\n\t\t\t\t<\/div>\n\t\t\t\t<div class=\"elementor-element elementor-element-70f3488c elementor-widget elementor-widget-text-editor\" data-id=\"70f3488c\" data-element_type=\"widget\" data-widget_type=\"text-editor.default\">\n\t\t\t\t<div class=\"elementor-widget-container\">\n\t\t\t\t\t\t\t\t\t<p data-pm-slice=\"1 1 []\">Das RUCK\u00ae Mobilsystem steht f\u00fcr intelligente Funktionalit\u00e4t und h\u00f6chste Mobilit\u00e4t in der Heim- und Hausbehandlung. Wir bei 4Tec-Engineering AG durften die mechanische Entwicklung dieses innovativen Systems umsetzen.<\/p><p>Unsere Aufgabe: ein leichtg\u00e4ngiges, robustes und dennoch elegantes Fahrgestell zu entwickeln, das die Anforderungen im Praxisalltag perfekt erf\u00fcllt. Dank unserer umfassenden Expertise in mechanischem Design haben wir eine Konstruktion entwickelt, die sowohl flexibel als auch langlebig ist und sich intuitiv bedienen l\u00e4sst.<\/p><p>Vom ersten Konzept bis zur fertigen Serie haben wir eng mit dem Team von Hellmut Ruck zusammengearbeitet und alle mechanischen Details f\u00fcr eine effiziente Fertigung optimiert.<\/p>\t\t\t\t\t\t\t\t<\/div>\n\t\t\t\t<\/div>\n\t\t\t\t<div class=\"elementor-element elementor-element-63a75cdc elementor-widget elementor-widget-gallery\" data-id=\"63a75cdc\" data-element_type=\"widget\" data-settings=\"{&quot;lazyload&quot;:&quot;yes&quot;,&quot;gallery_layout&quot;:&quot;grid&quot;,&quot;columns&quot;:4,&quot;columns_tablet&quot;:2,&quot;columns_mobile&quot;:1,&quot;gap&quot;:{&quot;unit&quot;:&quot;px&quot;,&quot;size&quot;:10,&quot;sizes&quot;:[]},&quot;gap_tablet&quot;:{&quot;unit&quot;:&quot;px&quot;,&quot;size&quot;:10,&quot;sizes&quot;:[]},&quot;gap_mobile&quot;:{&quot;unit&quot;:&quot;px&quot;,&quot;size&quot;:10,&quot;sizes&quot;:[]},&quot;link_to&quot;:&quot;file&quot;,&quot;aspect_ratio&quot;:&quot;3:2&quot;,&quot;overlay_background&quot;:&quot;yes&quot;,&quot;content_hover_animation&quot;:&quot;fade-in&quot;}\" data-widget_type=\"gallery.default\">\n\t\t\t\t<div class=\"elementor-widget-container\">\n\t\t\t\t\t\t\t<div class=\"elementor-gallery__container\">\n\t\t\t\t\t\t\t<a class=\"e-gallery-item elementor-gallery-item elementor-animated-content\" href=\"https:\/\/4tec-engineering.com\/wp-content\/uploads\/2025\/03\/Hellmut-Ruck-Mobil-System-02.jpg\" data-elementor-open-lightbox=\"yes\" data-elementor-lightbox-slideshow=\"63a75cdc\" data-elementor-lightbox-title=\"Hellmut Ruck - Mobil System - 02\" data-elementor-lightbox-description=\"Kachel\" data-e-action-hash=\"#elementor-action%3Aaction%3Dlightbox%26settings%3DeyJpZCI6NTgwMywidXJsIjoiaHR0cHM6XC9cLzR0ZWMtZW5naW5lZXJpbmcuY29tXC93cC1jb250ZW50XC91cGxvYWRzXC8yMDI1XC8wM1wvSGVsbG11dC1SdWNrLU1vYmlsLVN5c3RlbS0wMi5qcGciLCJzbGlkZXNob3ciOiI2M2E3NWNkYyJ9\">\n\t\t\t\t\t<div class=\"e-gallery-image elementor-gallery-item__image\" data-thumbnail=\"https:\/\/4tec-engineering.com\/wp-content\/uploads\/2025\/03\/Hellmut-Ruck-Mobil-System-02-300x225.jpg\" data-width=\"300\" data-height=\"225\" aria-label=\"Hellmut Ruck - Mobil System - 02\" role=\"img\" ><\/div>\n\t\t\t\t\t\t\t\t\t\t\t<div class=\"elementor-gallery-item__overlay\"><\/div>\n\t\t\t\t\t\t\t\t\t\t\t\t\t\t<\/a>\n\t\t\t\t\t\t\t<a class=\"e-gallery-item elementor-gallery-item elementor-animated-content\" href=\"https:\/\/4tec-engineering.com\/wp-content\/uploads\/2025\/03\/Hellmut-Ruck-Mobil-System-06.webp\" data-elementor-open-lightbox=\"yes\" data-elementor-lightbox-slideshow=\"63a75cdc\" data-elementor-lightbox-title=\"Hellmut Ruck - Mobil System - 06\" data-elementor-lightbox-description=\"Kachel\" data-e-action-hash=\"#elementor-action%3Aaction%3Dlightbox%26settings%3DeyJpZCI6NTgwNywidXJsIjoiaHR0cHM6XC9cLzR0ZWMtZW5naW5lZXJpbmcuY29tXC93cC1jb250ZW50XC91cGxvYWRzXC8yMDI1XC8wM1wvSGVsbG11dC1SdWNrLU1vYmlsLVN5c3RlbS0wNi53ZWJwIiwic2xpZGVzaG93IjoiNjNhNzVjZGMifQ%3D%3D\">\n\t\t\t\t\t<div class=\"e-gallery-image elementor-gallery-item__image\" data-thumbnail=\"https:\/\/4tec-engineering.com\/wp-content\/uploads\/2025\/03\/Hellmut-Ruck-Mobil-System-06-300x225.webp\" data-width=\"300\" data-height=\"225\" aria-label=\"Hellmut Ruck - Mobil System - 06\" role=\"img\" ><\/div>\n\t\t\t\t\t\t\t\t\t\t\t<div class=\"elementor-gallery-item__overlay\"><\/div>\n\t\t\t\t\t\t\t\t\t\t\t\t\t\t<\/a>\n\t\t\t\t\t\t\t<a class=\"e-gallery-item elementor-gallery-item elementor-animated-content\" href=\"https:\/\/4tec-engineering.com\/wp-content\/uploads\/2025\/03\/Hellmut-Ruck-Mobil-System-04.jpg\" data-elementor-open-lightbox=\"yes\" data-elementor-lightbox-slideshow=\"63a75cdc\" data-elementor-lightbox-title=\"Hellmut Ruck - Mobil System - 04\" data-elementor-lightbox-description=\"Kachel\" data-e-action-hash=\"#elementor-action%3Aaction%3Dlightbox%26settings%3DeyJpZCI6NTgwNSwidXJsIjoiaHR0cHM6XC9cLzR0ZWMtZW5naW5lZXJpbmcuY29tXC93cC1jb250ZW50XC91cGxvYWRzXC8yMDI1XC8wM1wvSGVsbG11dC1SdWNrLU1vYmlsLVN5c3RlbS0wNC5qcGciLCJzbGlkZXNob3ciOiI2M2E3NWNkYyJ9\">\n\t\t\t\t\t<div class=\"e-gallery-image elementor-gallery-item__image\" data-thumbnail=\"https:\/\/4tec-engineering.com\/wp-content\/uploads\/2025\/03\/Hellmut-Ruck-Mobil-System-04-300x225.jpg\" data-width=\"300\" data-height=\"225\" aria-label=\"Hellmut Ruck - Mobil System - 04\" role=\"img\" ><\/div>\n\t\t\t\t\t\t\t\t\t\t\t<div class=\"elementor-gallery-item__overlay\"><\/div>\n\t\t\t\t\t\t\t\t\t\t\t\t\t\t<\/a>\n\t\t\t\t\t\t\t<a class=\"e-gallery-item elementor-gallery-item elementor-animated-content\" href=\"https:\/\/4tec-engineering.com\/wp-content\/uploads\/2025\/03\/Hellmut-Ruck-Mobil-System-05.jpg\" data-elementor-open-lightbox=\"yes\" data-elementor-lightbox-slideshow=\"63a75cdc\" data-elementor-lightbox-title=\"Hellmut Ruck - Mobil System - 05\" data-elementor-lightbox-description=\"Kachel\" data-e-action-hash=\"#elementor-action%3Aaction%3Dlightbox%26settings%3DeyJpZCI6NTgwNiwidXJsIjoiaHR0cHM6XC9cLzR0ZWMtZW5naW5lZXJpbmcuY29tXC93cC1jb250ZW50XC91cGxvYWRzXC8yMDI1XC8wM1wvSGVsbG11dC1SdWNrLU1vYmlsLVN5c3RlbS0wNS5qcGciLCJzbGlkZXNob3ciOiI2M2E3NWNkYyJ9\">\n\t\t\t\t\t<div class=\"e-gallery-image elementor-gallery-item__image\" data-thumbnail=\"https:\/\/4tec-engineering.com\/wp-content\/uploads\/2025\/03\/Hellmut-Ruck-Mobil-System-05-300x225.jpg\" data-width=\"300\" data-height=\"225\" aria-label=\"Hellmut Ruck - Mobil System - 05\" role=\"img\" ><\/div>\n\t\t\t\t\t\t\t\t\t\t\t<div class=\"elementor-gallery-item__overlay\"><\/div>\n\t\t\t\t\t\t\t\t\t\t\t\t\t\t<\/a>\n\t\t\t\t\t<\/div>\n\t\t\t\t\t<\/div>\n\t\t\t\t<\/div>\n\t\t\t\t\t<\/div>\n\t\t<\/div>\n\t\t\t\t\t<\/div>\n\t\t<\/section>\n\t\t\t\t\t<\/div>\n\t\t<\/div>\n\t\t\t\t\t<\/div>\n\t\t<\/section>\n\t\t\t\t<\/div>","protected":false},"excerpt":{"rendered":"<p>Alle Projekte N\u00e4chstes Projekt Hellmut Ruck &#8211; Mobilsystem Jahr: 2024 Unsere Leistungen: Mechanische Entwicklung Kunde:\u00a0Hellmut-Ruck GmbH Das RUCK\u00ae Mobilsystem steht f\u00fcr intelligente Funktionalit\u00e4t und h\u00f6chste Mobilit\u00e4t in der Heim- und Hausbehandlung. Wir bei 4Tec-Engineering AG durften die mechanische Entwicklung dieses innovativen Systems umsetzen. Unsere Aufgabe: ein leichtg\u00e4ngiges, robustes und dennoch elegantes Fahrgestell zu entwickeln, das [&hellip;]<\/p>","protected":false},"author":1,"featured_media":0,"parent":0,"menu_order":0,"comment_status":"closed","ping_status":"closed","template":"","meta":{"footnotes":""},"class_list":["post-5724","page","type-page","status-publish","hentry"],"yoast_head":"<!-- This site is optimized with the Yoast SEO plugin v26.6 - https:\/\/yoast.com\/wordpress\/plugins\/seo\/ -->\n<title>Hellmut Ruck - 4Tec Engineering<\/title>\n<meta name=\"robots\" content=\"index, follow, max-snippet:-1, max-image-preview:large, max-video-preview:-1\" \/>\n<link rel=\"canonical\" href=\"https:\/\/4tec-engineering.com\/en\/hellmut-ruck\/\" \/>\n<meta property=\"og:locale\" content=\"en_US\" \/>\n<meta property=\"og:type\" content=\"article\" \/>\n<meta property=\"og:title\" content=\"Hellmut Ruck - 4Tec Engineering\" \/>\n<meta property=\"og:description\" content=\"Alle Projekte N\u00e4chstes Projekt Hellmut Ruck &#8211; Mobilsystem Jahr: 2024 Unsere Leistungen: Mechanische Entwicklung Kunde:\u00a0Hellmut-Ruck GmbH Das RUCK\u00ae Mobilsystem steht f\u00fcr intelligente Funktionalit\u00e4t und h\u00f6chste Mobilit\u00e4t in der Heim- und Hausbehandlung. Wir bei 4Tec-Engineering AG durften die mechanische Entwicklung dieses innovativen Systems umsetzen. Unsere Aufgabe: ein leichtg\u00e4ngiges, robustes und dennoch elegantes Fahrgestell zu entwickeln, das [&hellip;]\" \/>\n<meta property=\"og:url\" content=\"https:\/\/4tec-engineering.com\/en\/hellmut-ruck\/\" \/>\n<meta property=\"og:site_name\" content=\"4Tec Engineering\" \/>\n<meta property=\"article:modified_time\" content=\"2025-04-03T09:25:36+00:00\" \/>\n<meta property=\"og:image\" content=\"https:\/\/4tec-engineering.com\/wp-content\/uploads\/2025\/03\/Hellmut-Ruck-Mobil-System-01.jpg\" \/>\n\t<meta property=\"og:image:width\" content=\"2032\" \/>\n\t<meta property=\"og:image:height\" content=\"601\" \/>\n\t<meta property=\"og:image:type\" content=\"image\/jpeg\" \/>\n<meta name=\"twitter:card\" content=\"summary_large_image\" \/>\n<meta name=\"twitter:label1\" content=\"Est. reading time\" \/>\n\t<meta name=\"twitter:data1\" content=\"1 minute\" \/>\n<script type=\"application\/ld+json\" class=\"yoast-schema-graph\">{\"@context\":\"https:\/\/schema.org\",\"@graph\":[{\"@type\":\"WebPage\",\"@id\":\"https:\/\/4tec-engineering.com\/hellmut-ruck\/\",\"url\":\"https:\/\/4tec-engineering.com\/hellmut-ruck\/\",\"name\":\"Hellmut Ruck - 4Tec Engineering\",\"isPartOf\":{\"@id\":\"https:\/\/4tec-engineering.com\/#website\"},\"primaryImageOfPage\":{\"@id\":\"https:\/\/4tec-engineering.com\/hellmut-ruck\/#primaryimage\"},\"image\":{\"@id\":\"https:\/\/4tec-engineering.com\/hellmut-ruck\/#primaryimage\"},\"thumbnailUrl\":\"https:\/\/4tec-engineering.com\/wp-content\/uploads\/2025\/03\/Hellmut-Ruck-Mobil-System-01.jpg\",\"datePublished\":\"2025-03-20T13:15:45+00:00\",\"dateModified\":\"2025-04-03T09:25:36+00:00\",\"breadcrumb\":{\"@id\":\"https:\/\/4tec-engineering.com\/hellmut-ruck\/#breadcrumb\"},\"inLanguage\":\"en-US\",\"potentialAction\":[{\"@type\":\"ReadAction\",\"target\":[\"https:\/\/4tec-engineering.com\/hellmut-ruck\/\"]}]},{\"@type\":\"ImageObject\",\"inLanguage\":\"en-US\",\"@id\":\"https:\/\/4tec-engineering.com\/hellmut-ruck\/#primaryimage\",\"url\":\"https:\/\/4tec-engineering.com\/wp-content\/uploads\/2025\/03\/Hellmut-Ruck-Mobil-System-01.jpg\",\"contentUrl\":\"https:\/\/4tec-engineering.com\/wp-content\/uploads\/2025\/03\/Hellmut-Ruck-Mobil-System-01.jpg\"},{\"@type\":\"BreadcrumbList\",\"@id\":\"https:\/\/4tec-engineering.com\/hellmut-ruck\/#breadcrumb\",\"itemListElement\":[{\"@type\":\"ListItem\",\"position\":1,\"name\":\"Startseite\",\"item\":\"https:\/\/4tec-engineering.com\/\"},{\"@type\":\"ListItem\",\"position\":2,\"name\":\"Hellmut Ruck\"}]},{\"@type\":\"WebSite\",\"@id\":\"https:\/\/4tec-engineering.com\/#website\",\"url\":\"https:\/\/4tec-engineering.com\/\",\"name\":\"4Tec Engineering\",\"description\":\"Produktentwicklung in Z\u00fcrich\",\"publisher\":{\"@id\":\"https:\/\/4tec-engineering.com\/#organization\"},\"alternateName\":\"4Tec\",\"potentialAction\":[{\"@type\":\"SearchAction\",\"target\":{\"@type\":\"EntryPoint\",\"urlTemplate\":\"https:\/\/4tec-engineering.com\/?s={search_term_string}\"},\"query-input\":{\"@type\":\"PropertyValueSpecification\",\"valueRequired\":true,\"valueName\":\"search_term_string\"}}],\"inLanguage\":\"en-US\"},{\"@type\":\"Organization\",\"@id\":\"https:\/\/4tec-engineering.com\/#organization\",\"name\":\"4Tec Engineering AG\",\"alternateName\":\"4Tec Engineering AG\",\"url\":\"https:\/\/4tec-engineering.com\/\",\"logo\":{\"@type\":\"ImageObject\",\"inLanguage\":\"en-US\",\"@id\":\"https:\/\/4tec-engineering.com\/#\/schema\/logo\/image\/\",\"url\":\"https:\/\/4tec-engineering.com\/wp-content\/uploads\/2023\/03\/4T_512x512-1.png\",\"contentUrl\":\"https:\/\/4tec-engineering.com\/wp-content\/uploads\/2023\/03\/4T_512x512-1.png\",\"width\":512,\"height\":512,\"caption\":\"4Tec Engineering AG\"},\"image\":{\"@id\":\"https:\/\/4tec-engineering.com\/#\/schema\/logo\/image\/\"},\"sameAs\":[\"https:\/\/www.linkedin.com\/company\/4tec-engineering\"]}]}<\/script>\n<!-- \/ Yoast SEO plugin. -->","yoast_head_json":{"title":"Hellmut Ruck - 4Tec Engineering","robots":{"index":"index","follow":"follow","max-snippet":"max-snippet:-1","max-image-preview":"max-image-preview:large","max-video-preview":"max-video-preview:-1"},"canonical":"https:\/\/4tec-engineering.com\/en\/hellmut-ruck\/","og_locale":"en_US","og_type":"article","og_title":"Hellmut Ruck - 4Tec Engineering","og_description":"Alle Projekte N\u00e4chstes Projekt Hellmut Ruck &#8211; Mobilsystem Jahr: 2024 Unsere Leistungen: Mechanische Entwicklung Kunde:\u00a0Hellmut-Ruck GmbH Das RUCK\u00ae Mobilsystem steht f\u00fcr intelligente Funktionalit\u00e4t und h\u00f6chste Mobilit\u00e4t in der Heim- und Hausbehandlung. Wir bei 4Tec-Engineering AG durften die mechanische Entwicklung dieses innovativen Systems umsetzen. Unsere Aufgabe: ein leichtg\u00e4ngiges, robustes und dennoch elegantes Fahrgestell zu entwickeln, das [&hellip;]","og_url":"https:\/\/4tec-engineering.com\/en\/hellmut-ruck\/","og_site_name":"4Tec Engineering","article_modified_time":"2025-04-03T09:25:36+00:00","og_image":[{"width":2032,"height":601,"url":"https:\/\/4tec-engineering.com\/wp-content\/uploads\/2025\/03\/Hellmut-Ruck-Mobil-System-01.jpg","type":"image\/jpeg"}],"twitter_card":"summary_large_image","twitter_misc":{"Est. reading time":"1 minute"},"schema":{"@context":"https:\/\/schema.org","@graph":[{"@type":"WebPage","@id":"https:\/\/4tec-engineering.com\/hellmut-ruck\/","url":"https:\/\/4tec-engineering.com\/hellmut-ruck\/","name":"Hellmut Ruck - 4Tec Engineering","isPartOf":{"@id":"https:\/\/4tec-engineering.com\/#website"},"primaryImageOfPage":{"@id":"https:\/\/4tec-engineering.com\/hellmut-ruck\/#primaryimage"},"image":{"@id":"https:\/\/4tec-engineering.com\/hellmut-ruck\/#primaryimage"},"thumbnailUrl":"https:\/\/4tec-engineering.com\/wp-content\/uploads\/2025\/03\/Hellmut-Ruck-Mobil-System-01.jpg","datePublished":"2025-03-20T13:15:45+00:00","dateModified":"2025-04-03T09:25:36+00:00","breadcrumb":{"@id":"https:\/\/4tec-engineering.com\/hellmut-ruck\/#breadcrumb"},"inLanguage":"en-US","potentialAction":[{"@type":"ReadAction","target":["https:\/\/4tec-engineering.com\/hellmut-ruck\/"]}]},{"@type":"ImageObject","inLanguage":"en-US","@id":"https:\/\/4tec-engineering.com\/hellmut-ruck\/#primaryimage","url":"https:\/\/4tec-engineering.com\/wp-content\/uploads\/2025\/03\/Hellmut-Ruck-Mobil-System-01.jpg","contentUrl":"https:\/\/4tec-engineering.com\/wp-content\/uploads\/2025\/03\/Hellmut-Ruck-Mobil-System-01.jpg"},{"@type":"BreadcrumbList","@id":"https:\/\/4tec-engineering.com\/hellmut-ruck\/#breadcrumb","itemListElement":[{"@type":"ListItem","position":1,"name":"Startseite","item":"https:\/\/4tec-engineering.com\/"},{"@type":"ListItem","position":2,"name":"Hellmut Ruck"}]},{"@type":"WebSite","@id":"https:\/\/4tec-engineering.com\/#website","url":"https:\/\/4tec-engineering.com\/","name":"4Tec Engineering","description":"Product development in Zurich","publisher":{"@id":"https:\/\/4tec-engineering.com\/#organization"},"alternateName":"4Tec","potentialAction":[{"@type":"SearchAction","target":{"@type":"EntryPoint","urlTemplate":"https:\/\/4tec-engineering.com\/?s={search_term_string}"},"query-input":{"@type":"PropertyValueSpecification","valueRequired":true,"valueName":"search_term_string"}}],"inLanguage":"en-US"},{"@type":"Organization","@id":"https:\/\/4tec-engineering.com\/#organization","name":"4Tec Engineering AG","alternateName":"4Tec Engineering AG","url":"https:\/\/4tec-engineering.com\/","logo":{"@type":"ImageObject","inLanguage":"en-US","@id":"https:\/\/4tec-engineering.com\/#\/schema\/logo\/image\/","url":"https:\/\/4tec-engineering.com\/wp-content\/uploads\/2023\/03\/4T_512x512-1.png","contentUrl":"https:\/\/4tec-engineering.com\/wp-content\/uploads\/2023\/03\/4T_512x512-1.png","width":512,"height":512,"caption":"4Tec Engineering AG"},"image":{"@id":"https:\/\/4tec-engineering.com\/#\/schema\/logo\/image\/"},"sameAs":["https:\/\/www.linkedin.com\/company\/4tec-engineering"]}]}},"_links":{"self":[{"href":"https:\/\/4tec-engineering.com\/en\/wp-json\/wp\/v2\/pages\/5724","targetHints":{"allow":["GET"]}}],"collection":[{"href":"https:\/\/4tec-engineering.com\/en\/wp-json\/wp\/v2\/pages"}],"about":[{"href":"https:\/\/4tec-engineering.com\/en\/wp-json\/wp\/v2\/types\/page"}],"author":[{"embeddable":true,"href":"https:\/\/4tec-engineering.com\/en\/wp-json\/wp\/v2\/users\/1"}],"replies":[{"embeddable":true,"href":"https:\/\/4tec-engineering.com\/en\/wp-json\/wp\/v2\/comments?post=5724"}],"version-history":[{"count":9,"href":"https:\/\/4tec-engineering.com\/en\/wp-json\/wp\/v2\/pages\/5724\/revisions"}],"predecessor-version":[{"id":5992,"href":"https:\/\/4tec-engineering.com\/en\/wp-json\/wp\/v2\/pages\/5724\/revisions\/5992"}],"wp:attachment":[{"href":"https:\/\/4tec-engineering.com\/en\/wp-json\/wp\/v2\/media?parent=5724"}],"curies":[{"name":"wp","href":"https:\/\/api.w.org\/{rel}","templated":true}]}}