{"id":5660,"date":"2025-03-26T15:01:21","date_gmt":"2025-03-26T15:01:21","guid":{"rendered":"https:\/\/4tec-engineering.com\/?page_id=5660"},"modified":"2025-12-15T12:29:49","modified_gmt":"2025-12-15T12:29:49","slug":"vogelhaeuschen","status":"publish","type":"page","link":"https:\/\/4tec-engineering.com\/en\/produktentwicklung\/projekte\/vogelhaeuschen\/","title":{"rendered":"Vogelh\u00e4uschen"},"content":{"rendered":"<div data-elementor-type=\"wp-page\" data-elementor-id=\"5660\" class=\"elementor elementor-5660\" data-elementor-post-type=\"page\">\n\t\t\t\t\t\t<section class=\"elementor-section elementor-top-section elementor-element elementor-element-65e69ea6 elementor-section-boxed elementor-section-height-default elementor-section-height-default\" data-id=\"65e69ea6\" data-element_type=\"section\">\n\t\t\t\t\t\t<div class=\"elementor-container elementor-column-gap-default\">\n\t\t\t\t\t<div class=\"elementor-column elementor-col-100 elementor-top-column elementor-element elementor-element-2cebcc20\" data-id=\"2cebcc20\" data-element_type=\"column\">\n\t\t\t<div class=\"elementor-widget-wrap elementor-element-populated\">\n\t\t\t\t\t\t<section class=\"elementor-section elementor-inner-section elementor-element elementor-element-494ac457 elementor-section-boxed elementor-section-height-default elementor-section-height-default\" data-id=\"494ac457\" data-element_type=\"section\">\n\t\t\t\t\t\t<div class=\"elementor-container elementor-column-gap-default\">\n\t\t\t\t\t<div class=\"elementor-column elementor-col-50 elementor-inner-column elementor-element elementor-element-733c6234\" data-id=\"733c6234\" data-element_type=\"column\">\n\t\t\t<div class=\"elementor-widget-wrap elementor-element-populated\">\n\t\t\t\t\t\t<div class=\"elementor-element elementor-element-42f72168 elementor-position-left elementor-view-default elementor-mobile-position-top elementor-widget elementor-widget-icon-box\" data-id=\"42f72168\" data-element_type=\"widget\" data-widget_type=\"icon-box.default\">\n\t\t\t\t<div class=\"elementor-widget-container\">\n\t\t\t\t\t\t\t<div class=\"elementor-icon-box-wrapper\">\n\n\t\t\t\t\t\t<div class=\"elementor-icon-box-icon\">\n\t\t\t\t<a href=\"https:\/\/4tec-engineering.com\/en\/home\/projekte\/#Projekte\" class=\"elementor-icon\" tabindex=\"-1\" aria-label=\"All projects\">\n\t\t\t\t<i aria-hidden=\"true\" class=\"fas fa-arrow-left\"><\/i>\t\t\t\t<\/a>\n\t\t\t<\/div>\n\t\t\t\n\t\t\t\t\t\t<div class=\"elementor-icon-box-content\">\n\n\t\t\t\t\t\t\t\t\t<h3 class=\"elementor-icon-box-title\">\n\t\t\t\t\t\t<a href=\"https:\/\/4tec-engineering.com\/en\/home\/projekte\/#Projekte\" >\n\t\t\t\t\t\t\tAll projects\t\t\t\t\t\t<\/a>\n\t\t\t\t\t<\/h3>\n\t\t\t\t\n\t\t\t\t\n\t\t\t<\/div>\n\t\t\t\n\t\t<\/div>\n\t\t\t\t\t\t<\/div>\n\t\t\t\t<\/div>\n\t\t\t\t<div class=\"elementor-element elementor-element-2df665aa elementor-position-right elementor-view-default elementor-mobile-position-top elementor-widget elementor-widget-icon-box\" data-id=\"2df665aa\" data-element_type=\"widget\" data-widget_type=\"icon-box.default\">\n\t\t\t\t<div class=\"elementor-widget-container\">\n\t\t\t\t\t\t\t<div class=\"elementor-icon-box-wrapper\">\n\n\t\t\t\t\t\t<div class=\"elementor-icon-box-icon\">\n\t\t\t\t<a href=\"https:\/\/4tec-engineering.com\/en\/produktentwicklung\/projekte\/weihnachtsstern\/\" class=\"elementor-icon\" tabindex=\"-1\" aria-label=\"Next Project\">\n\t\t\t\t<i aria-hidden=\"true\" class=\"fas fa-arrow-right\"><\/i>\t\t\t\t<\/a>\n\t\t\t<\/div>\n\t\t\t\n\t\t\t\t\t\t<div class=\"elementor-icon-box-content\">\n\n\t\t\t\t\t\t\t\t\t<h3 class=\"elementor-icon-box-title\">\n\t\t\t\t\t\t<a href=\"https:\/\/4tec-engineering.com\/en\/produktentwicklung\/projekte\/weihnachtsstern\/\" >\n\t\t\t\t\t\t\tNext Project\t\t\t\t\t\t<\/a>\n\t\t\t\t\t<\/h3>\n\t\t\t\t\n\t\t\t\t\n\t\t\t<\/div>\n\t\t\t\n\t\t<\/div>\n\t\t\t\t\t\t<\/div>\n\t\t\t\t<\/div>\n\t\t\t\t\t<\/div>\n\t\t<\/div>\n\t\t\t\t<div class=\"elementor-column elementor-col-50 elementor-inner-column elementor-element elementor-element-4fec3696\" data-id=\"4fec3696\" data-element_type=\"column\">\n\t\t\t<div class=\"elementor-widget-wrap elementor-element-populated\">\n\t\t\t\t\t\t<div class=\"elementor-element elementor-element-7cab2662 elementor-widget elementor-widget-image\" data-id=\"7cab2662\" data-element_type=\"widget\" data-widget_type=\"image.default\">\n\t\t\t\t<div class=\"elementor-widget-container\">\n\t\t\t\t\t\t\t\t\t\t\t\t\t\t\t<img fetchpriority=\"high\" decoding=\"async\" width=\"1920\" height=\"568\" src=\"https:\/\/4tec-engineering.com\/wp-content\/uploads\/2025\/03\/4Tec-Vogelhaeuschen-01.webp\" class=\"attachment-full size-full wp-image-5751\" alt=\"4Tec - Vogelh\u00e4uschen - 01\" srcset=\"https:\/\/4tec-engineering.com\/wp-content\/uploads\/2025\/03\/4Tec-Vogelhaeuschen-01.webp 1920w, https:\/\/4tec-engineering.com\/wp-content\/uploads\/2025\/03\/4Tec-Vogelhaeuschen-01-300x89.webp 300w, https:\/\/4tec-engineering.com\/wp-content\/uploads\/2025\/03\/4Tec-Vogelhaeuschen-01-1024x303.webp 1024w, https:\/\/4tec-engineering.com\/wp-content\/uploads\/2025\/03\/4Tec-Vogelhaeuschen-01-768x227.webp 768w, https:\/\/4tec-engineering.com\/wp-content\/uploads\/2025\/03\/4Tec-Vogelhaeuschen-01-1536x454.webp 1536w, https:\/\/4tec-engineering.com\/wp-content\/uploads\/2025\/03\/4Tec-Vogelhaeuschen-01-18x5.webp 18w, https:\/\/4tec-engineering.com\/wp-content\/uploads\/2025\/03\/4Tec-Vogelhaeuschen-01-600x177.webp 600w\" sizes=\"(max-width: 1920px) 100vw, 1920px\" \/>\t\t\t\t\t\t\t\t\t\t\t\t\t\t\t<\/div>\n\t\t\t\t<\/div>\n\t\t\t\t<div class=\"elementor-element elementor-element-6439507d elementor-widget elementor-widget-heading\" data-id=\"6439507d\" data-element_type=\"widget\" data-widget_type=\"heading.default\">\n\t\t\t\t<div class=\"elementor-widget-container\">\n\t\t\t\t\t<h2 class=\"elementor-heading-title elementor-size-default\">4Tec - Bird feeder<\/h2>\t\t\t\t<\/div>\n\t\t\t\t<\/div>\n\t\t\t\t<div class=\"elementor-element elementor-element-7ceec9 elementor-widget elementor-widget-text-editor\" data-id=\"7ceec9\" data-element_type=\"widget\" data-widget_type=\"text-editor.default\">\n\t\t\t\t<div class=\"elementor-widget-container\">\n\t\t\t\t\t\t\t\t\t<p>Year: 2024<\/p><p>Project: Customer Christmas gift<\/p><p>Material: gelasertes verzinktes Blech, 100% recycelbar; Holz Rundstab \u23005mm; Polyester Schnur<\/p><p>Gr\u00f6sse: Versand in A4 Gr\u00f6sse, Aufgebaut 180x200x160mm<\/p>\t\t\t\t\t\t\t\t<\/div>\n\t\t\t\t<\/div>\n\t\t\t\t<div class=\"elementor-element elementor-element-6882a16 elementor-widget elementor-widget-text-editor\" data-id=\"6882a16\" data-element_type=\"widget\" data-widget_type=\"text-editor.default\">\n\t\t\t\t<div class=\"elementor-widget-container\">\n\t\t\t\t\t\t\t\t\t<p data-start=\"353\" data-end=\"736\">Created for a customer Christmas present from 4Tec-Engineering and Schuler Produktdesign. The innovative bird house can be shipped flat in A4 size and is therefore packaged in a particularly resource-saving way. The prefabricated sheet metal parts can be folded and assembled in just a few simple steps - without any tools. In just a few minutes, you can create a modern, weatherproof bird house that will look great on any balcony or in the garden.<\/p><p data-start=\"738\" data-end=\"981\"><strong data-start=\"738\" data-end=\"772\">Die Benefits auf einen Blick:<\/strong><br data-start=\"772\" data-end=\"775\" \/>- Easy to ship and compact in A4 format<br data-start=\"819\" data-end=\"822\" \/>- Tool-free, simple assembly<br data-start=\"855\" data-end=\"858\" \/>- Durable, robust and weatherproof<br data-start=\"897\" data-end=\"900\" \/>- Simple, modern design<br data-start=\"929\" data-end=\"932\" \/>- Sustainably produced and 100% recyclable<\/p><p data-start=\"983\" data-end=\"1093\">A small, thoughtful gift for moments close to nature and a sustainable contribution to biodiversity.<\/p>\t\t\t\t\t\t\t\t<\/div>\n\t\t\t\t<\/div>\n\t\t\t\t<div class=\"elementor-element elementor-element-b75cbd4 elementor-widget elementor-widget-gallery\" data-id=\"b75cbd4\" data-element_type=\"widget\" data-settings=\"{&quot;lazyload&quot;:&quot;yes&quot;,&quot;gallery_layout&quot;:&quot;grid&quot;,&quot;columns&quot;:4,&quot;columns_tablet&quot;:2,&quot;columns_mobile&quot;:1,&quot;gap&quot;:{&quot;unit&quot;:&quot;px&quot;,&quot;size&quot;:10,&quot;sizes&quot;:[]},&quot;gap_tablet&quot;:{&quot;unit&quot;:&quot;px&quot;,&quot;size&quot;:10,&quot;sizes&quot;:[]},&quot;gap_mobile&quot;:{&quot;unit&quot;:&quot;px&quot;,&quot;size&quot;:10,&quot;sizes&quot;:[]},&quot;link_to&quot;:&quot;file&quot;,&quot;aspect_ratio&quot;:&quot;3:2&quot;,&quot;overlay_background&quot;:&quot;yes&quot;,&quot;content_hover_animation&quot;:&quot;fade-in&quot;}\" data-widget_type=\"gallery.default\">\n\t\t\t\t<div class=\"elementor-widget-container\">\n\t\t\t\t\t\t\t<div class=\"elementor-gallery__container\">\n\t\t\t\t\t\t\t<a class=\"e-gallery-item elementor-gallery-item elementor-animated-content\" href=\"https:\/\/4tec-engineering.com\/wp-content\/uploads\/2025\/03\/4Tec-Vogelhaeuschen-05.webp\" data-elementor-open-lightbox=\"yes\" data-elementor-lightbox-slideshow=\"b75cbd4\" data-elementor-lightbox-title=\"4Tec - Vogelh\u00e4uschen - 05\" data-elementor-lightbox-description=\"Projekt\" data-e-action-hash=\"#elementor-action%3Aaction%3Dlightbox%26settings%3DeyJpZCI6NTc1NSwidXJsIjoiaHR0cHM6XC9cLzR0ZWMtZW5naW5lZXJpbmcuY29tXC93cC1jb250ZW50XC91cGxvYWRzXC8yMDI1XC8wM1wvNFRlYy1Wb2dlbGhhZXVzY2hlbi0wNS53ZWJwIiwic2xpZGVzaG93IjoiYjc1Y2JkNCJ9\">\n\t\t\t\t\t<div class=\"e-gallery-image elementor-gallery-item__image\" data-thumbnail=\"https:\/\/4tec-engineering.com\/wp-content\/uploads\/2025\/03\/4Tec-Vogelhaeuschen-05-300x225.webp\" data-width=\"300\" data-height=\"225\" aria-label=\"4Tec - Vogelh\u00e4uschen - 05\" role=\"img\" ><\/div>\n\t\t\t\t\t\t\t\t\t\t\t<div class=\"elementor-gallery-item__overlay\"><\/div>\n\t\t\t\t\t\t\t\t\t\t\t\t\t\t<\/a>\n\t\t\t\t\t\t\t<a class=\"e-gallery-item elementor-gallery-item elementor-animated-content\" href=\"https:\/\/4tec-engineering.com\/wp-content\/uploads\/2025\/03\/4Tec-Vogelhaeuschen-06.webp\" data-elementor-open-lightbox=\"yes\" data-elementor-lightbox-slideshow=\"b75cbd4\" data-elementor-lightbox-title=\"4Tec - Vogelh\u00e4uschen - 06\" data-elementor-lightbox-description=\"Projekt\" data-e-action-hash=\"#elementor-action%3Aaction%3Dlightbox%26settings%3DeyJpZCI6NTc1NiwidXJsIjoiaHR0cHM6XC9cLzR0ZWMtZW5naW5lZXJpbmcuY29tXC93cC1jb250ZW50XC91cGxvYWRzXC8yMDI1XC8wM1wvNFRlYy1Wb2dlbGhhZXVzY2hlbi0wNi53ZWJwIiwic2xpZGVzaG93IjoiYjc1Y2JkNCJ9\">\n\t\t\t\t\t<div class=\"e-gallery-image elementor-gallery-item__image\" data-thumbnail=\"https:\/\/4tec-engineering.com\/wp-content\/uploads\/2025\/03\/4Tec-Vogelhaeuschen-06-300x225.webp\" data-width=\"300\" data-height=\"225\" aria-label=\"4Tec - Vogelh\u00e4uschen - 06\" role=\"img\" ><\/div>\n\t\t\t\t\t\t\t\t\t\t\t<div class=\"elementor-gallery-item__overlay\"><\/div>\n\t\t\t\t\t\t\t\t\t\t\t\t\t\t<\/a>\n\t\t\t\t\t\t\t<a class=\"e-gallery-item elementor-gallery-item elementor-animated-content\" href=\"https:\/\/4tec-engineering.com\/wp-content\/uploads\/2025\/03\/4Tec-Vogelhaeuschen-04.webp\" data-elementor-open-lightbox=\"yes\" data-elementor-lightbox-slideshow=\"b75cbd4\" data-elementor-lightbox-title=\"4Tec - Vogelh\u00e4uschen - 04\" data-elementor-lightbox-description=\"Projekt\" data-e-action-hash=\"#elementor-action%3Aaction%3Dlightbox%26settings%3DeyJpZCI6NTc1NCwidXJsIjoiaHR0cHM6XC9cLzR0ZWMtZW5naW5lZXJpbmcuY29tXC93cC1jb250ZW50XC91cGxvYWRzXC8yMDI1XC8wM1wvNFRlYy1Wb2dlbGhhZXVzY2hlbi0wNC53ZWJwIiwic2xpZGVzaG93IjoiYjc1Y2JkNCJ9\">\n\t\t\t\t\t<div class=\"e-gallery-image elementor-gallery-item__image\" data-thumbnail=\"https:\/\/4tec-engineering.com\/wp-content\/uploads\/2025\/03\/4Tec-Vogelhaeuschen-04-300x225.webp\" data-width=\"300\" data-height=\"225\" aria-label=\"4Tec - Vogelh\u00e4uschen - 04\" role=\"img\" ><\/div>\n\t\t\t\t\t\t\t\t\t\t\t<div class=\"elementor-gallery-item__overlay\"><\/div>\n\t\t\t\t\t\t\t\t\t\t\t\t\t\t<\/a>\n\t\t\t\t\t\t\t<a class=\"e-gallery-item elementor-gallery-item elementor-animated-content\" href=\"https:\/\/4tec-engineering.com\/wp-content\/uploads\/2025\/03\/4Tec-Vogelhaeuschen-02.webp\" data-elementor-open-lightbox=\"yes\" data-elementor-lightbox-slideshow=\"b75cbd4\" data-elementor-lightbox-title=\"4Tec - Vogelh\u00e4uschen - 02\" data-elementor-lightbox-description=\"Projekt\" data-e-action-hash=\"#elementor-action%3Aaction%3Dlightbox%26settings%3DeyJpZCI6NTc1MiwidXJsIjoiaHR0cHM6XC9cLzR0ZWMtZW5naW5lZXJpbmcuY29tXC93cC1jb250ZW50XC91cGxvYWRzXC8yMDI1XC8wM1wvNFRlYy1Wb2dlbGhhZXVzY2hlbi0wMi53ZWJwIiwic2xpZGVzaG93IjoiYjc1Y2JkNCJ9\">\n\t\t\t\t\t<div class=\"e-gallery-image elementor-gallery-item__image\" data-thumbnail=\"https:\/\/4tec-engineering.com\/wp-content\/uploads\/2025\/03\/4Tec-Vogelhaeuschen-02-300x225.webp\" data-width=\"300\" data-height=\"225\" aria-label=\"4Tec - Vogelh\u00e4uschen - 02\" role=\"img\" ><\/div>\n\t\t\t\t\t\t\t\t\t\t\t<div class=\"elementor-gallery-item__overlay\"><\/div>\n\t\t\t\t\t\t\t\t\t\t\t\t\t\t<\/a>\n\t\t\t\t\t<\/div>\n\t\t\t\t\t<\/div>\n\t\t\t\t<\/div>\n\t\t\t\t\t<\/div>\n\t\t<\/div>\n\t\t\t\t\t<\/div>\n\t\t<\/section>\n\t\t\t\t\t<\/div>\n\t\t<\/div>\n\t\t\t\t\t<\/div>\n\t\t<\/section>\n\t\t\t\t<\/div>","protected":false},"excerpt":{"rendered":"<p>Alle Projekte N\u00e4chstes Projekt 4Tec &#8211; Vogel Futterh\u00e4uschen Jahr: 2024 Projekt: Kunden Weihnachtsgeschenk Material: gelasertes verzinktes Blech, 100% recycelbar; Holz Rundstab \u23005mm; Polyester Schnur Gr\u00f6sse: Versand in A4 Gr\u00f6sse, Aufgebaut 180x200x160mm Entstanden f\u00fcr ein Kunden Weihnachtsgeschenk von 4Tec-Engineering und Schuler Produktdesign. Das innovative Vogelh\u00e4uschen l\u00e4sst sich flach in A4-Gr\u00f6\u00dfe versenden und ist somit besonders ressourcenschonend [&hellip;]<\/p>","protected":false},"author":1,"featured_media":0,"parent":114,"menu_order":0,"comment_status":"closed","ping_status":"closed","template":"","meta":{"footnotes":""},"class_list":["post-5660","page","type-page","status-publish","hentry"],"yoast_head":"<!-- This site is optimized with the Yoast SEO plugin v26.6 - https:\/\/yoast.com\/wordpress\/plugins\/seo\/ -->\n<title>Vogelh\u00e4uschen - 4Tec Engineering<\/title>\n<meta name=\"robots\" content=\"index, follow, max-snippet:-1, max-image-preview:large, max-video-preview:-1\" \/>\n<link rel=\"canonical\" href=\"https:\/\/4tec-engineering.com\/en\/produktentwicklung\/projekte\/vogelhaeuschen\/\" \/>\n<meta property=\"og:locale\" content=\"en_US\" \/>\n<meta property=\"og:type\" content=\"article\" \/>\n<meta property=\"og:title\" content=\"Vogelh\u00e4uschen - 4Tec Engineering\" \/>\n<meta property=\"og:description\" content=\"Alle Projekte N\u00e4chstes Projekt 4Tec &#8211; Vogel Futterh\u00e4uschen Jahr: 2024 Projekt: Kunden Weihnachtsgeschenk Material: gelasertes verzinktes Blech, 100% recycelbar; Holz Rundstab \u23005mm; Polyester Schnur Gr\u00f6sse: Versand in A4 Gr\u00f6sse, Aufgebaut 180x200x160mm Entstanden f\u00fcr ein Kunden Weihnachtsgeschenk von 4Tec-Engineering und Schuler Produktdesign. Das innovative Vogelh\u00e4uschen l\u00e4sst sich flach in A4-Gr\u00f6\u00dfe versenden und ist somit besonders ressourcenschonend [&hellip;]\" \/>\n<meta property=\"og:url\" content=\"https:\/\/4tec-engineering.com\/en\/produktentwicklung\/projekte\/vogelhaeuschen\/\" \/>\n<meta property=\"og:site_name\" content=\"4Tec Engineering\" \/>\n<meta property=\"article:modified_time\" content=\"2025-12-15T12:29:49+00:00\" \/>\n<meta property=\"og:image\" content=\"https:\/\/4tec-engineering.com\/wp-content\/uploads\/2025\/03\/4Tec-Vogelhaeuschen-01.webp\" \/>\n\t<meta property=\"og:image:width\" content=\"1920\" \/>\n\t<meta property=\"og:image:height\" content=\"568\" \/>\n\t<meta property=\"og:image:type\" content=\"image\/webp\" \/>\n<meta name=\"twitter:card\" content=\"summary_large_image\" \/>\n<meta name=\"twitter:label1\" content=\"Est. reading time\" \/>\n\t<meta name=\"twitter:data1\" content=\"1 minute\" \/>\n<script type=\"application\/ld+json\" class=\"yoast-schema-graph\">{\"@context\":\"https:\/\/schema.org\",\"@graph\":[{\"@type\":\"WebPage\",\"@id\":\"https:\/\/4tec-engineering.com\/produktentwicklung\/projekte\/vogelhaeuschen\/\",\"url\":\"https:\/\/4tec-engineering.com\/produktentwicklung\/projekte\/vogelhaeuschen\/\",\"name\":\"Vogelh\u00e4uschen - 4Tec Engineering\",\"isPartOf\":{\"@id\":\"https:\/\/4tec-engineering.com\/#website\"},\"primaryImageOfPage\":{\"@id\":\"https:\/\/4tec-engineering.com\/produktentwicklung\/projekte\/vogelhaeuschen\/#primaryimage\"},\"image\":{\"@id\":\"https:\/\/4tec-engineering.com\/produktentwicklung\/projekte\/vogelhaeuschen\/#primaryimage\"},\"thumbnailUrl\":\"https:\/\/4tec-engineering.com\/wp-content\/uploads\/2025\/03\/4Tec-Vogelhaeuschen-01.webp\",\"datePublished\":\"2025-03-26T15:01:21+00:00\",\"dateModified\":\"2025-12-15T12:29:49+00:00\",\"breadcrumb\":{\"@id\":\"https:\/\/4tec-engineering.com\/produktentwicklung\/projekte\/vogelhaeuschen\/#breadcrumb\"},\"inLanguage\":\"en-US\",\"potentialAction\":[{\"@type\":\"ReadAction\",\"target\":[\"https:\/\/4tec-engineering.com\/produktentwicklung\/projekte\/vogelhaeuschen\/\"]}]},{\"@type\":\"ImageObject\",\"inLanguage\":\"en-US\",\"@id\":\"https:\/\/4tec-engineering.com\/produktentwicklung\/projekte\/vogelhaeuschen\/#primaryimage\",\"url\":\"https:\/\/4tec-engineering.com\/wp-content\/uploads\/2025\/03\/4Tec-Vogelhaeuschen-01.webp\",\"contentUrl\":\"https:\/\/4tec-engineering.com\/wp-content\/uploads\/2025\/03\/4Tec-Vogelhaeuschen-01.webp\"},{\"@type\":\"BreadcrumbList\",\"@id\":\"https:\/\/4tec-engineering.com\/produktentwicklung\/projekte\/vogelhaeuschen\/#breadcrumb\",\"itemListElement\":[{\"@type\":\"ListItem\",\"position\":1,\"name\":\"Startseite\",\"item\":\"https:\/\/4tec-engineering.com\/\"},{\"@type\":\"ListItem\",\"position\":2,\"name\":\"Home\",\"item\":\"https:\/\/4tec-engineering.com\/\"},{\"@type\":\"ListItem\",\"position\":3,\"name\":\"Projekte\",\"item\":\"https:\/\/4tec-engineering.com\/produktentwicklung\/projekte\/\"},{\"@type\":\"ListItem\",\"position\":4,\"name\":\"Vogelh\u00e4uschen\"}]},{\"@type\":\"WebSite\",\"@id\":\"https:\/\/4tec-engineering.com\/#website\",\"url\":\"https:\/\/4tec-engineering.com\/\",\"name\":\"4Tec Engineering\",\"description\":\"Produktentwicklung in Z\u00fcrich\",\"publisher\":{\"@id\":\"https:\/\/4tec-engineering.com\/#organization\"},\"alternateName\":\"4Tec\",\"potentialAction\":[{\"@type\":\"SearchAction\",\"target\":{\"@type\":\"EntryPoint\",\"urlTemplate\":\"https:\/\/4tec-engineering.com\/?s={search_term_string}\"},\"query-input\":{\"@type\":\"PropertyValueSpecification\",\"valueRequired\":true,\"valueName\":\"search_term_string\"}}],\"inLanguage\":\"en-US\"},{\"@type\":\"Organization\",\"@id\":\"https:\/\/4tec-engineering.com\/#organization\",\"name\":\"4Tec Engineering AG\",\"alternateName\":\"4Tec Engineering AG\",\"url\":\"https:\/\/4tec-engineering.com\/\",\"logo\":{\"@type\":\"ImageObject\",\"inLanguage\":\"en-US\",\"@id\":\"https:\/\/4tec-engineering.com\/#\/schema\/logo\/image\/\",\"url\":\"https:\/\/4tec-engineering.com\/wp-content\/uploads\/2023\/03\/4T_512x512-1.png\",\"contentUrl\":\"https:\/\/4tec-engineering.com\/wp-content\/uploads\/2023\/03\/4T_512x512-1.png\",\"width\":512,\"height\":512,\"caption\":\"4Tec Engineering AG\"},\"image\":{\"@id\":\"https:\/\/4tec-engineering.com\/#\/schema\/logo\/image\/\"},\"sameAs\":[\"https:\/\/www.linkedin.com\/company\/4tec-engineering\"]}]}<\/script>\n<!-- \/ Yoast SEO plugin. -->","yoast_head_json":{"title":"Vogelh\u00e4uschen - 4Tec Engineering","robots":{"index":"index","follow":"follow","max-snippet":"max-snippet:-1","max-image-preview":"max-image-preview:large","max-video-preview":"max-video-preview:-1"},"canonical":"https:\/\/4tec-engineering.com\/en\/produktentwicklung\/projekte\/vogelhaeuschen\/","og_locale":"en_US","og_type":"article","og_title":"Vogelh\u00e4uschen - 4Tec Engineering","og_description":"Alle Projekte N\u00e4chstes Projekt 4Tec &#8211; Vogel Futterh\u00e4uschen Jahr: 2024 Projekt: Kunden Weihnachtsgeschenk Material: gelasertes verzinktes Blech, 100% recycelbar; Holz Rundstab \u23005mm; Polyester Schnur Gr\u00f6sse: Versand in A4 Gr\u00f6sse, Aufgebaut 180x200x160mm Entstanden f\u00fcr ein Kunden Weihnachtsgeschenk von 4Tec-Engineering und Schuler Produktdesign. Das innovative Vogelh\u00e4uschen l\u00e4sst sich flach in A4-Gr\u00f6\u00dfe versenden und ist somit besonders ressourcenschonend [&hellip;]","og_url":"https:\/\/4tec-engineering.com\/en\/produktentwicklung\/projekte\/vogelhaeuschen\/","og_site_name":"4Tec Engineering","article_modified_time":"2025-12-15T12:29:49+00:00","og_image":[{"width":1920,"height":568,"url":"https:\/\/4tec-engineering.com\/wp-content\/uploads\/2025\/03\/4Tec-Vogelhaeuschen-01.webp","type":"image\/webp"}],"twitter_card":"summary_large_image","twitter_misc":{"Est. reading time":"1 minute"},"schema":{"@context":"https:\/\/schema.org","@graph":[{"@type":"WebPage","@id":"https:\/\/4tec-engineering.com\/produktentwicklung\/projekte\/vogelhaeuschen\/","url":"https:\/\/4tec-engineering.com\/produktentwicklung\/projekte\/vogelhaeuschen\/","name":"Vogelh\u00e4uschen - 4Tec Engineering","isPartOf":{"@id":"https:\/\/4tec-engineering.com\/#website"},"primaryImageOfPage":{"@id":"https:\/\/4tec-engineering.com\/produktentwicklung\/projekte\/vogelhaeuschen\/#primaryimage"},"image":{"@id":"https:\/\/4tec-engineering.com\/produktentwicklung\/projekte\/vogelhaeuschen\/#primaryimage"},"thumbnailUrl":"https:\/\/4tec-engineering.com\/wp-content\/uploads\/2025\/03\/4Tec-Vogelhaeuschen-01.webp","datePublished":"2025-03-26T15:01:21+00:00","dateModified":"2025-12-15T12:29:49+00:00","breadcrumb":{"@id":"https:\/\/4tec-engineering.com\/produktentwicklung\/projekte\/vogelhaeuschen\/#breadcrumb"},"inLanguage":"en-US","potentialAction":[{"@type":"ReadAction","target":["https:\/\/4tec-engineering.com\/produktentwicklung\/projekte\/vogelhaeuschen\/"]}]},{"@type":"ImageObject","inLanguage":"en-US","@id":"https:\/\/4tec-engineering.com\/produktentwicklung\/projekte\/vogelhaeuschen\/#primaryimage","url":"https:\/\/4tec-engineering.com\/wp-content\/uploads\/2025\/03\/4Tec-Vogelhaeuschen-01.webp","contentUrl":"https:\/\/4tec-engineering.com\/wp-content\/uploads\/2025\/03\/4Tec-Vogelhaeuschen-01.webp"},{"@type":"BreadcrumbList","@id":"https:\/\/4tec-engineering.com\/produktentwicklung\/projekte\/vogelhaeuschen\/#breadcrumb","itemListElement":[{"@type":"ListItem","position":1,"name":"Startseite","item":"https:\/\/4tec-engineering.com\/"},{"@type":"ListItem","position":2,"name":"Home","item":"https:\/\/4tec-engineering.com\/"},{"@type":"ListItem","position":3,"name":"Projekte","item":"https:\/\/4tec-engineering.com\/produktentwicklung\/projekte\/"},{"@type":"ListItem","position":4,"name":"Vogelh\u00e4uschen"}]},{"@type":"WebSite","@id":"https:\/\/4tec-engineering.com\/#website","url":"https:\/\/4tec-engineering.com\/","name":"4Tec Engineering","description":"Product development in Zurich","publisher":{"@id":"https:\/\/4tec-engineering.com\/#organization"},"alternateName":"4Tec","potentialAction":[{"@type":"SearchAction","target":{"@type":"EntryPoint","urlTemplate":"https:\/\/4tec-engineering.com\/?s={search_term_string}"},"query-input":{"@type":"PropertyValueSpecification","valueRequired":true,"valueName":"search_term_string"}}],"inLanguage":"en-US"},{"@type":"Organization","@id":"https:\/\/4tec-engineering.com\/#organization","name":"4Tec Engineering AG","alternateName":"4Tec Engineering AG","url":"https:\/\/4tec-engineering.com\/","logo":{"@type":"ImageObject","inLanguage":"en-US","@id":"https:\/\/4tec-engineering.com\/#\/schema\/logo\/image\/","url":"https:\/\/4tec-engineering.com\/wp-content\/uploads\/2023\/03\/4T_512x512-1.png","contentUrl":"https:\/\/4tec-engineering.com\/wp-content\/uploads\/2023\/03\/4T_512x512-1.png","width":512,"height":512,"caption":"4Tec Engineering AG"},"image":{"@id":"https:\/\/4tec-engineering.com\/#\/schema\/logo\/image\/"},"sameAs":["https:\/\/www.linkedin.com\/company\/4tec-engineering"]}]}},"_links":{"self":[{"href":"https:\/\/4tec-engineering.com\/en\/wp-json\/wp\/v2\/pages\/5660","targetHints":{"allow":["GET"]}}],"collection":[{"href":"https:\/\/4tec-engineering.com\/en\/wp-json\/wp\/v2\/pages"}],"about":[{"href":"https:\/\/4tec-engineering.com\/en\/wp-json\/wp\/v2\/types\/page"}],"author":[{"embeddable":true,"href":"https:\/\/4tec-engineering.com\/en\/wp-json\/wp\/v2\/users\/1"}],"replies":[{"embeddable":true,"href":"https:\/\/4tec-engineering.com\/en\/wp-json\/wp\/v2\/comments?post=5660"}],"version-history":[{"count":30,"href":"https:\/\/4tec-engineering.com\/en\/wp-json\/wp\/v2\/pages\/5660\/revisions"}],"predecessor-version":[{"id":6833,"href":"https:\/\/4tec-engineering.com\/en\/wp-json\/wp\/v2\/pages\/5660\/revisions\/6833"}],"up":[{"embeddable":true,"href":"https:\/\/4tec-engineering.com\/en\/wp-json\/wp\/v2\/pages\/114"}],"wp:attachment":[{"href":"https:\/\/4tec-engineering.com\/en\/wp-json\/wp\/v2\/media?parent=5660"}],"curies":[{"name":"wp","href":"https:\/\/api.w.org\/{rel}","templated":true}]}}