{"id":5271,"date":"2024-08-26T13:36:33","date_gmt":"2024-08-26T13:36:33","guid":{"rendered":"https:\/\/4tec-engineering.com\/?page_id=5271"},"modified":"2024-08-27T07:08:03","modified_gmt":"2024-08-27T07:08:03","slug":"theftex-scope3","status":"publish","type":"page","link":"https:\/\/4tec-engineering.com\/en\/produktentwicklung\/projekte\/theftex-scope3\/","title":{"rendered":"Theftex-Scope3"},"content":{"rendered":"<div data-elementor-type=\"wp-page\" data-elementor-id=\"5271\" class=\"elementor elementor-5271\" data-elementor-post-type=\"page\">\n\t\t\t\t\t\t<section class=\"elementor-section elementor-top-section elementor-element elementor-element-25b87ef0 elementor-section-boxed elementor-section-height-default elementor-section-height-default\" data-id=\"25b87ef0\" data-element_type=\"section\">\n\t\t\t\t\t\t<div class=\"elementor-container elementor-column-gap-default\">\n\t\t\t\t\t<div class=\"elementor-column elementor-col-100 elementor-top-column elementor-element elementor-element-5a6c4832\" data-id=\"5a6c4832\" data-element_type=\"column\">\n\t\t\t<div class=\"elementor-widget-wrap elementor-element-populated\">\n\t\t\t\t\t\t<section class=\"elementor-section elementor-inner-section elementor-element elementor-element-464d7ac4 elementor-section-boxed elementor-section-height-default elementor-section-height-default\" data-id=\"464d7ac4\" data-element_type=\"section\">\n\t\t\t\t\t\t<div class=\"elementor-container elementor-column-gap-default\">\n\t\t\t\t\t<div class=\"elementor-column elementor-col-50 elementor-inner-column elementor-element elementor-element-54c756ed\" data-id=\"54c756ed\" data-element_type=\"column\">\n\t\t\t<div class=\"elementor-widget-wrap elementor-element-populated\">\n\t\t\t\t\t\t<div class=\"elementor-element elementor-element-4467bafc elementor-position-left elementor-view-default elementor-mobile-position-top elementor-widget elementor-widget-icon-box\" data-id=\"4467bafc\" data-element_type=\"widget\" data-widget_type=\"icon-box.default\">\n\t\t\t\t<div class=\"elementor-widget-container\">\n\t\t\t\t\t\t\t<div class=\"elementor-icon-box-wrapper\">\n\n\t\t\t\t\t\t<div class=\"elementor-icon-box-icon\">\n\t\t\t\t<a href=\"https:\/\/4tec-engineering.com\/en\/home\/projekte\/#Projekte\" class=\"elementor-icon\" tabindex=\"-1\" aria-label=\"All projects\">\n\t\t\t\t<i aria-hidden=\"true\" class=\"fas fa-arrow-left\"><\/i>\t\t\t\t<\/a>\n\t\t\t<\/div>\n\t\t\t\n\t\t\t\t\t\t<div class=\"elementor-icon-box-content\">\n\n\t\t\t\t\t\t\t\t\t<h3 class=\"elementor-icon-box-title\">\n\t\t\t\t\t\t<a href=\"https:\/\/4tec-engineering.com\/en\/home\/projekte\/#Projekte\" >\n\t\t\t\t\t\t\tAll projects\t\t\t\t\t\t<\/a>\n\t\t\t\t\t<\/h3>\n\t\t\t\t\n\t\t\t\t\n\t\t\t<\/div>\n\t\t\t\n\t\t<\/div>\n\t\t\t\t\t\t<\/div>\n\t\t\t\t<\/div>\n\t\t\t\t<div class=\"elementor-element elementor-element-3008caea elementor-position-right elementor-view-default elementor-mobile-position-top elementor-widget elementor-widget-icon-box\" data-id=\"3008caea\" data-element_type=\"widget\" data-widget_type=\"icon-box.default\">\n\t\t\t\t<div class=\"elementor-widget-container\">\n\t\t\t\t\t\t\t<div class=\"elementor-icon-box-wrapper\">\n\n\t\t\t\t\t\t<div class=\"elementor-icon-box-icon\">\n\t\t\t\t<a href=\"https:\/\/4tec-engineering.com\/en\/produktentwicklung\/projekte\/bierbommel\/\" class=\"elementor-icon\" tabindex=\"-1\" aria-label=\"Next Project\">\n\t\t\t\t<i aria-hidden=\"true\" class=\"fas fa-arrow-right\"><\/i>\t\t\t\t<\/a>\n\t\t\t<\/div>\n\t\t\t\n\t\t\t\t\t\t<div class=\"elementor-icon-box-content\">\n\n\t\t\t\t\t\t\t\t\t<h3 class=\"elementor-icon-box-title\">\n\t\t\t\t\t\t<a href=\"https:\/\/4tec-engineering.com\/en\/produktentwicklung\/projekte\/bierbommel\/\" >\n\t\t\t\t\t\t\tNext Project\t\t\t\t\t\t<\/a>\n\t\t\t\t\t<\/h3>\n\t\t\t\t\n\t\t\t\t\n\t\t\t<\/div>\n\t\t\t\n\t\t<\/div>\n\t\t\t\t\t\t<\/div>\n\t\t\t\t<\/div>\n\t\t\t\t\t<\/div>\n\t\t<\/div>\n\t\t\t\t<div class=\"elementor-column elementor-col-50 elementor-inner-column elementor-element elementor-element-64e85c89\" data-id=\"64e85c89\" data-element_type=\"column\">\n\t\t\t<div class=\"elementor-widget-wrap elementor-element-populated\">\n\t\t\t\t\t\t<div class=\"elementor-element elementor-element-2993c08c elementor-widget elementor-widget-image\" data-id=\"2993c08c\" data-element_type=\"widget\" data-widget_type=\"image.default\">\n\t\t\t\t<div class=\"elementor-widget-container\">\n\t\t\t\t\t\t\t\t\t\t\t\t\t\t\t<img fetchpriority=\"high\" decoding=\"async\" width=\"2032\" height=\"601\" src=\"https:\/\/4tec-engineering.com\/wp-content\/uploads\/2024\/08\/Theftex-Scope3-01.jpg\" class=\"attachment-full size-full wp-image-5281\" alt=\"Theftex - Scope3 - 01\" srcset=\"https:\/\/4tec-engineering.com\/wp-content\/uploads\/2024\/08\/Theftex-Scope3-01.jpg 2032w, https:\/\/4tec-engineering.com\/wp-content\/uploads\/2024\/08\/Theftex-Scope3-01-300x89.jpg 300w, https:\/\/4tec-engineering.com\/wp-content\/uploads\/2024\/08\/Theftex-Scope3-01-1024x303.jpg 1024w, https:\/\/4tec-engineering.com\/wp-content\/uploads\/2024\/08\/Theftex-Scope3-01-768x227.jpg 768w, https:\/\/4tec-engineering.com\/wp-content\/uploads\/2024\/08\/Theftex-Scope3-01-1536x454.jpg 1536w, https:\/\/4tec-engineering.com\/wp-content\/uploads\/2024\/08\/Theftex-Scope3-01-18x5.jpg 18w\" sizes=\"(max-width: 2032px) 100vw, 2032px\" \/>\t\t\t\t\t\t\t\t\t\t\t\t\t\t\t<\/div>\n\t\t\t\t<\/div>\n\t\t\t\t<div class=\"elementor-element elementor-element-5b05d874 elementor-widget elementor-widget-heading\" data-id=\"5b05d874\" data-element_type=\"widget\" data-widget_type=\"heading.default\">\n\t\t\t\t<div class=\"elementor-widget-container\">\n\t\t\t\t\t<h2 class=\"elementor-heading-title elementor-size-default\">Theftex - Scope3 tracker<\/h2>\t\t\t\t<\/div>\n\t\t\t\t<\/div>\n\t\t\t\t<div class=\"elementor-element elementor-element-4a56f8ee elementor-widget elementor-widget-text-editor\" data-id=\"4a56f8ee\" data-element_type=\"widget\" data-widget_type=\"text-editor.default\">\n\t\t\t\t<div class=\"elementor-widget-container\">\n\t\t\t\t\t\t\t\t\t<p>Year: 2024<br \/><br \/>Our services: Mechanical development of the housing<br \/><br \/>Customer: Theftex GmbH<\/p>\t\t\t\t\t\t\t\t<\/div>\n\t\t\t\t<\/div>\n\t\t\t\t<div class=\"elementor-element elementor-element-47c15d3f elementor-widget elementor-widget-text-editor\" data-id=\"47c15d3f\" data-element_type=\"widget\" data-widget_type=\"text-editor.default\">\n\t\t\t\t<div class=\"elementor-widget-container\">\n\t\t\t\t\t\t\t\t\t<p>CO2 emissions define our time. Theftex has set itself the goal of being able to track the indirect emissions (Scope 3) that occur during transportation. In collaboration with <a href=\"https:\/\/www.schuler-produktdesign.de\/de\/home.html\" target=\"_blank\" rel=\"noopener\">Schuler Produktdesign<\/a> we were able to develop a suitable housing for the PCB in a very short space of time. The objectives were a rapid market launch, minimal installation space for the housing and, of course, the usual suspects, a stylish appearance and a low manufacturing price. The result is an enclosure that can be assembled without tools, is slim and compact and has a modern, technical look thanks to its transparent bottom shell.\u00a0<\/p>\t\t\t\t\t\t\t\t<\/div>\n\t\t\t\t<\/div>\n\t\t\t\t<div class=\"elementor-element elementor-element-29248ffd elementor-widget elementor-widget-gallery\" data-id=\"29248ffd\" data-element_type=\"widget\" data-settings=\"{&quot;lazyload&quot;:&quot;yes&quot;,&quot;gallery_layout&quot;:&quot;grid&quot;,&quot;columns&quot;:4,&quot;columns_tablet&quot;:2,&quot;columns_mobile&quot;:1,&quot;gap&quot;:{&quot;unit&quot;:&quot;px&quot;,&quot;size&quot;:10,&quot;sizes&quot;:[]},&quot;gap_tablet&quot;:{&quot;unit&quot;:&quot;px&quot;,&quot;size&quot;:10,&quot;sizes&quot;:[]},&quot;gap_mobile&quot;:{&quot;unit&quot;:&quot;px&quot;,&quot;size&quot;:10,&quot;sizes&quot;:[]},&quot;link_to&quot;:&quot;file&quot;,&quot;aspect_ratio&quot;:&quot;3:2&quot;,&quot;overlay_background&quot;:&quot;yes&quot;,&quot;content_hover_animation&quot;:&quot;fade-in&quot;}\" data-widget_type=\"gallery.default\">\n\t\t\t\t<div class=\"elementor-widget-container\">\n\t\t\t\t\t\t\t<div class=\"elementor-gallery__container\">\n\t\t\t\t\t\t\t<a class=\"e-gallery-item elementor-gallery-item elementor-animated-content\" href=\"https:\/\/4tec-engineering.com\/wp-content\/uploads\/2024\/08\/Theftex-Scope3-04.jpg\" data-elementor-open-lightbox=\"yes\" data-elementor-lightbox-slideshow=\"29248ffd\" data-elementor-lightbox-title=\"Theftex - Scope3 - 04\" data-elementor-lightbox-description=\"Projekt\" data-e-action-hash=\"#elementor-action%3Aaction%3Dlightbox%26settings%3DeyJpZCI6NTI4NCwidXJsIjoiaHR0cHM6XC9cLzR0ZWMtZW5naW5lZXJpbmcuY29tXC93cC1jb250ZW50XC91cGxvYWRzXC8yMDI0XC8wOFwvVGhlZnRleC1TY29wZTMtMDQuanBnIiwic2xpZGVzaG93IjoiMjkyNDhmZmQifQ%3D%3D\">\n\t\t\t\t\t<div class=\"e-gallery-image elementor-gallery-item__image\" data-thumbnail=\"https:\/\/4tec-engineering.com\/wp-content\/uploads\/2024\/08\/Theftex-Scope3-04-300x225.jpg\" data-width=\"300\" data-height=\"225\" aria-label=\"Theftex - Scope3 - 04\" role=\"img\" ><\/div>\n\t\t\t\t\t\t\t\t\t\t\t<div class=\"elementor-gallery-item__overlay\"><\/div>\n\t\t\t\t\t\t\t\t\t\t\t\t\t\t<\/a>\n\t\t\t\t\t\t\t<a class=\"e-gallery-item elementor-gallery-item elementor-animated-content\" href=\"https:\/\/4tec-engineering.com\/wp-content\/uploads\/2024\/08\/Theftex-Scope3-03.jpg\" data-elementor-open-lightbox=\"yes\" data-elementor-lightbox-slideshow=\"29248ffd\" data-elementor-lightbox-title=\"Theftex - Scope3 - 03\" data-elementor-lightbox-description=\"Projekt\" data-e-action-hash=\"#elementor-action%3Aaction%3Dlightbox%26settings%3DeyJpZCI6NTI4MywidXJsIjoiaHR0cHM6XC9cLzR0ZWMtZW5naW5lZXJpbmcuY29tXC93cC1jb250ZW50XC91cGxvYWRzXC8yMDI0XC8wOFwvVGhlZnRleC1TY29wZTMtMDMuanBnIiwic2xpZGVzaG93IjoiMjkyNDhmZmQifQ%3D%3D\">\n\t\t\t\t\t<div class=\"e-gallery-image elementor-gallery-item__image\" data-thumbnail=\"https:\/\/4tec-engineering.com\/wp-content\/uploads\/2024\/08\/Theftex-Scope3-03-300x225.jpg\" data-width=\"300\" data-height=\"225\" aria-label=\"Theftex - Scope3 - 03\" role=\"img\" ><\/div>\n\t\t\t\t\t\t\t\t\t\t\t<div class=\"elementor-gallery-item__overlay\"><\/div>\n\t\t\t\t\t\t\t\t\t\t\t\t\t\t<\/a>\n\t\t\t\t\t\t\t<a class=\"e-gallery-item elementor-gallery-item elementor-animated-content\" href=\"https:\/\/4tec-engineering.com\/wp-content\/uploads\/2024\/08\/Theftex-Scope3-02.jpg\" data-elementor-open-lightbox=\"yes\" data-elementor-lightbox-slideshow=\"29248ffd\" data-elementor-lightbox-title=\"Theftex - Scope3 - 02\" data-elementor-lightbox-description=\"Projekt\" data-e-action-hash=\"#elementor-action%3Aaction%3Dlightbox%26settings%3DeyJpZCI6NTI4MiwidXJsIjoiaHR0cHM6XC9cLzR0ZWMtZW5naW5lZXJpbmcuY29tXC93cC1jb250ZW50XC91cGxvYWRzXC8yMDI0XC8wOFwvVGhlZnRleC1TY29wZTMtMDIuanBnIiwic2xpZGVzaG93IjoiMjkyNDhmZmQifQ%3D%3D\">\n\t\t\t\t\t<div class=\"e-gallery-image elementor-gallery-item__image\" data-thumbnail=\"https:\/\/4tec-engineering.com\/wp-content\/uploads\/2024\/08\/Theftex-Scope3-02-300x225.jpg\" data-width=\"300\" data-height=\"225\" aria-label=\"Theftex - Scope3 - 02\" role=\"img\" ><\/div>\n\t\t\t\t\t\t\t\t\t\t\t<div class=\"elementor-gallery-item__overlay\"><\/div>\n\t\t\t\t\t\t\t\t\t\t\t\t\t\t<\/a>\n\t\t\t\t\t\t\t<a class=\"e-gallery-item elementor-gallery-item elementor-animated-content\" href=\"https:\/\/4tec-engineering.com\/wp-content\/uploads\/2024\/08\/Theftex-Scope3-05.jpg\" data-elementor-open-lightbox=\"yes\" data-elementor-lightbox-slideshow=\"29248ffd\" data-elementor-lightbox-title=\"Theftex - Scope3 - 05\" data-elementor-lightbox-description=\"Projekt\" data-e-action-hash=\"#elementor-action%3Aaction%3Dlightbox%26settings%3DeyJpZCI6NTI4MCwidXJsIjoiaHR0cHM6XC9cLzR0ZWMtZW5naW5lZXJpbmcuY29tXC93cC1jb250ZW50XC91cGxvYWRzXC8yMDI0XC8wOFwvVGhlZnRleC1TY29wZTMtMDUuanBnIiwic2xpZGVzaG93IjoiMjkyNDhmZmQifQ%3D%3D\">\n\t\t\t\t\t<div class=\"e-gallery-image elementor-gallery-item__image\" data-thumbnail=\"https:\/\/4tec-engineering.com\/wp-content\/uploads\/2024\/08\/Theftex-Scope3-05-300x225.jpg\" data-width=\"300\" data-height=\"225\" aria-label=\"\" role=\"img\" ><\/div>\n\t\t\t\t\t\t\t\t\t\t\t<div class=\"elementor-gallery-item__overlay\"><\/div>\n\t\t\t\t\t\t\t\t\t\t\t\t\t\t<\/a>\n\t\t\t\t\t<\/div>\n\t\t\t\t\t<\/div>\n\t\t\t\t<\/div>\n\t\t\t\t\t<\/div>\n\t\t<\/div>\n\t\t\t\t\t<\/div>\n\t\t<\/section>\n\t\t\t\t\t<\/div>\n\t\t<\/div>\n\t\t\t\t\t<\/div>\n\t\t<\/section>\n\t\t\t\t<\/div>","protected":false},"excerpt":{"rendered":"<p>Alle Projekte N\u00e4chstes Projekt Theftex &#8211; Scope3 Tracker Jahr: 2024 Unsere Leistungen: Mechanische Entwicklung des Geh\u00e4use Kunde:\u00a0Theftex GmbH CO2 Emissionen bestimmen unsere Zeit. Theftex hat sich zum Ziel gesetzt, die indirekten Emissionen (Scope3), die beim Transport anfallen, tracken zu k\u00f6nnen. Daf\u00fcr haben wir in Zusammenarbeit mit Schuler Produktdesign in k\u00fcrzester Zeit ein geeignetes Geh\u00e4use f\u00fcr [&hellip;]<\/p>","protected":false},"author":1,"featured_media":0,"parent":114,"menu_order":0,"comment_status":"closed","ping_status":"closed","template":"","meta":{"footnotes":""},"class_list":["post-5271","page","type-page","status-publish","hentry"],"yoast_head":"<!-- This site is optimized with the Yoast SEO plugin v26.6 - https:\/\/yoast.com\/wordpress\/plugins\/seo\/ -->\n<title>Theftex-Scope3 - 4Tec Engineering<\/title>\n<meta name=\"robots\" content=\"index, follow, max-snippet:-1, max-image-preview:large, max-video-preview:-1\" \/>\n<link rel=\"canonical\" href=\"https:\/\/4tec-engineering.com\/en\/produktentwicklung\/projekte\/theftex-scope3\/\" \/>\n<meta property=\"og:locale\" content=\"en_US\" \/>\n<meta property=\"og:type\" content=\"article\" \/>\n<meta property=\"og:title\" content=\"Theftex-Scope3 - 4Tec Engineering\" \/>\n<meta property=\"og:description\" content=\"Alle Projekte N\u00e4chstes Projekt Theftex &#8211; Scope3 Tracker Jahr: 2024 Unsere Leistungen: Mechanische Entwicklung des Geh\u00e4use Kunde:\u00a0Theftex GmbH CO2 Emissionen bestimmen unsere Zeit. Theftex hat sich zum Ziel gesetzt, die indirekten Emissionen (Scope3), die beim Transport anfallen, tracken zu k\u00f6nnen. Daf\u00fcr haben wir in Zusammenarbeit mit Schuler Produktdesign in k\u00fcrzester Zeit ein geeignetes Geh\u00e4use f\u00fcr [&hellip;]\" \/>\n<meta property=\"og:url\" content=\"https:\/\/4tec-engineering.com\/en\/produktentwicklung\/projekte\/theftex-scope3\/\" \/>\n<meta property=\"og:site_name\" content=\"4Tec Engineering\" \/>\n<meta property=\"article:modified_time\" content=\"2024-08-27T07:08:03+00:00\" \/>\n<meta property=\"og:image\" content=\"https:\/\/4tec-engineering.com\/wp-content\/uploads\/2024\/08\/Theftex-Scope3-01.jpg\" \/>\n<meta name=\"twitter:card\" content=\"summary_large_image\" \/>\n<meta name=\"twitter:label1\" content=\"Est. reading time\" \/>\n\t<meta name=\"twitter:data1\" content=\"1 minute\" \/>\n<script type=\"application\/ld+json\" class=\"yoast-schema-graph\">{\"@context\":\"https:\/\/schema.org\",\"@graph\":[{\"@type\":\"WebPage\",\"@id\":\"https:\/\/4tec-engineering.com\/produktentwicklung\/projekte\/theftex-scope3\/\",\"url\":\"https:\/\/4tec-engineering.com\/produktentwicklung\/projekte\/theftex-scope3\/\",\"name\":\"Theftex-Scope3 - 4Tec Engineering\",\"isPartOf\":{\"@id\":\"https:\/\/4tec-engineering.com\/#website\"},\"primaryImageOfPage\":{\"@id\":\"https:\/\/4tec-engineering.com\/produktentwicklung\/projekte\/theftex-scope3\/#primaryimage\"},\"image\":{\"@id\":\"https:\/\/4tec-engineering.com\/produktentwicklung\/projekte\/theftex-scope3\/#primaryimage\"},\"thumbnailUrl\":\"https:\/\/4tec-engineering.com\/wp-content\/uploads\/2024\/08\/Theftex-Scope3-01.jpg\",\"datePublished\":\"2024-08-26T13:36:33+00:00\",\"dateModified\":\"2024-08-27T07:08:03+00:00\",\"breadcrumb\":{\"@id\":\"https:\/\/4tec-engineering.com\/produktentwicklung\/projekte\/theftex-scope3\/#breadcrumb\"},\"inLanguage\":\"en-US\",\"potentialAction\":[{\"@type\":\"ReadAction\",\"target\":[\"https:\/\/4tec-engineering.com\/produktentwicklung\/projekte\/theftex-scope3\/\"]}]},{\"@type\":\"ImageObject\",\"inLanguage\":\"en-US\",\"@id\":\"https:\/\/4tec-engineering.com\/produktentwicklung\/projekte\/theftex-scope3\/#primaryimage\",\"url\":\"https:\/\/4tec-engineering.com\/wp-content\/uploads\/2024\/08\/Theftex-Scope3-01.jpg\",\"contentUrl\":\"https:\/\/4tec-engineering.com\/wp-content\/uploads\/2024\/08\/Theftex-Scope3-01.jpg\"},{\"@type\":\"BreadcrumbList\",\"@id\":\"https:\/\/4tec-engineering.com\/produktentwicklung\/projekte\/theftex-scope3\/#breadcrumb\",\"itemListElement\":[{\"@type\":\"ListItem\",\"position\":1,\"name\":\"Startseite\",\"item\":\"https:\/\/4tec-engineering.com\/\"},{\"@type\":\"ListItem\",\"position\":2,\"name\":\"Home\",\"item\":\"https:\/\/4tec-engineering.com\/\"},{\"@type\":\"ListItem\",\"position\":3,\"name\":\"Projekte\",\"item\":\"https:\/\/4tec-engineering.com\/produktentwicklung\/projekte\/\"},{\"@type\":\"ListItem\",\"position\":4,\"name\":\"Theftex-Scope3\"}]},{\"@type\":\"WebSite\",\"@id\":\"https:\/\/4tec-engineering.com\/#website\",\"url\":\"https:\/\/4tec-engineering.com\/\",\"name\":\"4Tec Engineering\",\"description\":\"Produktentwicklung in Z\u00fcrich\",\"publisher\":{\"@id\":\"https:\/\/4tec-engineering.com\/#organization\"},\"alternateName\":\"4Tec\",\"potentialAction\":[{\"@type\":\"SearchAction\",\"target\":{\"@type\":\"EntryPoint\",\"urlTemplate\":\"https:\/\/4tec-engineering.com\/?s={search_term_string}\"},\"query-input\":{\"@type\":\"PropertyValueSpecification\",\"valueRequired\":true,\"valueName\":\"search_term_string\"}}],\"inLanguage\":\"en-US\"},{\"@type\":\"Organization\",\"@id\":\"https:\/\/4tec-engineering.com\/#organization\",\"name\":\"4Tec Engineering AG\",\"alternateName\":\"4Tec Engineering AG\",\"url\":\"https:\/\/4tec-engineering.com\/\",\"logo\":{\"@type\":\"ImageObject\",\"inLanguage\":\"en-US\",\"@id\":\"https:\/\/4tec-engineering.com\/#\/schema\/logo\/image\/\",\"url\":\"https:\/\/4tec-engineering.com\/wp-content\/uploads\/2023\/03\/4T_512x512-1.png\",\"contentUrl\":\"https:\/\/4tec-engineering.com\/wp-content\/uploads\/2023\/03\/4T_512x512-1.png\",\"width\":512,\"height\":512,\"caption\":\"4Tec Engineering AG\"},\"image\":{\"@id\":\"https:\/\/4tec-engineering.com\/#\/schema\/logo\/image\/\"},\"sameAs\":[\"https:\/\/www.linkedin.com\/company\/4tec-engineering\"]}]}<\/script>\n<!-- \/ Yoast SEO plugin. -->","yoast_head_json":{"title":"Theftex-Scope3 - 4Tec Engineering","robots":{"index":"index","follow":"follow","max-snippet":"max-snippet:-1","max-image-preview":"max-image-preview:large","max-video-preview":"max-video-preview:-1"},"canonical":"https:\/\/4tec-engineering.com\/en\/produktentwicklung\/projekte\/theftex-scope3\/","og_locale":"en_US","og_type":"article","og_title":"Theftex-Scope3 - 4Tec Engineering","og_description":"Alle Projekte N\u00e4chstes Projekt Theftex &#8211; Scope3 Tracker Jahr: 2024 Unsere Leistungen: Mechanische Entwicklung des Geh\u00e4use Kunde:\u00a0Theftex GmbH CO2 Emissionen bestimmen unsere Zeit. Theftex hat sich zum Ziel gesetzt, die indirekten Emissionen (Scope3), die beim Transport anfallen, tracken zu k\u00f6nnen. Daf\u00fcr haben wir in Zusammenarbeit mit Schuler Produktdesign in k\u00fcrzester Zeit ein geeignetes Geh\u00e4use f\u00fcr [&hellip;]","og_url":"https:\/\/4tec-engineering.com\/en\/produktentwicklung\/projekte\/theftex-scope3\/","og_site_name":"4Tec Engineering","article_modified_time":"2024-08-27T07:08:03+00:00","og_image":[{"url":"https:\/\/4tec-engineering.com\/wp-content\/uploads\/2024\/08\/Theftex-Scope3-01.jpg","type":"","width":"","height":""}],"twitter_card":"summary_large_image","twitter_misc":{"Est. reading time":"1 minute"},"schema":{"@context":"https:\/\/schema.org","@graph":[{"@type":"WebPage","@id":"https:\/\/4tec-engineering.com\/produktentwicklung\/projekte\/theftex-scope3\/","url":"https:\/\/4tec-engineering.com\/produktentwicklung\/projekte\/theftex-scope3\/","name":"Theftex-Scope3 - 4Tec Engineering","isPartOf":{"@id":"https:\/\/4tec-engineering.com\/#website"},"primaryImageOfPage":{"@id":"https:\/\/4tec-engineering.com\/produktentwicklung\/projekte\/theftex-scope3\/#primaryimage"},"image":{"@id":"https:\/\/4tec-engineering.com\/produktentwicklung\/projekte\/theftex-scope3\/#primaryimage"},"thumbnailUrl":"https:\/\/4tec-engineering.com\/wp-content\/uploads\/2024\/08\/Theftex-Scope3-01.jpg","datePublished":"2024-08-26T13:36:33+00:00","dateModified":"2024-08-27T07:08:03+00:00","breadcrumb":{"@id":"https:\/\/4tec-engineering.com\/produktentwicklung\/projekte\/theftex-scope3\/#breadcrumb"},"inLanguage":"en-US","potentialAction":[{"@type":"ReadAction","target":["https:\/\/4tec-engineering.com\/produktentwicklung\/projekte\/theftex-scope3\/"]}]},{"@type":"ImageObject","inLanguage":"en-US","@id":"https:\/\/4tec-engineering.com\/produktentwicklung\/projekte\/theftex-scope3\/#primaryimage","url":"https:\/\/4tec-engineering.com\/wp-content\/uploads\/2024\/08\/Theftex-Scope3-01.jpg","contentUrl":"https:\/\/4tec-engineering.com\/wp-content\/uploads\/2024\/08\/Theftex-Scope3-01.jpg"},{"@type":"BreadcrumbList","@id":"https:\/\/4tec-engineering.com\/produktentwicklung\/projekte\/theftex-scope3\/#breadcrumb","itemListElement":[{"@type":"ListItem","position":1,"name":"Startseite","item":"https:\/\/4tec-engineering.com\/"},{"@type":"ListItem","position":2,"name":"Home","item":"https:\/\/4tec-engineering.com\/"},{"@type":"ListItem","position":3,"name":"Projekte","item":"https:\/\/4tec-engineering.com\/produktentwicklung\/projekte\/"},{"@type":"ListItem","position":4,"name":"Theftex-Scope3"}]},{"@type":"WebSite","@id":"https:\/\/4tec-engineering.com\/#website","url":"https:\/\/4tec-engineering.com\/","name":"4Tec Engineering","description":"Product development in Zurich","publisher":{"@id":"https:\/\/4tec-engineering.com\/#organization"},"alternateName":"4Tec","potentialAction":[{"@type":"SearchAction","target":{"@type":"EntryPoint","urlTemplate":"https:\/\/4tec-engineering.com\/?s={search_term_string}"},"query-input":{"@type":"PropertyValueSpecification","valueRequired":true,"valueName":"search_term_string"}}],"inLanguage":"en-US"},{"@type":"Organization","@id":"https:\/\/4tec-engineering.com\/#organization","name":"4Tec Engineering AG","alternateName":"4Tec Engineering AG","url":"https:\/\/4tec-engineering.com\/","logo":{"@type":"ImageObject","inLanguage":"en-US","@id":"https:\/\/4tec-engineering.com\/#\/schema\/logo\/image\/","url":"https:\/\/4tec-engineering.com\/wp-content\/uploads\/2023\/03\/4T_512x512-1.png","contentUrl":"https:\/\/4tec-engineering.com\/wp-content\/uploads\/2023\/03\/4T_512x512-1.png","width":512,"height":512,"caption":"4Tec Engineering AG"},"image":{"@id":"https:\/\/4tec-engineering.com\/#\/schema\/logo\/image\/"},"sameAs":["https:\/\/www.linkedin.com\/company\/4tec-engineering"]}]}},"_links":{"self":[{"href":"https:\/\/4tec-engineering.com\/en\/wp-json\/wp\/v2\/pages\/5271","targetHints":{"allow":["GET"]}}],"collection":[{"href":"https:\/\/4tec-engineering.com\/en\/wp-json\/wp\/v2\/pages"}],"about":[{"href":"https:\/\/4tec-engineering.com\/en\/wp-json\/wp\/v2\/types\/page"}],"author":[{"embeddable":true,"href":"https:\/\/4tec-engineering.com\/en\/wp-json\/wp\/v2\/users\/1"}],"replies":[{"embeddable":true,"href":"https:\/\/4tec-engineering.com\/en\/wp-json\/wp\/v2\/comments?post=5271"}],"version-history":[{"count":21,"href":"https:\/\/4tec-engineering.com\/en\/wp-json\/wp\/v2\/pages\/5271\/revisions"}],"predecessor-version":[{"id":5351,"href":"https:\/\/4tec-engineering.com\/en\/wp-json\/wp\/v2\/pages\/5271\/revisions\/5351"}],"up":[{"embeddable":true,"href":"https:\/\/4tec-engineering.com\/en\/wp-json\/wp\/v2\/pages\/114"}],"wp:attachment":[{"href":"https:\/\/4tec-engineering.com\/en\/wp-json\/wp\/v2\/media?parent=5271"}],"curies":[{"name":"wp","href":"https:\/\/api.w.org\/{rel}","templated":true}]}}