{"id":5217,"date":"2024-02-22T11:24:57","date_gmt":"2024-02-22T11:24:57","guid":{"rendered":"https:\/\/4tec-engineering.com\/?page_id=5217"},"modified":"2024-03-28T13:17:06","modified_gmt":"2024-03-28T13:17:06","slug":"stadtpolizei-zurich-mp-laufputzstand","status":"publish","type":"page","link":"https:\/\/4tec-engineering.com\/en\/produktentwicklung\/projekte\/stadtpolizei-zurich-mp-laufputzstand\/","title":{"rendered":"Stadtpolizei Z\u00fcrich-MP Laufputzstand"},"content":{"rendered":"<div data-elementor-type=\"wp-page\" data-elementor-id=\"5217\" class=\"elementor elementor-5217\" data-elementor-post-type=\"page\">\n\t\t\t\t\t\t<section class=\"elementor-section elementor-top-section elementor-element elementor-element-9455603 elementor-section-boxed elementor-section-height-default elementor-section-height-default\" data-id=\"9455603\" data-element_type=\"section\">\n\t\t\t\t\t\t<div class=\"elementor-container elementor-column-gap-default\">\n\t\t\t\t\t<div class=\"elementor-column elementor-col-100 elementor-top-column elementor-element elementor-element-4ea6eda8\" data-id=\"4ea6eda8\" data-element_type=\"column\">\n\t\t\t<div class=\"elementor-widget-wrap elementor-element-populated\">\n\t\t\t\t\t\t<section class=\"elementor-section elementor-inner-section elementor-element elementor-element-4f045b23 elementor-section-boxed elementor-section-height-default elementor-section-height-default\" data-id=\"4f045b23\" data-element_type=\"section\">\n\t\t\t\t\t\t<div class=\"elementor-container elementor-column-gap-default\">\n\t\t\t\t\t<div class=\"elementor-column elementor-col-50 elementor-inner-column elementor-element elementor-element-f470cc0\" data-id=\"f470cc0\" data-element_type=\"column\">\n\t\t\t<div class=\"elementor-widget-wrap elementor-element-populated\">\n\t\t\t\t\t\t<div class=\"elementor-element elementor-element-46cff1b3 elementor-position-left elementor-view-default elementor-mobile-position-top elementor-widget elementor-widget-icon-box\" data-id=\"46cff1b3\" data-element_type=\"widget\" data-widget_type=\"icon-box.default\">\n\t\t\t\t<div class=\"elementor-widget-container\">\n\t\t\t\t\t\t\t<div class=\"elementor-icon-box-wrapper\">\n\n\t\t\t\t\t\t<div class=\"elementor-icon-box-icon\">\n\t\t\t\t<a href=\"https:\/\/4tec-engineering.com\/en\/home\/projekte\/#Projekte\" class=\"elementor-icon\" tabindex=\"-1\" aria-label=\"All projects\">\n\t\t\t\t<i aria-hidden=\"true\" class=\"fas fa-arrow-left\"><\/i>\t\t\t\t<\/a>\n\t\t\t<\/div>\n\t\t\t\n\t\t\t\t\t\t<div class=\"elementor-icon-box-content\">\n\n\t\t\t\t\t\t\t\t\t<h3 class=\"elementor-icon-box-title\">\n\t\t\t\t\t\t<a href=\"https:\/\/4tec-engineering.com\/en\/home\/projekte\/#Projekte\" >\n\t\t\t\t\t\t\tAll projects\t\t\t\t\t\t<\/a>\n\t\t\t\t\t<\/h3>\n\t\t\t\t\n\t\t\t\t\n\t\t\t<\/div>\n\t\t\t\n\t\t<\/div>\n\t\t\t\t\t\t<\/div>\n\t\t\t\t<\/div>\n\t\t\t\t<div class=\"elementor-element elementor-element-6d22f5bc elementor-position-right elementor-view-default elementor-mobile-position-top elementor-widget elementor-widget-icon-box\" data-id=\"6d22f5bc\" data-element_type=\"widget\" data-widget_type=\"icon-box.default\">\n\t\t\t\t<div class=\"elementor-widget-container\">\n\t\t\t\t\t\t\t<div class=\"elementor-icon-box-wrapper\">\n\n\t\t\t\t\t\t<div class=\"elementor-icon-box-icon\">\n\t\t\t\t<a href=\"https:\/\/4tec-engineering.com\/en\/produktentwicklung\/projekte\/udo-homeoffice\/\" class=\"elementor-icon\" tabindex=\"-1\" aria-label=\"Next Project\">\n\t\t\t\t<i aria-hidden=\"true\" class=\"fas fa-arrow-right\"><\/i>\t\t\t\t<\/a>\n\t\t\t<\/div>\n\t\t\t\n\t\t\t\t\t\t<div class=\"elementor-icon-box-content\">\n\n\t\t\t\t\t\t\t\t\t<h3 class=\"elementor-icon-box-title\">\n\t\t\t\t\t\t<a href=\"https:\/\/4tec-engineering.com\/en\/produktentwicklung\/projekte\/udo-homeoffice\/\" >\n\t\t\t\t\t\t\tNext Project\t\t\t\t\t\t<\/a>\n\t\t\t\t\t<\/h3>\n\t\t\t\t\n\t\t\t\t\n\t\t\t<\/div>\n\t\t\t\n\t\t<\/div>\n\t\t\t\t\t\t<\/div>\n\t\t\t\t<\/div>\n\t\t\t\t\t<\/div>\n\t\t<\/div>\n\t\t\t\t<div class=\"elementor-column elementor-col-50 elementor-inner-column elementor-element elementor-element-28f4af23\" data-id=\"28f4af23\" data-element_type=\"column\">\n\t\t\t<div class=\"elementor-widget-wrap elementor-element-populated\">\n\t\t\t\t\t\t<div class=\"elementor-element elementor-element-69426508 elementor-widget elementor-widget-image\" data-id=\"69426508\" data-element_type=\"widget\" data-widget_type=\"image.default\">\n\t\t\t\t<div class=\"elementor-widget-container\">\n\t\t\t\t\t\t\t\t\t\t\t\t\t\t\t<img fetchpriority=\"high\" decoding=\"async\" width=\"2032\" height=\"601\" src=\"https:\/\/4tec-engineering.com\/wp-content\/uploads\/2024\/02\/Stadtpolizei-Zuerich-Laufputzstand-01-jpg.webp\" class=\"attachment-full size-full wp-image-5223\" alt=\"Stadtpolizei Z\u00fcrich - Laufputzstand - 01\" srcset=\"https:\/\/4tec-engineering.com\/wp-content\/uploads\/2024\/02\/Stadtpolizei-Zuerich-Laufputzstand-01-jpg.webp 2032w, https:\/\/4tec-engineering.com\/wp-content\/uploads\/2024\/02\/Stadtpolizei-Zuerich-Laufputzstand-01-300x89.webp 300w, https:\/\/4tec-engineering.com\/wp-content\/uploads\/2024\/02\/Stadtpolizei-Zuerich-Laufputzstand-01-1024x303.webp 1024w, https:\/\/4tec-engineering.com\/wp-content\/uploads\/2024\/02\/Stadtpolizei-Zuerich-Laufputzstand-01-768x227.webp 768w, https:\/\/4tec-engineering.com\/wp-content\/uploads\/2024\/02\/Stadtpolizei-Zuerich-Laufputzstand-01-1536x454.webp 1536w, https:\/\/4tec-engineering.com\/wp-content\/uploads\/2024\/02\/Stadtpolizei-Zuerich-Laufputzstand-01-18x5.webp 18w\" sizes=\"(max-width: 2032px) 100vw, 2032px\" \/>\t\t\t\t\t\t\t\t\t\t\t\t\t\t\t<\/div>\n\t\t\t\t<\/div>\n\t\t\t\t<div class=\"elementor-element elementor-element-3e7e0b0a elementor-widget elementor-widget-heading\" data-id=\"3e7e0b0a\" data-element_type=\"widget\" data-widget_type=\"heading.default\">\n\t\t\t\t<div class=\"elementor-widget-container\">\n\t\t\t\t\t<h2 class=\"elementor-heading-title elementor-size-default\">Zurich City Police - Gun cleaning machine<\/h2>\t\t\t\t<\/div>\n\t\t\t\t<\/div>\n\t\t\t\t<div class=\"elementor-element elementor-element-4d8ea928 elementor-widget elementor-widget-text-editor\" data-id=\"4d8ea928\" data-element_type=\"widget\" data-widget_type=\"text-editor.default\">\n\t\t\t\t<div class=\"elementor-widget-container\">\n\t\t\t\t\t\t\t\t\tYear: 2023\n<br>\n<br>\nOur services: Mechanical development, production\n<br>\n<br>\nCustomer:\u00a0<a href=\"https:\/\/www.stadt-zuerich.ch\/pd\/de\/index\/stadtpolizei_zuerich.html\"><span style=\"color: #2095c1\">Stadtpolizei Z\u00fcrich<\/span><\/a>\t\t\t\t\t\t\t\t<\/div>\n\t\t\t\t<\/div>\n\t\t\t\t<div class=\"elementor-element elementor-element-6c3cdf35 elementor-widget elementor-widget-text-editor\" data-id=\"6c3cdf35\" data-element_type=\"widget\" data-widget_type=\"text-editor.default\">\n\t\t\t\t<div class=\"elementor-widget-container\">\n\t\t\t\t\t\t\t\t\tDevelopment of an MP barrel cleaning rig for the new \"Blaulicht\" training centre of the Zurich city police. Simple procedure for the maintenance of firearms. The barrel cleaner brush cleans the firearms safely and automatically.<br>\nWhen the STOP button is pressed, a position sensor is integrated to ensure that the brush reliably moves to the upper standby position. This enables the gun to be attached to or removed from the machine.\nThe main focus during the development of the cleaning rig was on the robustness and reliability of the machine.\nThe machine is driven by a durable induction motor and the entire technology is integrated into a solid aluminium profile frame construction, invisible to the user.\t\t\t\t\t\t\t\t<\/div>\n\t\t\t\t<\/div>\n\t\t\t\t<div class=\"elementor-element elementor-element-6746a933 elementor-widget elementor-widget-gallery\" data-id=\"6746a933\" data-element_type=\"widget\" data-settings=\"{&quot;lazyload&quot;:&quot;yes&quot;,&quot;gallery_layout&quot;:&quot;grid&quot;,&quot;columns&quot;:4,&quot;columns_tablet&quot;:2,&quot;columns_mobile&quot;:1,&quot;gap&quot;:{&quot;unit&quot;:&quot;px&quot;,&quot;size&quot;:10,&quot;sizes&quot;:[]},&quot;gap_tablet&quot;:{&quot;unit&quot;:&quot;px&quot;,&quot;size&quot;:10,&quot;sizes&quot;:[]},&quot;gap_mobile&quot;:{&quot;unit&quot;:&quot;px&quot;,&quot;size&quot;:10,&quot;sizes&quot;:[]},&quot;link_to&quot;:&quot;file&quot;,&quot;aspect_ratio&quot;:&quot;3:2&quot;,&quot;overlay_background&quot;:&quot;yes&quot;,&quot;content_hover_animation&quot;:&quot;fade-in&quot;}\" data-widget_type=\"gallery.default\">\n\t\t\t\t<div class=\"elementor-widget-container\">\n\t\t\t\t\t\t\t<div class=\"elementor-gallery__container\">\n\t\t\t\t\t\t\t<a class=\"e-gallery-item elementor-gallery-item elementor-animated-content\" href=\"https:\/\/4tec-engineering.com\/wp-content\/uploads\/2024\/02\/Stadtpolizei-Zuerich-Laufputzstand-05-jpg.webp\" data-elementor-open-lightbox=\"yes\" data-elementor-lightbox-slideshow=\"6746a933\" data-elementor-lightbox-title=\"Stadtpolizei Z\u00fcrich - Laufputzstand - 05\" data-elementor-lightbox-description=\"Projekt\" data-e-action-hash=\"#elementor-action%3Aaction%3Dlightbox%26settings%3DeyJpZCI6NTIyNywidXJsIjoiaHR0cHM6XC9cLzR0ZWMtZW5naW5lZXJpbmcuY29tXC93cC1jb250ZW50XC91cGxvYWRzXC8yMDI0XC8wMlwvU3RhZHRwb2xpemVpLVp1ZXJpY2gtTGF1ZnB1dHpzdGFuZC0wNS1qcGcud2VicCIsInNsaWRlc2hvdyI6IjY3NDZhOTMzIn0%3D\">\n\t\t\t\t\t<div class=\"e-gallery-image elementor-gallery-item__image\" data-thumbnail=\"https:\/\/4tec-engineering.com\/wp-content\/uploads\/2024\/02\/Stadtpolizei-Zuerich-Laufputzstand-05-300x225.webp\" data-width=\"300\" data-height=\"225\" aria-label=\"Stadtpolizei Z\u00fcrich - Laufputzstand - 05\" role=\"img\" ><\/div>\n\t\t\t\t\t\t\t\t\t\t\t<div class=\"elementor-gallery-item__overlay\"><\/div>\n\t\t\t\t\t\t\t\t\t\t\t\t\t\t<\/a>\n\t\t\t\t\t\t\t<a class=\"e-gallery-item elementor-gallery-item elementor-animated-content\" href=\"https:\/\/4tec-engineering.com\/wp-content\/uploads\/2024\/02\/Stadtpolizei-Zuerich-Laufputzstand-04-jpg.webp\" data-elementor-open-lightbox=\"yes\" data-elementor-lightbox-slideshow=\"6746a933\" data-elementor-lightbox-title=\"Stadtpolizei Z\u00fcrich - Laufputzstand - 04\" data-elementor-lightbox-description=\"Projekt\" data-e-action-hash=\"#elementor-action%3Aaction%3Dlightbox%26settings%3DeyJpZCI6NTIyNiwidXJsIjoiaHR0cHM6XC9cLzR0ZWMtZW5naW5lZXJpbmcuY29tXC93cC1jb250ZW50XC91cGxvYWRzXC8yMDI0XC8wMlwvU3RhZHRwb2xpemVpLVp1ZXJpY2gtTGF1ZnB1dHpzdGFuZC0wNC1qcGcud2VicCIsInNsaWRlc2hvdyI6IjY3NDZhOTMzIn0%3D\">\n\t\t\t\t\t<div class=\"e-gallery-image elementor-gallery-item__image\" data-thumbnail=\"https:\/\/4tec-engineering.com\/wp-content\/uploads\/2024\/02\/Stadtpolizei-Zuerich-Laufputzstand-04-300x225.webp\" data-width=\"300\" data-height=\"225\" aria-label=\"Stadtpolizei Z\u00fcrich - Laufputzstand - 04\" role=\"img\" ><\/div>\n\t\t\t\t\t\t\t\t\t\t\t<div class=\"elementor-gallery-item__overlay\"><\/div>\n\t\t\t\t\t\t\t\t\t\t\t\t\t\t<\/a>\n\t\t\t\t\t\t\t<a class=\"e-gallery-item elementor-gallery-item elementor-animated-content\" href=\"https:\/\/4tec-engineering.com\/wp-content\/uploads\/2024\/02\/Stadtpolizei-Zuerich-Laufputzstand-03-jpg.webp\" data-elementor-open-lightbox=\"yes\" data-elementor-lightbox-slideshow=\"6746a933\" data-elementor-lightbox-title=\"Stadtpolizei Z\u00fcrich - Laufputzstand - 03\" data-elementor-lightbox-description=\"Projekt\" data-e-action-hash=\"#elementor-action%3Aaction%3Dlightbox%26settings%3DeyJpZCI6NTIyNSwidXJsIjoiaHR0cHM6XC9cLzR0ZWMtZW5naW5lZXJpbmcuY29tXC93cC1jb250ZW50XC91cGxvYWRzXC8yMDI0XC8wMlwvU3RhZHRwb2xpemVpLVp1ZXJpY2gtTGF1ZnB1dHpzdGFuZC0wMy1qcGcud2VicCIsInNsaWRlc2hvdyI6IjY3NDZhOTMzIn0%3D\">\n\t\t\t\t\t<div class=\"e-gallery-image elementor-gallery-item__image\" data-thumbnail=\"https:\/\/4tec-engineering.com\/wp-content\/uploads\/2024\/02\/Stadtpolizei-Zuerich-Laufputzstand-03-300x225.webp\" data-width=\"300\" data-height=\"225\" aria-label=\"Stadtpolizei Z\u00fcrich - Laufputzstand - 03\" role=\"img\" ><\/div>\n\t\t\t\t\t\t\t\t\t\t\t<div class=\"elementor-gallery-item__overlay\"><\/div>\n\t\t\t\t\t\t\t\t\t\t\t\t\t\t<\/a>\n\t\t\t\t\t\t\t<a class=\"e-gallery-item elementor-gallery-item elementor-animated-content\" href=\"https:\/\/4tec-engineering.com\/wp-content\/uploads\/2024\/02\/Stadtpolizei-Zuerich-Laufputzstand-02-jpg.webp\" data-elementor-open-lightbox=\"yes\" data-elementor-lightbox-slideshow=\"6746a933\" data-elementor-lightbox-title=\"Stadtpolizei Z\u00fcrich - Laufputzstand - 02\" data-elementor-lightbox-description=\"Projekt\" data-e-action-hash=\"#elementor-action%3Aaction%3Dlightbox%26settings%3DeyJpZCI6NTIyNCwidXJsIjoiaHR0cHM6XC9cLzR0ZWMtZW5naW5lZXJpbmcuY29tXC93cC1jb250ZW50XC91cGxvYWRzXC8yMDI0XC8wMlwvU3RhZHRwb2xpemVpLVp1ZXJpY2gtTGF1ZnB1dHpzdGFuZC0wMi1qcGcud2VicCIsInNsaWRlc2hvdyI6IjY3NDZhOTMzIn0%3D\">\n\t\t\t\t\t<div class=\"e-gallery-image elementor-gallery-item__image\" data-thumbnail=\"https:\/\/4tec-engineering.com\/wp-content\/uploads\/2024\/02\/Stadtpolizei-Zuerich-Laufputzstand-02-300x225.webp\" data-width=\"300\" data-height=\"225\" aria-label=\"Stadtpolizei Z\u00fcrich - Laufputzstand - 02\" role=\"img\" ><\/div>\n\t\t\t\t\t\t\t\t\t\t\t<div class=\"elementor-gallery-item__overlay\"><\/div>\n\t\t\t\t\t\t\t\t\t\t\t\t\t\t<\/a>\n\t\t\t\t\t<\/div>\n\t\t\t\t\t<\/div>\n\t\t\t\t<\/div>\n\t\t\t\t\t<\/div>\n\t\t<\/div>\n\t\t\t\t\t<\/div>\n\t\t<\/section>\n\t\t\t\t\t<\/div>\n\t\t<\/div>\n\t\t\t\t\t<\/div>\n\t\t<\/section>\n\t\t\t\t<\/div>","protected":false},"excerpt":{"rendered":"<p>Alle Projekte N\u00e4chstes Projekt Stadtpolizei Z\u00fcrich &#8211; MP Laufputzstand Jahr: 2023 Unsere Leistungen: Mechanische Entwicklung, Produktion Kunde:\u00a0Stadtpolizei Z\u00fcrichEntwicklung eines MP Laufputzstandes f\u00fcr das neue Ausbildungszentrum &#8222;Blaulicht&#8220; der Stadtpolizei Z\u00fcrich. Simples Verfahren zur Wartung von Feuerwaffen. Die Laufreiniger B\u00fcrste reinigt die Feuerwaffen sicher und automatisiert. Wenn der STOP-Knopf bet\u00e4tigt wird, ist ein Positionsgeber vorgesehen, damit die [&hellip;]<\/p>","protected":false},"author":1,"featured_media":0,"parent":114,"menu_order":0,"comment_status":"closed","ping_status":"closed","template":"elementor_header_footer","meta":{"footnotes":""},"class_list":["post-5217","page","type-page","status-publish","hentry"],"yoast_head":"<!-- This site is optimized with the Yoast SEO plugin v26.6 - https:\/\/yoast.com\/wordpress\/plugins\/seo\/ -->\n<title>Stadtpolizei Z\u00fcrich-MP Laufputzstand - 4Tec Engineering<\/title>\n<meta name=\"robots\" content=\"index, follow, max-snippet:-1, max-image-preview:large, max-video-preview:-1\" \/>\n<link rel=\"canonical\" href=\"https:\/\/4tec-engineering.com\/en\/produktentwicklung\/projekte\/stadtpolizei-zurich-mp-laufputzstand\/\" \/>\n<meta property=\"og:locale\" content=\"en_US\" \/>\n<meta property=\"og:type\" content=\"article\" \/>\n<meta property=\"og:title\" content=\"Stadtpolizei Z\u00fcrich-MP Laufputzstand - 4Tec Engineering\" \/>\n<meta property=\"og:description\" content=\"Alle Projekte N\u00e4chstes Projekt Stadtpolizei Z\u00fcrich &#8211; MP Laufputzstand Jahr: 2023 Unsere Leistungen: Mechanische Entwicklung, Produktion Kunde:\u00a0Stadtpolizei Z\u00fcrichEntwicklung eines MP Laufputzstandes f\u00fcr das neue Ausbildungszentrum &#8222;Blaulicht&#8220; der Stadtpolizei Z\u00fcrich. Simples Verfahren zur Wartung von Feuerwaffen. Die Laufreiniger B\u00fcrste reinigt die Feuerwaffen sicher und automatisiert. Wenn der STOP-Knopf bet\u00e4tigt wird, ist ein Positionsgeber vorgesehen, damit die [&hellip;]\" \/>\n<meta property=\"og:url\" content=\"https:\/\/4tec-engineering.com\/en\/produktentwicklung\/projekte\/stadtpolizei-zurich-mp-laufputzstand\/\" \/>\n<meta property=\"og:site_name\" content=\"4Tec Engineering\" \/>\n<meta property=\"article:modified_time\" content=\"2024-03-28T13:17:06+00:00\" \/>\n<meta property=\"og:image\" content=\"https:\/\/4tec-engineering.com\/wp-content\/uploads\/2024\/02\/Stadtpolizei-Zuerich-Laufputzstand-01-jpg.webp\" \/>\n<meta name=\"twitter:card\" content=\"summary_large_image\" \/>\n<meta name=\"twitter:label1\" content=\"Est. reading time\" \/>\n\t<meta name=\"twitter:data1\" content=\"1 minute\" \/>\n<script type=\"application\/ld+json\" class=\"yoast-schema-graph\">{\"@context\":\"https:\/\/schema.org\",\"@graph\":[{\"@type\":\"WebPage\",\"@id\":\"https:\/\/4tec-engineering.com\/produktentwicklung\/projekte\/stadtpolizei-zurich-mp-laufputzstand\/\",\"url\":\"https:\/\/4tec-engineering.com\/produktentwicklung\/projekte\/stadtpolizei-zurich-mp-laufputzstand\/\",\"name\":\"Stadtpolizei Z\u00fcrich-MP Laufputzstand - 4Tec Engineering\",\"isPartOf\":{\"@id\":\"https:\/\/4tec-engineering.com\/#website\"},\"primaryImageOfPage\":{\"@id\":\"https:\/\/4tec-engineering.com\/produktentwicklung\/projekte\/stadtpolizei-zurich-mp-laufputzstand\/#primaryimage\"},\"image\":{\"@id\":\"https:\/\/4tec-engineering.com\/produktentwicklung\/projekte\/stadtpolizei-zurich-mp-laufputzstand\/#primaryimage\"},\"thumbnailUrl\":\"https:\/\/4tec-engineering.com\/wp-content\/uploads\/2024\/02\/Stadtpolizei-Zuerich-Laufputzstand-01-jpg.webp\",\"datePublished\":\"2024-02-22T11:24:57+00:00\",\"dateModified\":\"2024-03-28T13:17:06+00:00\",\"breadcrumb\":{\"@id\":\"https:\/\/4tec-engineering.com\/produktentwicklung\/projekte\/stadtpolizei-zurich-mp-laufputzstand\/#breadcrumb\"},\"inLanguage\":\"en-US\",\"potentialAction\":[{\"@type\":\"ReadAction\",\"target\":[\"https:\/\/4tec-engineering.com\/produktentwicklung\/projekte\/stadtpolizei-zurich-mp-laufputzstand\/\"]}]},{\"@type\":\"ImageObject\",\"inLanguage\":\"en-US\",\"@id\":\"https:\/\/4tec-engineering.com\/produktentwicklung\/projekte\/stadtpolizei-zurich-mp-laufputzstand\/#primaryimage\",\"url\":\"https:\/\/4tec-engineering.com\/wp-content\/uploads\/2024\/02\/Stadtpolizei-Zuerich-Laufputzstand-01-jpg.webp\",\"contentUrl\":\"https:\/\/4tec-engineering.com\/wp-content\/uploads\/2024\/02\/Stadtpolizei-Zuerich-Laufputzstand-01-jpg.webp\"},{\"@type\":\"BreadcrumbList\",\"@id\":\"https:\/\/4tec-engineering.com\/produktentwicklung\/projekte\/stadtpolizei-zurich-mp-laufputzstand\/#breadcrumb\",\"itemListElement\":[{\"@type\":\"ListItem\",\"position\":1,\"name\":\"Startseite\",\"item\":\"https:\/\/4tec-engineering.com\/\"},{\"@type\":\"ListItem\",\"position\":2,\"name\":\"Home\",\"item\":\"https:\/\/4tec-engineering.com\/\"},{\"@type\":\"ListItem\",\"position\":3,\"name\":\"Projekte\",\"item\":\"https:\/\/4tec-engineering.com\/produktentwicklung\/projekte\/\"},{\"@type\":\"ListItem\",\"position\":4,\"name\":\"Stadtpolizei Z\u00fcrich-MP Laufputzstand\"}]},{\"@type\":\"WebSite\",\"@id\":\"https:\/\/4tec-engineering.com\/#website\",\"url\":\"https:\/\/4tec-engineering.com\/\",\"name\":\"4Tec Engineering\",\"description\":\"Produktentwicklung in Z\u00fcrich\",\"publisher\":{\"@id\":\"https:\/\/4tec-engineering.com\/#organization\"},\"alternateName\":\"4Tec\",\"potentialAction\":[{\"@type\":\"SearchAction\",\"target\":{\"@type\":\"EntryPoint\",\"urlTemplate\":\"https:\/\/4tec-engineering.com\/?s={search_term_string}\"},\"query-input\":{\"@type\":\"PropertyValueSpecification\",\"valueRequired\":true,\"valueName\":\"search_term_string\"}}],\"inLanguage\":\"en-US\"},{\"@type\":\"Organization\",\"@id\":\"https:\/\/4tec-engineering.com\/#organization\",\"name\":\"4Tec Engineering AG\",\"alternateName\":\"4Tec Engineering AG\",\"url\":\"https:\/\/4tec-engineering.com\/\",\"logo\":{\"@type\":\"ImageObject\",\"inLanguage\":\"en-US\",\"@id\":\"https:\/\/4tec-engineering.com\/#\/schema\/logo\/image\/\",\"url\":\"https:\/\/4tec-engineering.com\/wp-content\/uploads\/2023\/03\/4T_512x512-1.png\",\"contentUrl\":\"https:\/\/4tec-engineering.com\/wp-content\/uploads\/2023\/03\/4T_512x512-1.png\",\"width\":512,\"height\":512,\"caption\":\"4Tec Engineering AG\"},\"image\":{\"@id\":\"https:\/\/4tec-engineering.com\/#\/schema\/logo\/image\/\"},\"sameAs\":[\"https:\/\/www.linkedin.com\/company\/4tec-engineering\"]}]}<\/script>\n<!-- \/ Yoast SEO plugin. -->","yoast_head_json":{"title":"Stadtpolizei Z\u00fcrich-MP Laufputzstand - 4Tec Engineering","robots":{"index":"index","follow":"follow","max-snippet":"max-snippet:-1","max-image-preview":"max-image-preview:large","max-video-preview":"max-video-preview:-1"},"canonical":"https:\/\/4tec-engineering.com\/en\/produktentwicklung\/projekte\/stadtpolizei-zurich-mp-laufputzstand\/","og_locale":"en_US","og_type":"article","og_title":"Stadtpolizei Z\u00fcrich-MP Laufputzstand - 4Tec Engineering","og_description":"Alle Projekte N\u00e4chstes Projekt Stadtpolizei Z\u00fcrich &#8211; MP Laufputzstand Jahr: 2023 Unsere Leistungen: Mechanische Entwicklung, Produktion Kunde:\u00a0Stadtpolizei Z\u00fcrichEntwicklung eines MP Laufputzstandes f\u00fcr das neue Ausbildungszentrum &#8222;Blaulicht&#8220; der Stadtpolizei Z\u00fcrich. Simples Verfahren zur Wartung von Feuerwaffen. Die Laufreiniger B\u00fcrste reinigt die Feuerwaffen sicher und automatisiert. Wenn der STOP-Knopf bet\u00e4tigt wird, ist ein Positionsgeber vorgesehen, damit die [&hellip;]","og_url":"https:\/\/4tec-engineering.com\/en\/produktentwicklung\/projekte\/stadtpolizei-zurich-mp-laufputzstand\/","og_site_name":"4Tec Engineering","article_modified_time":"2024-03-28T13:17:06+00:00","og_image":[{"url":"https:\/\/4tec-engineering.com\/wp-content\/uploads\/2024\/02\/Stadtpolizei-Zuerich-Laufputzstand-01-jpg.webp","type":"","width":"","height":""}],"twitter_card":"summary_large_image","twitter_misc":{"Est. reading time":"1 minute"},"schema":{"@context":"https:\/\/schema.org","@graph":[{"@type":"WebPage","@id":"https:\/\/4tec-engineering.com\/produktentwicklung\/projekte\/stadtpolizei-zurich-mp-laufputzstand\/","url":"https:\/\/4tec-engineering.com\/produktentwicklung\/projekte\/stadtpolizei-zurich-mp-laufputzstand\/","name":"Stadtpolizei Z\u00fcrich-MP Laufputzstand - 4Tec Engineering","isPartOf":{"@id":"https:\/\/4tec-engineering.com\/#website"},"primaryImageOfPage":{"@id":"https:\/\/4tec-engineering.com\/produktentwicklung\/projekte\/stadtpolizei-zurich-mp-laufputzstand\/#primaryimage"},"image":{"@id":"https:\/\/4tec-engineering.com\/produktentwicklung\/projekte\/stadtpolizei-zurich-mp-laufputzstand\/#primaryimage"},"thumbnailUrl":"https:\/\/4tec-engineering.com\/wp-content\/uploads\/2024\/02\/Stadtpolizei-Zuerich-Laufputzstand-01-jpg.webp","datePublished":"2024-02-22T11:24:57+00:00","dateModified":"2024-03-28T13:17:06+00:00","breadcrumb":{"@id":"https:\/\/4tec-engineering.com\/produktentwicklung\/projekte\/stadtpolizei-zurich-mp-laufputzstand\/#breadcrumb"},"inLanguage":"en-US","potentialAction":[{"@type":"ReadAction","target":["https:\/\/4tec-engineering.com\/produktentwicklung\/projekte\/stadtpolizei-zurich-mp-laufputzstand\/"]}]},{"@type":"ImageObject","inLanguage":"en-US","@id":"https:\/\/4tec-engineering.com\/produktentwicklung\/projekte\/stadtpolizei-zurich-mp-laufputzstand\/#primaryimage","url":"https:\/\/4tec-engineering.com\/wp-content\/uploads\/2024\/02\/Stadtpolizei-Zuerich-Laufputzstand-01-jpg.webp","contentUrl":"https:\/\/4tec-engineering.com\/wp-content\/uploads\/2024\/02\/Stadtpolizei-Zuerich-Laufputzstand-01-jpg.webp"},{"@type":"BreadcrumbList","@id":"https:\/\/4tec-engineering.com\/produktentwicklung\/projekte\/stadtpolizei-zurich-mp-laufputzstand\/#breadcrumb","itemListElement":[{"@type":"ListItem","position":1,"name":"Startseite","item":"https:\/\/4tec-engineering.com\/"},{"@type":"ListItem","position":2,"name":"Home","item":"https:\/\/4tec-engineering.com\/"},{"@type":"ListItem","position":3,"name":"Projekte","item":"https:\/\/4tec-engineering.com\/produktentwicklung\/projekte\/"},{"@type":"ListItem","position":4,"name":"Stadtpolizei Z\u00fcrich-MP Laufputzstand"}]},{"@type":"WebSite","@id":"https:\/\/4tec-engineering.com\/#website","url":"https:\/\/4tec-engineering.com\/","name":"4Tec Engineering","description":"Product development in Zurich","publisher":{"@id":"https:\/\/4tec-engineering.com\/#organization"},"alternateName":"4Tec","potentialAction":[{"@type":"SearchAction","target":{"@type":"EntryPoint","urlTemplate":"https:\/\/4tec-engineering.com\/?s={search_term_string}"},"query-input":{"@type":"PropertyValueSpecification","valueRequired":true,"valueName":"search_term_string"}}],"inLanguage":"en-US"},{"@type":"Organization","@id":"https:\/\/4tec-engineering.com\/#organization","name":"4Tec Engineering AG","alternateName":"4Tec Engineering AG","url":"https:\/\/4tec-engineering.com\/","logo":{"@type":"ImageObject","inLanguage":"en-US","@id":"https:\/\/4tec-engineering.com\/#\/schema\/logo\/image\/","url":"https:\/\/4tec-engineering.com\/wp-content\/uploads\/2023\/03\/4T_512x512-1.png","contentUrl":"https:\/\/4tec-engineering.com\/wp-content\/uploads\/2023\/03\/4T_512x512-1.png","width":512,"height":512,"caption":"4Tec Engineering AG"},"image":{"@id":"https:\/\/4tec-engineering.com\/#\/schema\/logo\/image\/"},"sameAs":["https:\/\/www.linkedin.com\/company\/4tec-engineering"]}]}},"_links":{"self":[{"href":"https:\/\/4tec-engineering.com\/en\/wp-json\/wp\/v2\/pages\/5217","targetHints":{"allow":["GET"]}}],"collection":[{"href":"https:\/\/4tec-engineering.com\/en\/wp-json\/wp\/v2\/pages"}],"about":[{"href":"https:\/\/4tec-engineering.com\/en\/wp-json\/wp\/v2\/types\/page"}],"author":[{"embeddable":true,"href":"https:\/\/4tec-engineering.com\/en\/wp-json\/wp\/v2\/users\/1"}],"replies":[{"embeddable":true,"href":"https:\/\/4tec-engineering.com\/en\/wp-json\/wp\/v2\/comments?post=5217"}],"version-history":[{"count":10,"href":"https:\/\/4tec-engineering.com\/en\/wp-json\/wp\/v2\/pages\/5217\/revisions"}],"predecessor-version":[{"id":5264,"href":"https:\/\/4tec-engineering.com\/en\/wp-json\/wp\/v2\/pages\/5217\/revisions\/5264"}],"up":[{"embeddable":true,"href":"https:\/\/4tec-engineering.com\/en\/wp-json\/wp\/v2\/pages\/114"}],"wp:attachment":[{"href":"https:\/\/4tec-engineering.com\/en\/wp-json\/wp\/v2\/media?parent=5217"}],"curies":[{"name":"wp","href":"https:\/\/api.w.org\/{rel}","templated":true}]}}