{"id":366,"date":"2021-06-07T12:10:14","date_gmt":"2021-06-07T12:10:14","guid":{"rendered":"http:\/\/preview.4tec.com\/legal-notice-copy\/"},"modified":"2023-04-20T13:20:29","modified_gmt":"2023-04-20T13:20:29","slug":"impressum","status":"publish","type":"page","link":"https:\/\/4tec-engineering.com\/en\/produktentwicklung\/impressum\/","title":{"rendered":"Imprint"},"content":{"rendered":"<div data-elementor-type=\"wp-page\" data-elementor-id=\"366\" class=\"elementor elementor-366\" data-elementor-post-type=\"page\">\n\t\t\t\t\t\t<section class=\"elementor-section elementor-top-section elementor-element elementor-element-dbf0f95 elementor-section-boxed elementor-section-height-default elementor-section-height-default\" data-id=\"dbf0f95\" data-element_type=\"section\">\n\t\t\t\t\t\t<div class=\"elementor-container elementor-column-gap-default\">\n\t\t\t\t\t<div class=\"elementor-column elementor-col-100 elementor-top-column elementor-element elementor-element-386525ce\" data-id=\"386525ce\" data-element_type=\"column\">\n\t\t\t<div class=\"elementor-widget-wrap elementor-element-populated\">\n\t\t\t\t\t\t<div class=\"elementor-element elementor-element-17e6310 elementor-widget elementor-widget-heading\" data-id=\"17e6310\" data-element_type=\"widget\" data-widget_type=\"heading.default\">\n\t\t\t\t<div class=\"elementor-widget-container\">\n\t\t\t\t\t<h2 class=\"elementor-heading-title elementor-size-default\">Imprint<\/h2>\t\t\t\t<\/div>\n\t\t\t\t<\/div>\n\t\t\t\t<div class=\"elementor-element elementor-element-482b5c1 elementor-widget elementor-widget-text-editor\" data-id=\"482b5c1\" data-element_type=\"widget\" data-widget_type=\"text-editor.default\">\n\t\t\t\t<div class=\"elementor-widget-container\">\n\t\t\t\t\t\t\t\t\t<h3>4tec-engineering AG<\/h3>\nAargauerstrasse 1<br>\n8048 Z\u00fcrich<br> Switzerland<br>\n<br>\nEmail: info@4tec-engineering.com<br>\n<br>\nVertretungsberechtigte Person(en): <br>Jakob B\u00e4nziger, Gesch\u00e4ftsf\u00fchrer<br>\n<br>\nCommercial Register Entry:<br>\nRegistered company name:\u00a0<strong>4tec-engineering AG<\/strong><br>\nCompany No. (UID):\u00a0<strong>CHE-463.100.454<\/strong><br>\nVAT number:\u00a0<strong>CHE-463.100.454 MWST<\/strong><br>\n<br>\n<h3>Liability disclaimer<\/h3>\nThe author assumes no responsibility for the correctness, accuracy, timeliness, reliability and completeness of the information.  Liability claims regarding damage caused by the use of any information provided, including any kind of information which is incomplete or incorrect, will therefore be rejected.  All offers are non-binding. The author expressly reserves the right to change, supplement or delete parts of the pages or the entire offer without special notice or to discontinue publication temporarily or permanently.\n<h3>Disclaimer for links<\/h3>\nReferences and links to third party websites are outside our area of responsibility. Any responsibility for such websites is declined. The access and use of such websites is at the own risk of the respective user.\n<h3>Copyrights<\/h3>\nThe copyright and all other rights to the content, images, photos or other files on this website belong exclusively to the company 4tec-engineering AG or to the specifically named copyright holders. For the reproduction of any elements, the written consent of the copyright holder must be obtained in advance.<br>\n<br>\nSource:\u00a0<a href=\"https:\/\/www.swissanwalt.ch\/\" target=\"_blank\" rel=\"noopener\">Swiss Anwalt<\/a>\t\t\t\t\t\t\t\t<\/div>\n\t\t\t\t<\/div>\n\t\t\t\t\t<\/div>\n\t\t<\/div>\n\t\t\t\t\t<\/div>\n\t\t<\/section>\n\t\t\t\t<\/div>","protected":false},"excerpt":{"rendered":"<p>Impressum 4tec-engineering AG Aargauerstrasse 1 8048 Z\u00fcrich Schweiz Email: info@4tec-engineering.com Vertretungsberechtigte Person(en): Jakob B\u00e4nziger, Gesch\u00e4ftsf\u00fchrer Handelsregister-Eintrag: Eingetragener Firmenname:\u00a04tec-engineering AG Unternehmens-Nr (UID):\u00a0CHE-463.100.454 Mehrwertsteuer-Nummer:\u00a0CHE-463.100.454 MWST Haftungsausschluss Der Autor \u00fcbernimmt keinerlei Gew\u00e4hr hinsichtlich der inhaltlichen Richtigkeit, Genauigkeit, Aktualit\u00e4t, Zuverl\u00e4ssigkeit und Vollst\u00e4ndigkeit der Informationen. \u00a0Haftungsanspr\u00fcche gegen den Autor wegen Sch\u00e4den materieller oder immaterieller Art, welche aus dem Zugriff oder [&hellip;]<\/p>","protected":false},"author":1,"featured_media":0,"parent":124,"menu_order":0,"comment_status":"closed","ping_status":"closed","template":"","meta":{"footnotes":""},"class_list":["post-366","page","type-page","status-publish","hentry"],"yoast_head":"<!-- This site is optimized with the Yoast SEO plugin v26.6 - https:\/\/yoast.com\/wordpress\/plugins\/seo\/ -->\n<title>Impressum<\/title>\n<meta name=\"robots\" content=\"index, follow, max-snippet:-1, max-image-preview:large, max-video-preview:-1\" \/>\n<link rel=\"canonical\" href=\"https:\/\/4tec-engineering.com\/en\/produktentwicklung\/impressum\/\" \/>\n<meta property=\"og:locale\" content=\"en_US\" \/>\n<meta property=\"og:type\" content=\"article\" \/>\n<meta property=\"og:title\" content=\"Impressum\" \/>\n<meta property=\"og:description\" content=\"Impressum 4tec-engineering AG Aargauerstrasse 1 8048 Z\u00fcrich Schweiz Email: info@4tec-engineering.com Vertretungsberechtigte Person(en): Jakob B\u00e4nziger, Gesch\u00e4ftsf\u00fchrer Handelsregister-Eintrag: Eingetragener Firmenname:\u00a04tec-engineering AG Unternehmens-Nr (UID):\u00a0CHE-463.100.454 Mehrwertsteuer-Nummer:\u00a0CHE-463.100.454 MWST Haftungsausschluss Der Autor \u00fcbernimmt keinerlei Gew\u00e4hr hinsichtlich der inhaltlichen Richtigkeit, Genauigkeit, Aktualit\u00e4t, Zuverl\u00e4ssigkeit und Vollst\u00e4ndigkeit der Informationen. \u00a0Haftungsanspr\u00fcche gegen den Autor wegen Sch\u00e4den materieller oder immaterieller Art, welche aus dem Zugriff oder [&hellip;]\" \/>\n<meta property=\"og:url\" content=\"https:\/\/4tec-engineering.com\/en\/produktentwicklung\/impressum\/\" \/>\n<meta property=\"og:site_name\" content=\"4Tec Engineering\" \/>\n<meta property=\"article:modified_time\" content=\"2023-04-20T13:20:29+00:00\" \/>\n<meta property=\"og:image\" content=\"https:\/\/4tec-engineering.com\/wp-content\/uploads\/2023\/04\/Bork-Fleischwolf-jpg.webp\" \/>\n\t<meta property=\"og:image:width\" content=\"1200\" \/>\n\t<meta property=\"og:image:height\" content=\"900\" \/>\n\t<meta property=\"og:image:type\" content=\"image\/jpeg\" \/>\n<meta name=\"twitter:card\" content=\"summary_large_image\" \/>\n<meta name=\"twitter:label1\" content=\"Est. reading time\" \/>\n\t<meta name=\"twitter:data1\" content=\"1 minute\" \/>\n<script type=\"application\/ld+json\" class=\"yoast-schema-graph\">{\"@context\":\"https:\/\/schema.org\",\"@graph\":[{\"@type\":\"WebPage\",\"@id\":\"https:\/\/4tec-engineering.com\/produktentwicklung\/impressum\/\",\"url\":\"https:\/\/4tec-engineering.com\/produktentwicklung\/impressum\/\",\"name\":\"Impressum\",\"isPartOf\":{\"@id\":\"https:\/\/4tec-engineering.com\/#website\"},\"datePublished\":\"2021-06-07T12:10:14+00:00\",\"dateModified\":\"2023-04-20T13:20:29+00:00\",\"breadcrumb\":{\"@id\":\"https:\/\/4tec-engineering.com\/produktentwicklung\/impressum\/#breadcrumb\"},\"inLanguage\":\"en-US\",\"potentialAction\":[{\"@type\":\"ReadAction\",\"target\":[\"https:\/\/4tec-engineering.com\/produktentwicklung\/impressum\/\"]}]},{\"@type\":\"BreadcrumbList\",\"@id\":\"https:\/\/4tec-engineering.com\/produktentwicklung\/impressum\/#breadcrumb\",\"itemListElement\":[{\"@type\":\"ListItem\",\"position\":1,\"name\":\"Startseite\",\"item\":\"https:\/\/4tec-engineering.com\/\"},{\"@type\":\"ListItem\",\"position\":2,\"name\":\"Home\",\"item\":\"https:\/\/4tec-engineering.com\/\"},{\"@type\":\"ListItem\",\"position\":3,\"name\":\"Impressum\"}]},{\"@type\":\"WebSite\",\"@id\":\"https:\/\/4tec-engineering.com\/#website\",\"url\":\"https:\/\/4tec-engineering.com\/\",\"name\":\"4Tec Engineering\",\"description\":\"Produktentwicklung in Z\u00fcrich\",\"publisher\":{\"@id\":\"https:\/\/4tec-engineering.com\/#organization\"},\"alternateName\":\"4Tec\",\"potentialAction\":[{\"@type\":\"SearchAction\",\"target\":{\"@type\":\"EntryPoint\",\"urlTemplate\":\"https:\/\/4tec-engineering.com\/?s={search_term_string}\"},\"query-input\":{\"@type\":\"PropertyValueSpecification\",\"valueRequired\":true,\"valueName\":\"search_term_string\"}}],\"inLanguage\":\"en-US\"},{\"@type\":\"Organization\",\"@id\":\"https:\/\/4tec-engineering.com\/#organization\",\"name\":\"4Tec Engineering AG\",\"alternateName\":\"4Tec Engineering AG\",\"url\":\"https:\/\/4tec-engineering.com\/\",\"logo\":{\"@type\":\"ImageObject\",\"inLanguage\":\"en-US\",\"@id\":\"https:\/\/4tec-engineering.com\/#\/schema\/logo\/image\/\",\"url\":\"https:\/\/4tec-engineering.com\/wp-content\/uploads\/2023\/03\/4T_512x512-1.png\",\"contentUrl\":\"https:\/\/4tec-engineering.com\/wp-content\/uploads\/2023\/03\/4T_512x512-1.png\",\"width\":512,\"height\":512,\"caption\":\"4Tec Engineering AG\"},\"image\":{\"@id\":\"https:\/\/4tec-engineering.com\/#\/schema\/logo\/image\/\"},\"sameAs\":[\"https:\/\/www.linkedin.com\/company\/4tec-engineering\"]}]}<\/script>\n<!-- \/ Yoast SEO plugin. -->","yoast_head_json":{"title":"Imprint","robots":{"index":"index","follow":"follow","max-snippet":"max-snippet:-1","max-image-preview":"max-image-preview:large","max-video-preview":"max-video-preview:-1"},"canonical":"https:\/\/4tec-engineering.com\/en\/produktentwicklung\/impressum\/","og_locale":"en_US","og_type":"article","og_title":"Impressum","og_description":"Impressum 4tec-engineering AG Aargauerstrasse 1 8048 Z\u00fcrich Schweiz Email: info@4tec-engineering.com Vertretungsberechtigte Person(en): Jakob B\u00e4nziger, Gesch\u00e4ftsf\u00fchrer Handelsregister-Eintrag: Eingetragener Firmenname:\u00a04tec-engineering AG Unternehmens-Nr (UID):\u00a0CHE-463.100.454 Mehrwertsteuer-Nummer:\u00a0CHE-463.100.454 MWST Haftungsausschluss Der Autor \u00fcbernimmt keinerlei Gew\u00e4hr hinsichtlich der inhaltlichen Richtigkeit, Genauigkeit, Aktualit\u00e4t, Zuverl\u00e4ssigkeit und Vollst\u00e4ndigkeit der Informationen. \u00a0Haftungsanspr\u00fcche gegen den Autor wegen Sch\u00e4den materieller oder immaterieller Art, welche aus dem Zugriff oder [&hellip;]","og_url":"https:\/\/4tec-engineering.com\/en\/produktentwicklung\/impressum\/","og_site_name":"4Tec Engineering","article_modified_time":"2023-04-20T13:20:29+00:00","og_image":[{"width":1200,"height":900,"url":"https:\/\/4tec-engineering.com\/wp-content\/uploads\/2023\/04\/Bork-Fleischwolf-jpg.webp","type":"image\/jpeg"}],"twitter_card":"summary_large_image","twitter_misc":{"Est. reading time":"1 minute"},"schema":{"@context":"https:\/\/schema.org","@graph":[{"@type":"WebPage","@id":"https:\/\/4tec-engineering.com\/produktentwicklung\/impressum\/","url":"https:\/\/4tec-engineering.com\/produktentwicklung\/impressum\/","name":"Imprint","isPartOf":{"@id":"https:\/\/4tec-engineering.com\/#website"},"datePublished":"2021-06-07T12:10:14+00:00","dateModified":"2023-04-20T13:20:29+00:00","breadcrumb":{"@id":"https:\/\/4tec-engineering.com\/produktentwicklung\/impressum\/#breadcrumb"},"inLanguage":"en-US","potentialAction":[{"@type":"ReadAction","target":["https:\/\/4tec-engineering.com\/produktentwicklung\/impressum\/"]}]},{"@type":"BreadcrumbList","@id":"https:\/\/4tec-engineering.com\/produktentwicklung\/impressum\/#breadcrumb","itemListElement":[{"@type":"ListItem","position":1,"name":"Startseite","item":"https:\/\/4tec-engineering.com\/"},{"@type":"ListItem","position":2,"name":"Home","item":"https:\/\/4tec-engineering.com\/"},{"@type":"ListItem","position":3,"name":"Impressum"}]},{"@type":"WebSite","@id":"https:\/\/4tec-engineering.com\/#website","url":"https:\/\/4tec-engineering.com\/","name":"4Tec Engineering","description":"Product development in Zurich","publisher":{"@id":"https:\/\/4tec-engineering.com\/#organization"},"alternateName":"4Tec","potentialAction":[{"@type":"SearchAction","target":{"@type":"EntryPoint","urlTemplate":"https:\/\/4tec-engineering.com\/?s={search_term_string}"},"query-input":{"@type":"PropertyValueSpecification","valueRequired":true,"valueName":"search_term_string"}}],"inLanguage":"en-US"},{"@type":"Organization","@id":"https:\/\/4tec-engineering.com\/#organization","name":"4Tec Engineering AG","alternateName":"4Tec Engineering AG","url":"https:\/\/4tec-engineering.com\/","logo":{"@type":"ImageObject","inLanguage":"en-US","@id":"https:\/\/4tec-engineering.com\/#\/schema\/logo\/image\/","url":"https:\/\/4tec-engineering.com\/wp-content\/uploads\/2023\/03\/4T_512x512-1.png","contentUrl":"https:\/\/4tec-engineering.com\/wp-content\/uploads\/2023\/03\/4T_512x512-1.png","width":512,"height":512,"caption":"4Tec Engineering AG"},"image":{"@id":"https:\/\/4tec-engineering.com\/#\/schema\/logo\/image\/"},"sameAs":["https:\/\/www.linkedin.com\/company\/4tec-engineering"]}]}},"_links":{"self":[{"href":"https:\/\/4tec-engineering.com\/en\/wp-json\/wp\/v2\/pages\/366","targetHints":{"allow":["GET"]}}],"collection":[{"href":"https:\/\/4tec-engineering.com\/en\/wp-json\/wp\/v2\/pages"}],"about":[{"href":"https:\/\/4tec-engineering.com\/en\/wp-json\/wp\/v2\/types\/page"}],"author":[{"embeddable":true,"href":"https:\/\/4tec-engineering.com\/en\/wp-json\/wp\/v2\/users\/1"}],"replies":[{"embeddable":true,"href":"https:\/\/4tec-engineering.com\/en\/wp-json\/wp\/v2\/comments?post=366"}],"version-history":[{"count":12,"href":"https:\/\/4tec-engineering.com\/en\/wp-json\/wp\/v2\/pages\/366\/revisions"}],"predecessor-version":[{"id":4612,"href":"https:\/\/4tec-engineering.com\/en\/wp-json\/wp\/v2\/pages\/366\/revisions\/4612"}],"up":[{"embeddable":true,"href":"https:\/\/4tec-engineering.com\/en\/wp-json\/wp\/v2\/pages\/124"}],"wp:attachment":[{"href":"https:\/\/4tec-engineering.com\/en\/wp-json\/wp\/v2\/media?parent=366"}],"curies":[{"name":"wp","href":"https:\/\/api.w.org\/{rel}","templated":true}]}}