{"id":3242,"date":"2023-01-26T16:02:36","date_gmt":"2023-01-26T16:02:36","guid":{"rendered":"https:\/\/4tec.com\/4tec-helmteststand-de-copy\/"},"modified":"2024-03-28T13:17:42","modified_gmt":"2024-03-28T13:17:42","slug":"ledcity-sensornode","status":"publish","type":"page","link":"https:\/\/4tec-engineering.com\/en\/produktentwicklung\/projekte\/ledcity-sensornode\/","title":{"rendered":"LEDCity-SensorNode"},"content":{"rendered":"<div data-elementor-type=\"wp-page\" data-elementor-id=\"3242\" class=\"elementor elementor-3242\" data-elementor-post-type=\"page\">\n\t\t\t\t\t\t<section class=\"elementor-section elementor-top-section elementor-element elementor-element-726f7f97 elementor-section-boxed elementor-section-height-default elementor-section-height-default\" data-id=\"726f7f97\" data-element_type=\"section\">\n\t\t\t\t\t\t<div class=\"elementor-container elementor-column-gap-default\">\n\t\t\t\t\t<div class=\"elementor-column elementor-col-100 elementor-top-column elementor-element elementor-element-4576e45c\" data-id=\"4576e45c\" data-element_type=\"column\">\n\t\t\t<div class=\"elementor-widget-wrap elementor-element-populated\">\n\t\t\t\t\t\t<section class=\"elementor-section elementor-inner-section elementor-element elementor-element-658d5822 elementor-section-boxed elementor-section-height-default elementor-section-height-default\" data-id=\"658d5822\" data-element_type=\"section\">\n\t\t\t\t\t\t<div class=\"elementor-container elementor-column-gap-default\">\n\t\t\t\t\t<div class=\"elementor-column elementor-col-50 elementor-inner-column elementor-element elementor-element-743c991\" data-id=\"743c991\" data-element_type=\"column\">\n\t\t\t<div class=\"elementor-widget-wrap elementor-element-populated\">\n\t\t\t\t\t\t<div class=\"elementor-element elementor-element-51ebd642 elementor-position-left elementor-view-default elementor-mobile-position-top elementor-widget elementor-widget-icon-box\" data-id=\"51ebd642\" data-element_type=\"widget\" data-widget_type=\"icon-box.default\">\n\t\t\t\t<div class=\"elementor-widget-container\">\n\t\t\t\t\t\t\t<div class=\"elementor-icon-box-wrapper\">\n\n\t\t\t\t\t\t<div class=\"elementor-icon-box-icon\">\n\t\t\t\t<a href=\"https:\/\/4tec-engineering.com\/en\/home\/projekte\/#Projekte\" class=\"elementor-icon\" tabindex=\"-1\" aria-label=\"All projects\">\n\t\t\t\t<i aria-hidden=\"true\" class=\"fas fa-arrow-left\"><\/i>\t\t\t\t<\/a>\n\t\t\t<\/div>\n\t\t\t\n\t\t\t\t\t\t<div class=\"elementor-icon-box-content\">\n\n\t\t\t\t\t\t\t\t\t<h3 class=\"elementor-icon-box-title\">\n\t\t\t\t\t\t<a href=\"https:\/\/4tec-engineering.com\/en\/home\/projekte\/#Projekte\" >\n\t\t\t\t\t\t\tAll projects\t\t\t\t\t\t<\/a>\n\t\t\t\t\t<\/h3>\n\t\t\t\t\n\t\t\t\t\n\t\t\t<\/div>\n\t\t\t\n\t\t<\/div>\n\t\t\t\t\t\t<\/div>\n\t\t\t\t<\/div>\n\t\t\t\t<div class=\"elementor-element elementor-element-3059f8e elementor-position-right elementor-view-default elementor-mobile-position-top elementor-widget elementor-widget-icon-box\" data-id=\"3059f8e\" data-element_type=\"widget\" data-widget_type=\"icon-box.default\">\n\t\t\t\t<div class=\"elementor-widget-container\">\n\t\t\t\t\t\t\t<div class=\"elementor-icon-box-wrapper\">\n\n\t\t\t\t\t\t<div class=\"elementor-icon-box-icon\">\n\t\t\t\t<a href=\"https:\/\/4tec-engineering.com\/en\/produktentwicklung\/projekte\/stadtpolizei-zurich-mp-laufputzstand\/\" class=\"elementor-icon\" tabindex=\"-1\" aria-label=\"Next Project\">\n\t\t\t\t<i aria-hidden=\"true\" class=\"fas fa-arrow-right\"><\/i>\t\t\t\t<\/a>\n\t\t\t<\/div>\n\t\t\t\n\t\t\t\t\t\t<div class=\"elementor-icon-box-content\">\n\n\t\t\t\t\t\t\t\t\t<h3 class=\"elementor-icon-box-title\">\n\t\t\t\t\t\t<a href=\"https:\/\/4tec-engineering.com\/en\/produktentwicklung\/projekte\/stadtpolizei-zurich-mp-laufputzstand\/\" >\n\t\t\t\t\t\t\tNext Project\t\t\t\t\t\t<\/a>\n\t\t\t\t\t<\/h3>\n\t\t\t\t\n\t\t\t\t\n\t\t\t<\/div>\n\t\t\t\n\t\t<\/div>\n\t\t\t\t\t\t<\/div>\n\t\t\t\t<\/div>\n\t\t\t\t\t<\/div>\n\t\t<\/div>\n\t\t\t\t<div class=\"elementor-column elementor-col-50 elementor-inner-column elementor-element elementor-element-586061d3\" data-id=\"586061d3\" data-element_type=\"column\">\n\t\t\t<div class=\"elementor-widget-wrap elementor-element-populated\">\n\t\t\t\t\t\t<div class=\"elementor-element elementor-element-3444766f elementor-widget elementor-widget-image\" data-id=\"3444766f\" data-element_type=\"widget\" data-widget_type=\"image.default\">\n\t\t\t\t<div class=\"elementor-widget-container\">\n\t\t\t\t\t\t\t\t\t\t\t\t\t\t\t<img fetchpriority=\"high\" decoding=\"async\" width=\"2032\" height=\"601\" src=\"https:\/\/4tec-engineering.com\/wp-content\/uploads\/2023\/04\/LEDCity-Sensor-Node-01.png\" class=\"attachment-full size-full wp-image-3380\" alt=\"LEDCity - Sensor Node - 01\" srcset=\"https:\/\/4tec-engineering.com\/wp-content\/uploads\/2023\/04\/LEDCity-Sensor-Node-01.png 2032w, https:\/\/4tec-engineering.com\/wp-content\/uploads\/2023\/04\/LEDCity-Sensor-Node-01-300x89.png 300w, https:\/\/4tec-engineering.com\/wp-content\/uploads\/2023\/04\/LEDCity-Sensor-Node-01-1024x303.png 1024w, https:\/\/4tec-engineering.com\/wp-content\/uploads\/2023\/04\/LEDCity-Sensor-Node-01-768x227.png 768w, https:\/\/4tec-engineering.com\/wp-content\/uploads\/2023\/04\/LEDCity-Sensor-Node-01-1536x454.png 1536w\" sizes=\"(max-width: 2032px) 100vw, 2032px\" \/>\t\t\t\t\t\t\t\t\t\t\t\t\t\t\t<\/div>\n\t\t\t\t<\/div>\n\t\t\t\t<div class=\"elementor-element elementor-element-5d10ecea elementor-widget elementor-widget-heading\" data-id=\"5d10ecea\" data-element_type=\"widget\" data-widget_type=\"heading.default\">\n\t\t\t\t<div class=\"elementor-widget-container\">\n\t\t\t\t\t<h2 class=\"elementor-heading-title elementor-size-default\">LEDCity - Sensor Node<\/h2>\t\t\t\t<\/div>\n\t\t\t\t<\/div>\n\t\t\t\t<div class=\"elementor-element elementor-element-17b21f64 elementor-widget elementor-widget-text-editor\" data-id=\"17b21f64\" data-element_type=\"widget\" data-widget_type=\"text-editor.default\">\n\t\t\t\t<div class=\"elementor-widget-container\">\n\t\t\t\t\t\t\t\t\t<p>Year: 2022<br \/><br \/>Our services: Mechanical development<br \/><br \/>Customer:\u00a0<a href=\"https:\/\/ledcity.io\" target=\"_blank\" rel=\"noopener\"><span style=\"color: #2095c1\">LEDCity<\/span><\/a><\/p>\t\t\t\t\t\t\t\t<\/div>\n\t\t\t\t<\/div>\n\t\t\t\t<div class=\"elementor-element elementor-element-2cf835e5 elementor-widget elementor-widget-text-editor\" data-id=\"2cf835e5\" data-element_type=\"widget\" data-widget_type=\"text-editor.default\">\n\t\t\t\t<div class=\"elementor-widget-container\">\n\t\t\t\t\t\t\t\t\tFor two electronic boards standing vertically to each other, a housing had to be developed that holds together reliably, can be easily mounted in an existing lamp socket and has openings for LED indicator, light sensor and power connection. The solution developed does not require any fastening elements, everything is accommodated in the two halves of the housing. The boards as well as the light guides to the LED and the light sensor are inserted before the two housing halves are snapped together with a ring snapper. This connection holds reliably and can be opened again just as easily if necessary. Thus, a simple solution with minimal assembly effort has been found. For the development of the ring snapper, prototype parts were manufactured using the HP Multi-Jet-Fusion process, so that the hardness of the snap connection could be verified.\t\t\t\t\t\t\t\t<\/div>\n\t\t\t\t<\/div>\n\t\t\t\t<div class=\"elementor-element elementor-element-7cce9e7 elementor-widget elementor-widget-gallery\" data-id=\"7cce9e7\" data-element_type=\"widget\" data-settings=\"{&quot;lazyload&quot;:&quot;yes&quot;,&quot;gallery_layout&quot;:&quot;grid&quot;,&quot;columns&quot;:4,&quot;columns_tablet&quot;:2,&quot;columns_mobile&quot;:1,&quot;gap&quot;:{&quot;unit&quot;:&quot;px&quot;,&quot;size&quot;:10,&quot;sizes&quot;:[]},&quot;gap_tablet&quot;:{&quot;unit&quot;:&quot;px&quot;,&quot;size&quot;:10,&quot;sizes&quot;:[]},&quot;gap_mobile&quot;:{&quot;unit&quot;:&quot;px&quot;,&quot;size&quot;:10,&quot;sizes&quot;:[]},&quot;link_to&quot;:&quot;file&quot;,&quot;aspect_ratio&quot;:&quot;3:2&quot;,&quot;overlay_background&quot;:&quot;yes&quot;,&quot;content_hover_animation&quot;:&quot;fade-in&quot;}\" data-widget_type=\"gallery.default\">\n\t\t\t\t<div class=\"elementor-widget-container\">\n\t\t\t\t\t\t\t<div class=\"elementor-gallery__container\">\n\t\t\t\t\t\t\t<a class=\"e-gallery-item elementor-gallery-item elementor-animated-content\" href=\"https:\/\/4tec-engineering.com\/wp-content\/uploads\/2023\/04\/LEDCity-Sensor-Node-02.png\" data-elementor-open-lightbox=\"yes\" data-elementor-lightbox-slideshow=\"7cce9e7\" data-elementor-lightbox-title=\"LEDCity - Sensor Node - 02\" data-elementor-lightbox-description=\"Projekt\" data-e-action-hash=\"#elementor-action%3Aaction%3Dlightbox%26settings%3DeyJpZCI6MzM4MSwidXJsIjoiaHR0cHM6XC9cLzR0ZWMtZW5naW5lZXJpbmcuY29tXC93cC1jb250ZW50XC91cGxvYWRzXC8yMDIzXC8wNFwvTEVEQ2l0eS1TZW5zb3ItTm9kZS0wMi5wbmciLCJzbGlkZXNob3ciOiI3Y2NlOWU3In0%3D\">\n\t\t\t\t\t<div class=\"e-gallery-image elementor-gallery-item__image\" data-thumbnail=\"https:\/\/4tec-engineering.com\/wp-content\/uploads\/2023\/04\/LEDCity-Sensor-Node-02-300x225.png\" data-width=\"300\" data-height=\"225\" aria-label=\"LEDCity - Sensor Node - 02\" role=\"img\" ><\/div>\n\t\t\t\t\t\t\t\t\t\t\t<div class=\"elementor-gallery-item__overlay\"><\/div>\n\t\t\t\t\t\t\t\t\t\t\t\t\t\t<\/a>\n\t\t\t\t\t\t\t<a class=\"e-gallery-item elementor-gallery-item elementor-animated-content\" href=\"https:\/\/4tec-engineering.com\/wp-content\/uploads\/2023\/04\/LEDCity-Sensor-Node-03.png\" data-elementor-open-lightbox=\"yes\" data-elementor-lightbox-slideshow=\"7cce9e7\" data-elementor-lightbox-title=\"LEDCity - Sensor Node - 03\" data-elementor-lightbox-description=\"Projekt\" data-e-action-hash=\"#elementor-action%3Aaction%3Dlightbox%26settings%3DeyJpZCI6MzM4MiwidXJsIjoiaHR0cHM6XC9cLzR0ZWMtZW5naW5lZXJpbmcuY29tXC93cC1jb250ZW50XC91cGxvYWRzXC8yMDIzXC8wNFwvTEVEQ2l0eS1TZW5zb3ItTm9kZS0wMy5wbmciLCJzbGlkZXNob3ciOiI3Y2NlOWU3In0%3D\">\n\t\t\t\t\t<div class=\"e-gallery-image elementor-gallery-item__image\" data-thumbnail=\"https:\/\/4tec-engineering.com\/wp-content\/uploads\/2023\/04\/LEDCity-Sensor-Node-03-300x225.png\" data-width=\"300\" data-height=\"225\" aria-label=\"LEDCity - Sensor Node - 03\" role=\"img\" ><\/div>\n\t\t\t\t\t\t\t\t\t\t\t<div class=\"elementor-gallery-item__overlay\"><\/div>\n\t\t\t\t\t\t\t\t\t\t\t\t\t\t<\/a>\n\t\t\t\t\t\t\t<a class=\"e-gallery-item elementor-gallery-item elementor-animated-content\" href=\"https:\/\/4tec-engineering.com\/wp-content\/uploads\/2023\/04\/LEDCity-Sensor-Node-04.png\" data-elementor-open-lightbox=\"yes\" data-elementor-lightbox-slideshow=\"7cce9e7\" data-elementor-lightbox-title=\"LEDCity - Sensor Node - 04\" data-elementor-lightbox-description=\"Projekt\" data-e-action-hash=\"#elementor-action%3Aaction%3Dlightbox%26settings%3DeyJpZCI6MzM4MywidXJsIjoiaHR0cHM6XC9cLzR0ZWMtZW5naW5lZXJpbmcuY29tXC93cC1jb250ZW50XC91cGxvYWRzXC8yMDIzXC8wNFwvTEVEQ2l0eS1TZW5zb3ItTm9kZS0wNC5wbmciLCJzbGlkZXNob3ciOiI3Y2NlOWU3In0%3D\">\n\t\t\t\t\t<div class=\"e-gallery-image elementor-gallery-item__image\" data-thumbnail=\"https:\/\/4tec-engineering.com\/wp-content\/uploads\/2023\/04\/LEDCity-Sensor-Node-04-300x225.png\" data-width=\"300\" data-height=\"225\" aria-label=\"LEDCity - Sensor Node - 04\" role=\"img\" ><\/div>\n\t\t\t\t\t\t\t\t\t\t\t<div class=\"elementor-gallery-item__overlay\"><\/div>\n\t\t\t\t\t\t\t\t\t\t\t\t\t\t<\/a>\n\t\t\t\t\t\t\t<a class=\"e-gallery-item elementor-gallery-item elementor-animated-content\" href=\"https:\/\/4tec-engineering.com\/wp-content\/uploads\/2023\/04\/LEDCity-Sensor-Node-05.png\" data-elementor-open-lightbox=\"yes\" data-elementor-lightbox-slideshow=\"7cce9e7\" data-elementor-lightbox-title=\"LEDCity - Sensor Node - 05\" data-elementor-lightbox-description=\"Projekt\" data-e-action-hash=\"#elementor-action%3Aaction%3Dlightbox%26settings%3DeyJpZCI6MzM4NCwidXJsIjoiaHR0cHM6XC9cLzR0ZWMtZW5naW5lZXJpbmcuY29tXC93cC1jb250ZW50XC91cGxvYWRzXC8yMDIzXC8wNFwvTEVEQ2l0eS1TZW5zb3ItTm9kZS0wNS5wbmciLCJzbGlkZXNob3ciOiI3Y2NlOWU3In0%3D\">\n\t\t\t\t\t<div class=\"e-gallery-image elementor-gallery-item__image\" data-thumbnail=\"https:\/\/4tec-engineering.com\/wp-content\/uploads\/2023\/04\/LEDCity-Sensor-Node-05-300x225.png\" data-width=\"300\" data-height=\"225\" aria-label=\"LEDCity - Sensor Node - 05\" role=\"img\" ><\/div>\n\t\t\t\t\t\t\t\t\t\t\t<div class=\"elementor-gallery-item__overlay\"><\/div>\n\t\t\t\t\t\t\t\t\t\t\t\t\t\t<\/a>\n\t\t\t\t\t<\/div>\n\t\t\t\t\t<\/div>\n\t\t\t\t<\/div>\n\t\t\t\t\t<\/div>\n\t\t<\/div>\n\t\t\t\t\t<\/div>\n\t\t<\/section>\n\t\t\t\t\t<\/div>\n\t\t<\/div>\n\t\t\t\t\t<\/div>\n\t\t<\/section>\n\t\t\t\t<\/div>","protected":false},"excerpt":{"rendered":"<p>Alle Projekte N\u00e4chstes Projekt LEDCity &#8211; Sensor Node Jahr: 2022 Unsere Leistungen: Mechanische Entwicklung Kunde:\u00a0LEDCity F\u00fcr zwei senkrecht zueinander stehende Elektronik Boards musste ein Geh\u00e4use entwickelt werden, dass zuverl\u00e4ssig zusammenh\u00e4lt, sich einfach in eine bestehende Lampenfassung montieren l\u00e4sst und Durchbr\u00fcche hat f\u00fcr LED Anzeige, Lichtsensor und Stromanschluss. Die entwickelte L\u00f6sung kommt komplett ohne Befestigungselemente aus, [&hellip;]<\/p>","protected":false},"author":1,"featured_media":3606,"parent":114,"menu_order":0,"comment_status":"closed","ping_status":"closed","template":"","meta":{"footnotes":""},"class_list":["post-3242","page","type-page","status-publish","has-post-thumbnail","hentry"],"yoast_head":"<!-- This site is optimized with the Yoast SEO plugin v26.6 - https:\/\/yoast.com\/wordpress\/plugins\/seo\/ -->\n<title>Sensor Node<\/title>\n<meta name=\"robots\" content=\"index, follow, max-snippet:-1, max-image-preview:large, max-video-preview:-1\" \/>\n<link rel=\"canonical\" href=\"https:\/\/4tec-engineering.com\/en\/produktentwicklung\/projekte\/ledcity-sensornode\/\" \/>\n<meta property=\"og:locale\" content=\"en_US\" \/>\n<meta property=\"og:type\" content=\"article\" \/>\n<meta property=\"og:title\" content=\"Sensor Node\" \/>\n<meta property=\"og:description\" content=\"Alle Projekte N\u00e4chstes Projekt LEDCity &#8211; Sensor Node Jahr: 2022 Unsere Leistungen: Mechanische Entwicklung Kunde:\u00a0LEDCity F\u00fcr zwei senkrecht zueinander stehende Elektronik Boards musste ein Geh\u00e4use entwickelt werden, dass zuverl\u00e4ssig zusammenh\u00e4lt, sich einfach in eine bestehende Lampenfassung montieren l\u00e4sst und Durchbr\u00fcche hat f\u00fcr LED Anzeige, Lichtsensor und Stromanschluss. Die entwickelte L\u00f6sung kommt komplett ohne Befestigungselemente aus, [&hellip;]\" \/>\n<meta property=\"og:url\" content=\"https:\/\/4tec-engineering.com\/en\/produktentwicklung\/projekte\/ledcity-sensornode\/\" \/>\n<meta property=\"og:site_name\" content=\"4Tec Engineering\" \/>\n<meta property=\"article:modified_time\" content=\"2024-03-28T13:17:42+00:00\" \/>\n<meta property=\"og:image\" content=\"https:\/\/4tec-engineering.com\/wp-content\/uploads\/2023\/04\/LEDCity-Sensor-Node.png\" \/>\n\t<meta property=\"og:image:width\" content=\"1200\" \/>\n\t<meta property=\"og:image:height\" content=\"900\" \/>\n\t<meta property=\"og:image:type\" content=\"image\/png\" \/>\n<meta name=\"twitter:card\" content=\"summary_large_image\" \/>\n<meta name=\"twitter:label1\" content=\"Est. reading time\" \/>\n\t<meta name=\"twitter:data1\" content=\"1 minute\" \/>\n<script type=\"application\/ld+json\" class=\"yoast-schema-graph\">{\"@context\":\"https:\/\/schema.org\",\"@graph\":[{\"@type\":\"WebPage\",\"@id\":\"https:\/\/4tec-engineering.com\/produktentwicklung\/projekte\/ledcity-sensornode\/\",\"url\":\"https:\/\/4tec-engineering.com\/produktentwicklung\/projekte\/ledcity-sensornode\/\",\"name\":\"Sensor Node\",\"isPartOf\":{\"@id\":\"https:\/\/4tec-engineering.com\/#website\"},\"primaryImageOfPage\":{\"@id\":\"https:\/\/4tec-engineering.com\/produktentwicklung\/projekte\/ledcity-sensornode\/#primaryimage\"},\"image\":{\"@id\":\"https:\/\/4tec-engineering.com\/produktentwicklung\/projekte\/ledcity-sensornode\/#primaryimage\"},\"thumbnailUrl\":\"https:\/\/4tec-engineering.com\/wp-content\/uploads\/2023\/04\/LEDCity-Sensor-Node.webp\",\"datePublished\":\"2023-01-26T16:02:36+00:00\",\"dateModified\":\"2024-03-28T13:17:42+00:00\",\"breadcrumb\":{\"@id\":\"https:\/\/4tec-engineering.com\/produktentwicklung\/projekte\/ledcity-sensornode\/#breadcrumb\"},\"inLanguage\":\"en-US\",\"potentialAction\":[{\"@type\":\"ReadAction\",\"target\":[\"https:\/\/4tec-engineering.com\/produktentwicklung\/projekte\/ledcity-sensornode\/\"]}]},{\"@type\":\"ImageObject\",\"inLanguage\":\"en-US\",\"@id\":\"https:\/\/4tec-engineering.com\/produktentwicklung\/projekte\/ledcity-sensornode\/#primaryimage\",\"url\":\"https:\/\/4tec-engineering.com\/wp-content\/uploads\/2023\/04\/LEDCity-Sensor-Node.webp\",\"contentUrl\":\"https:\/\/4tec-engineering.com\/wp-content\/uploads\/2023\/04\/LEDCity-Sensor-Node.webp\",\"width\":1200,\"height\":900,\"caption\":\"LEDCity - Sensor Node\"},{\"@type\":\"BreadcrumbList\",\"@id\":\"https:\/\/4tec-engineering.com\/produktentwicklung\/projekte\/ledcity-sensornode\/#breadcrumb\",\"itemListElement\":[{\"@type\":\"ListItem\",\"position\":1,\"name\":\"Startseite\",\"item\":\"https:\/\/4tec-engineering.com\/\"},{\"@type\":\"ListItem\",\"position\":2,\"name\":\"Home\",\"item\":\"https:\/\/4tec-engineering.com\/\"},{\"@type\":\"ListItem\",\"position\":3,\"name\":\"Projekte\",\"item\":\"https:\/\/4tec-engineering.com\/produktentwicklung\/projekte\/\"},{\"@type\":\"ListItem\",\"position\":4,\"name\":\"LEDCity-SensorNode\"}]},{\"@type\":\"WebSite\",\"@id\":\"https:\/\/4tec-engineering.com\/#website\",\"url\":\"https:\/\/4tec-engineering.com\/\",\"name\":\"4Tec Engineering\",\"description\":\"Produktentwicklung in Z\u00fcrich\",\"publisher\":{\"@id\":\"https:\/\/4tec-engineering.com\/#organization\"},\"alternateName\":\"4Tec\",\"potentialAction\":[{\"@type\":\"SearchAction\",\"target\":{\"@type\":\"EntryPoint\",\"urlTemplate\":\"https:\/\/4tec-engineering.com\/?s={search_term_string}\"},\"query-input\":{\"@type\":\"PropertyValueSpecification\",\"valueRequired\":true,\"valueName\":\"search_term_string\"}}],\"inLanguage\":\"en-US\"},{\"@type\":\"Organization\",\"@id\":\"https:\/\/4tec-engineering.com\/#organization\",\"name\":\"4Tec Engineering AG\",\"alternateName\":\"4Tec Engineering AG\",\"url\":\"https:\/\/4tec-engineering.com\/\",\"logo\":{\"@type\":\"ImageObject\",\"inLanguage\":\"en-US\",\"@id\":\"https:\/\/4tec-engineering.com\/#\/schema\/logo\/image\/\",\"url\":\"https:\/\/4tec-engineering.com\/wp-content\/uploads\/2023\/03\/4T_512x512-1.png\",\"contentUrl\":\"https:\/\/4tec-engineering.com\/wp-content\/uploads\/2023\/03\/4T_512x512-1.png\",\"width\":512,\"height\":512,\"caption\":\"4Tec Engineering AG\"},\"image\":{\"@id\":\"https:\/\/4tec-engineering.com\/#\/schema\/logo\/image\/\"},\"sameAs\":[\"https:\/\/www.linkedin.com\/company\/4tec-engineering\"]}]}<\/script>\n<!-- \/ Yoast SEO plugin. -->","yoast_head_json":{"title":"Sensor Node","robots":{"index":"index","follow":"follow","max-snippet":"max-snippet:-1","max-image-preview":"max-image-preview:large","max-video-preview":"max-video-preview:-1"},"canonical":"https:\/\/4tec-engineering.com\/en\/produktentwicklung\/projekte\/ledcity-sensornode\/","og_locale":"en_US","og_type":"article","og_title":"Sensor Node","og_description":"Alle Projekte N\u00e4chstes Projekt LEDCity &#8211; Sensor Node Jahr: 2022 Unsere Leistungen: Mechanische Entwicklung Kunde:\u00a0LEDCity F\u00fcr zwei senkrecht zueinander stehende Elektronik Boards musste ein Geh\u00e4use entwickelt werden, dass zuverl\u00e4ssig zusammenh\u00e4lt, sich einfach in eine bestehende Lampenfassung montieren l\u00e4sst und Durchbr\u00fcche hat f\u00fcr LED Anzeige, Lichtsensor und Stromanschluss. Die entwickelte L\u00f6sung kommt komplett ohne Befestigungselemente aus, [&hellip;]","og_url":"https:\/\/4tec-engineering.com\/en\/produktentwicklung\/projekte\/ledcity-sensornode\/","og_site_name":"4Tec Engineering","article_modified_time":"2024-03-28T13:17:42+00:00","og_image":[{"width":1200,"height":900,"url":"https:\/\/4tec-engineering.com\/wp-content\/uploads\/2023\/04\/LEDCity-Sensor-Node.png","type":"image\/png"}],"twitter_card":"summary_large_image","twitter_misc":{"Est. reading time":"1 minute"},"schema":{"@context":"https:\/\/schema.org","@graph":[{"@type":"WebPage","@id":"https:\/\/4tec-engineering.com\/produktentwicklung\/projekte\/ledcity-sensornode\/","url":"https:\/\/4tec-engineering.com\/produktentwicklung\/projekte\/ledcity-sensornode\/","name":"Sensor Node","isPartOf":{"@id":"https:\/\/4tec-engineering.com\/#website"},"primaryImageOfPage":{"@id":"https:\/\/4tec-engineering.com\/produktentwicklung\/projekte\/ledcity-sensornode\/#primaryimage"},"image":{"@id":"https:\/\/4tec-engineering.com\/produktentwicklung\/projekte\/ledcity-sensornode\/#primaryimage"},"thumbnailUrl":"https:\/\/4tec-engineering.com\/wp-content\/uploads\/2023\/04\/LEDCity-Sensor-Node.webp","datePublished":"2023-01-26T16:02:36+00:00","dateModified":"2024-03-28T13:17:42+00:00","breadcrumb":{"@id":"https:\/\/4tec-engineering.com\/produktentwicklung\/projekte\/ledcity-sensornode\/#breadcrumb"},"inLanguage":"en-US","potentialAction":[{"@type":"ReadAction","target":["https:\/\/4tec-engineering.com\/produktentwicklung\/projekte\/ledcity-sensornode\/"]}]},{"@type":"ImageObject","inLanguage":"en-US","@id":"https:\/\/4tec-engineering.com\/produktentwicklung\/projekte\/ledcity-sensornode\/#primaryimage","url":"https:\/\/4tec-engineering.com\/wp-content\/uploads\/2023\/04\/LEDCity-Sensor-Node.webp","contentUrl":"https:\/\/4tec-engineering.com\/wp-content\/uploads\/2023\/04\/LEDCity-Sensor-Node.webp","width":1200,"height":900,"caption":"LEDCity - Sensor Node"},{"@type":"BreadcrumbList","@id":"https:\/\/4tec-engineering.com\/produktentwicklung\/projekte\/ledcity-sensornode\/#breadcrumb","itemListElement":[{"@type":"ListItem","position":1,"name":"Startseite","item":"https:\/\/4tec-engineering.com\/"},{"@type":"ListItem","position":2,"name":"Home","item":"https:\/\/4tec-engineering.com\/"},{"@type":"ListItem","position":3,"name":"Projekte","item":"https:\/\/4tec-engineering.com\/produktentwicklung\/projekte\/"},{"@type":"ListItem","position":4,"name":"LEDCity-SensorNode"}]},{"@type":"WebSite","@id":"https:\/\/4tec-engineering.com\/#website","url":"https:\/\/4tec-engineering.com\/","name":"4Tec Engineering","description":"Product development in Zurich","publisher":{"@id":"https:\/\/4tec-engineering.com\/#organization"},"alternateName":"4Tec","potentialAction":[{"@type":"SearchAction","target":{"@type":"EntryPoint","urlTemplate":"https:\/\/4tec-engineering.com\/?s={search_term_string}"},"query-input":{"@type":"PropertyValueSpecification","valueRequired":true,"valueName":"search_term_string"}}],"inLanguage":"en-US"},{"@type":"Organization","@id":"https:\/\/4tec-engineering.com\/#organization","name":"4Tec Engineering AG","alternateName":"4Tec Engineering AG","url":"https:\/\/4tec-engineering.com\/","logo":{"@type":"ImageObject","inLanguage":"en-US","@id":"https:\/\/4tec-engineering.com\/#\/schema\/logo\/image\/","url":"https:\/\/4tec-engineering.com\/wp-content\/uploads\/2023\/03\/4T_512x512-1.png","contentUrl":"https:\/\/4tec-engineering.com\/wp-content\/uploads\/2023\/03\/4T_512x512-1.png","width":512,"height":512,"caption":"4Tec Engineering AG"},"image":{"@id":"https:\/\/4tec-engineering.com\/#\/schema\/logo\/image\/"},"sameAs":["https:\/\/www.linkedin.com\/company\/4tec-engineering"]}]}},"_links":{"self":[{"href":"https:\/\/4tec-engineering.com\/en\/wp-json\/wp\/v2\/pages\/3242","targetHints":{"allow":["GET"]}}],"collection":[{"href":"https:\/\/4tec-engineering.com\/en\/wp-json\/wp\/v2\/pages"}],"about":[{"href":"https:\/\/4tec-engineering.com\/en\/wp-json\/wp\/v2\/types\/page"}],"author":[{"embeddable":true,"href":"https:\/\/4tec-engineering.com\/en\/wp-json\/wp\/v2\/users\/1"}],"replies":[{"embeddable":true,"href":"https:\/\/4tec-engineering.com\/en\/wp-json\/wp\/v2\/comments?post=3242"}],"version-history":[{"count":19,"href":"https:\/\/4tec-engineering.com\/en\/wp-json\/wp\/v2\/pages\/3242\/revisions"}],"predecessor-version":[{"id":5267,"href":"https:\/\/4tec-engineering.com\/en\/wp-json\/wp\/v2\/pages\/3242\/revisions\/5267"}],"up":[{"embeddable":true,"href":"https:\/\/4tec-engineering.com\/en\/wp-json\/wp\/v2\/pages\/114"}],"wp:featuredmedia":[{"embeddable":true,"href":"https:\/\/4tec-engineering.com\/en\/wp-json\/wp\/v2\/media\/3606"}],"wp:attachment":[{"href":"https:\/\/4tec-engineering.com\/en\/wp-json\/wp\/v2\/media?parent=3242"}],"curies":[{"name":"wp","href":"https:\/\/api.w.org\/{rel}","templated":true}]}}