{"id":3229,"date":"2022-12-19T13:33:33","date_gmt":"2022-12-19T13:33:33","guid":{"rendered":"https:\/\/4tec.com\/4tec-helmteststand-de-copy\/"},"modified":"2024-11-21T14:52:29","modified_gmt":"2024-11-21T14:52:29","slug":"schulthess-waschmaschinen","status":"publish","type":"page","link":"https:\/\/4tec-engineering.com\/en\/produktentwicklung\/projekte\/schulthess-waschmaschinen\/","title":{"rendered":"Schulthess-Waschmaschinen"},"content":{"rendered":"<div data-elementor-type=\"wp-page\" data-elementor-id=\"3229\" class=\"elementor elementor-3229\" data-elementor-post-type=\"page\">\n\t\t\t\t\t\t<section class=\"elementor-section elementor-top-section elementor-element elementor-element-1136070c elementor-section-boxed elementor-section-height-default elementor-section-height-default\" data-id=\"1136070c\" data-element_type=\"section\">\n\t\t\t\t\t\t<div class=\"elementor-container elementor-column-gap-default\">\n\t\t\t\t\t<div class=\"elementor-column elementor-col-100 elementor-top-column elementor-element elementor-element-6a774ddf\" data-id=\"6a774ddf\" data-element_type=\"column\">\n\t\t\t<div class=\"elementor-widget-wrap elementor-element-populated\">\n\t\t\t\t\t\t<section class=\"elementor-section elementor-inner-section elementor-element elementor-element-290b588 elementor-section-boxed elementor-section-height-default elementor-section-height-default\" data-id=\"290b588\" data-element_type=\"section\">\n\t\t\t\t\t\t<div class=\"elementor-container elementor-column-gap-default\">\n\t\t\t\t\t<div class=\"elementor-column elementor-col-50 elementor-inner-column elementor-element elementor-element-64b6bd13\" data-id=\"64b6bd13\" data-element_type=\"column\">\n\t\t\t<div class=\"elementor-widget-wrap elementor-element-populated\">\n\t\t\t\t\t\t<div class=\"elementor-element elementor-element-2233d277 elementor-position-left elementor-view-default elementor-mobile-position-top elementor-widget elementor-widget-icon-box\" data-id=\"2233d277\" data-element_type=\"widget\" data-widget_type=\"icon-box.default\">\n\t\t\t\t<div class=\"elementor-widget-container\">\n\t\t\t\t\t\t\t<div class=\"elementor-icon-box-wrapper\">\n\n\t\t\t\t\t\t<div class=\"elementor-icon-box-icon\">\n\t\t\t\t<a href=\"https:\/\/4tec-engineering.com\/en\/home\/projekte\/#Projekte\" class=\"elementor-icon\" tabindex=\"-1\" aria-label=\"All projects\">\n\t\t\t\t<i aria-hidden=\"true\" class=\"fas fa-arrow-left\"><\/i>\t\t\t\t<\/a>\n\t\t\t<\/div>\n\t\t\t\n\t\t\t\t\t\t<div class=\"elementor-icon-box-content\">\n\n\t\t\t\t\t\t\t\t\t<h3 class=\"elementor-icon-box-title\">\n\t\t\t\t\t\t<a href=\"https:\/\/4tec-engineering.com\/en\/home\/projekte\/#Projekte\" >\n\t\t\t\t\t\t\tAll projects\t\t\t\t\t\t<\/a>\n\t\t\t\t\t<\/h3>\n\t\t\t\t\n\t\t\t\t\n\t\t\t<\/div>\n\t\t\t\n\t\t<\/div>\n\t\t\t\t\t\t<\/div>\n\t\t\t\t<\/div>\n\t\t\t\t<div class=\"elementor-element elementor-element-6df6046c elementor-position-right elementor-view-default elementor-mobile-position-top elementor-widget elementor-widget-icon-box\" data-id=\"6df6046c\" data-element_type=\"widget\" data-widget_type=\"icon-box.default\">\n\t\t\t\t<div class=\"elementor-widget-container\">\n\t\t\t\t\t\t\t<div class=\"elementor-icon-box-wrapper\">\n\n\t\t\t\t\t\t<div class=\"elementor-icon-box-icon\">\n\t\t\t\t<a href=\"https:\/\/4tec-engineering.com\/en\/produktentwicklung\/projekte\/autech-schweisswagen\/\" class=\"elementor-icon\" tabindex=\"-1\" aria-label=\"Next Project\">\n\t\t\t\t<i aria-hidden=\"true\" class=\"fas fa-arrow-right\"><\/i>\t\t\t\t<\/a>\n\t\t\t<\/div>\n\t\t\t\n\t\t\t\t\t\t<div class=\"elementor-icon-box-content\">\n\n\t\t\t\t\t\t\t\t\t<h3 class=\"elementor-icon-box-title\">\n\t\t\t\t\t\t<a href=\"https:\/\/4tec-engineering.com\/en\/produktentwicklung\/projekte\/autech-schweisswagen\/\" >\n\t\t\t\t\t\t\tNext Project\t\t\t\t\t\t<\/a>\n\t\t\t\t\t<\/h3>\n\t\t\t\t\n\t\t\t\t\n\t\t\t<\/div>\n\t\t\t\n\t\t<\/div>\n\t\t\t\t\t\t<\/div>\n\t\t\t\t<\/div>\n\t\t\t\t\t<\/div>\n\t\t<\/div>\n\t\t\t\t<div class=\"elementor-column elementor-col-50 elementor-inner-column elementor-element elementor-element-71eacde6\" data-id=\"71eacde6\" data-element_type=\"column\">\n\t\t\t<div class=\"elementor-widget-wrap elementor-element-populated\">\n\t\t\t\t\t\t<div class=\"elementor-element elementor-element-28688149 elementor-widget elementor-widget-image\" data-id=\"28688149\" data-element_type=\"widget\" data-widget_type=\"image.default\">\n\t\t\t\t<div class=\"elementor-widget-container\">\n\t\t\t\t\t\t\t\t\t\t\t\t\t\t\t<img fetchpriority=\"high\" decoding=\"async\" width=\"2032\" height=\"601\" src=\"https:\/\/4tec-engineering.com\/wp-content\/uploads\/2024\/11\/Schulthess-Waschmaschinen-01.jpg\" class=\"attachment-full size-full wp-image-5460\" alt=\"Schulthess-Waschmaschinen-01\" srcset=\"https:\/\/4tec-engineering.com\/wp-content\/uploads\/2024\/11\/Schulthess-Waschmaschinen-01.jpg 2032w, https:\/\/4tec-engineering.com\/wp-content\/uploads\/2024\/11\/Schulthess-Waschmaschinen-01-300x89.jpg 300w, https:\/\/4tec-engineering.com\/wp-content\/uploads\/2024\/11\/Schulthess-Waschmaschinen-01-1024x303.jpg 1024w, https:\/\/4tec-engineering.com\/wp-content\/uploads\/2024\/11\/Schulthess-Waschmaschinen-01-768x227.jpg 768w, https:\/\/4tec-engineering.com\/wp-content\/uploads\/2024\/11\/Schulthess-Waschmaschinen-01-1536x454.jpg 1536w, https:\/\/4tec-engineering.com\/wp-content\/uploads\/2024\/11\/Schulthess-Waschmaschinen-01-18x5.jpg 18w\" sizes=\"(max-width: 2032px) 100vw, 2032px\" \/>\t\t\t\t\t\t\t\t\t\t\t\t\t\t\t<\/div>\n\t\t\t\t<\/div>\n\t\t\t\t<div class=\"elementor-element elementor-element-12f17323 elementor-widget elementor-widget-heading\" data-id=\"12f17323\" data-element_type=\"widget\" data-widget_type=\"heading.default\">\n\t\t\t\t<div class=\"elementor-widget-container\">\n\t\t\t\t\t<h2 class=\"elementor-heading-title elementor-size-default\">Schulthess - Washing machines<\/h2>\t\t\t\t<\/div>\n\t\t\t\t<\/div>\n\t\t\t\t<div class=\"elementor-element elementor-element-6069e3f7 elementor-widget elementor-widget-text-editor\" data-id=\"6069e3f7\" data-element_type=\"widget\" data-widget_type=\"text-editor.default\">\n\t\t\t\t<div class=\"elementor-widget-container\">\n\t\t\t\t\t\t\t\t\t<p>Years: 2022 - 2024<\/p><p>Our services: Mechanical development, support of development team in various projects<\/p><p>Customer:\u00a0<a href=\"https:\/\/www.schulthess.ch\/\"><span style=\"color: #2095c1\">Schulthess AG<\/span><\/a><\/p>\t\t\t\t\t\t\t\t<\/div>\n\t\t\t\t<\/div>\n\t\t\t\t<div class=\"elementor-element elementor-element-32c8f7e3 elementor-widget elementor-widget-text-editor\" data-id=\"32c8f7e3\" data-element_type=\"widget\" data-widget_type=\"text-editor.default\">\n\t\t\t\t<div class=\"elementor-widget-container\">\n\t\t\t\t\t\t\t\t\t<p>As external plastics specialists, we are supporting the development team at Schulthess Maschinen AG with various product developments. The new generation of machines for home use, which was launched in 2024, bears our signature in various components. For example, we were able to completely redesign the control panel, give the door a new design and realize various smaller components and assemblies such as cable ducts and electronic housings. This also meant that we were able to implement a large number of design samples, whereby we milled some tinted windows on our table milling machine or sintered 3D printed components for painting. Exciting work!\u00a0<\/p>\t\t\t\t\t\t\t\t<\/div>\n\t\t\t\t<\/div>\n\t\t\t\t<div class=\"elementor-element elementor-element-26c6db75 elementor-widget elementor-widget-gallery\" data-id=\"26c6db75\" data-element_type=\"widget\" data-settings=\"{&quot;lazyload&quot;:&quot;yes&quot;,&quot;gallery_layout&quot;:&quot;grid&quot;,&quot;columns&quot;:4,&quot;columns_tablet&quot;:2,&quot;columns_mobile&quot;:1,&quot;gap&quot;:{&quot;unit&quot;:&quot;px&quot;,&quot;size&quot;:10,&quot;sizes&quot;:[]},&quot;gap_tablet&quot;:{&quot;unit&quot;:&quot;px&quot;,&quot;size&quot;:10,&quot;sizes&quot;:[]},&quot;gap_mobile&quot;:{&quot;unit&quot;:&quot;px&quot;,&quot;size&quot;:10,&quot;sizes&quot;:[]},&quot;link_to&quot;:&quot;file&quot;,&quot;aspect_ratio&quot;:&quot;3:2&quot;,&quot;overlay_background&quot;:&quot;yes&quot;,&quot;content_hover_animation&quot;:&quot;fade-in&quot;}\" data-widget_type=\"gallery.default\">\n\t\t\t\t<div class=\"elementor-widget-container\">\n\t\t\t\t\t\t\t<div class=\"elementor-gallery__container\">\n\t\t\t\t\t\t\t<a class=\"e-gallery-item elementor-gallery-item elementor-animated-content\" href=\"https:\/\/4tec-engineering.com\/wp-content\/uploads\/2024\/11\/Schulthess-Waschmaschinen-02.jpg\" data-elementor-open-lightbox=\"yes\" data-elementor-lightbox-slideshow=\"26c6db75\" data-elementor-lightbox-title=\"Schulthess-Waschmaschinen-02\" data-elementor-lightbox-description=\"Projekt\" data-e-action-hash=\"#elementor-action%3Aaction%3Dlightbox%26settings%3DeyJpZCI6NTQ2MSwidXJsIjoiaHR0cHM6XC9cLzR0ZWMtZW5naW5lZXJpbmcuY29tXC93cC1jb250ZW50XC91cGxvYWRzXC8yMDI0XC8xMVwvU2NodWx0aGVzcy1XYXNjaG1hc2NoaW5lbi0wMi5qcGciLCJzbGlkZXNob3ciOiIyNmM2ZGI3NSJ9\">\n\t\t\t\t\t<div class=\"e-gallery-image elementor-gallery-item__image\" data-thumbnail=\"https:\/\/4tec-engineering.com\/wp-content\/uploads\/2024\/11\/Schulthess-Waschmaschinen-02-300x225.jpg\" data-width=\"300\" data-height=\"225\" aria-label=\"Schulthess-Waschmaschinen-02\" role=\"img\" ><\/div>\n\t\t\t\t\t\t\t\t\t\t\t<div class=\"elementor-gallery-item__overlay\"><\/div>\n\t\t\t\t\t\t\t\t\t\t\t\t\t\t<\/a>\n\t\t\t\t\t\t\t<a class=\"e-gallery-item elementor-gallery-item elementor-animated-content\" href=\"https:\/\/4tec-engineering.com\/wp-content\/uploads\/2024\/11\/Schulthess-Waschmaschinen-03.jpg\" data-elementor-open-lightbox=\"yes\" data-elementor-lightbox-slideshow=\"26c6db75\" data-elementor-lightbox-title=\"Schulthess-Waschmaschinen-03\" data-elementor-lightbox-description=\"Projekt\" data-e-action-hash=\"#elementor-action%3Aaction%3Dlightbox%26settings%3DeyJpZCI6NTQ2MiwidXJsIjoiaHR0cHM6XC9cLzR0ZWMtZW5naW5lZXJpbmcuY29tXC93cC1jb250ZW50XC91cGxvYWRzXC8yMDI0XC8xMVwvU2NodWx0aGVzcy1XYXNjaG1hc2NoaW5lbi0wMy5qcGciLCJzbGlkZXNob3ciOiIyNmM2ZGI3NSJ9\">\n\t\t\t\t\t<div class=\"e-gallery-image elementor-gallery-item__image\" data-thumbnail=\"https:\/\/4tec-engineering.com\/wp-content\/uploads\/2024\/11\/Schulthess-Waschmaschinen-03-300x225.jpg\" data-width=\"300\" data-height=\"225\" aria-label=\"Schulthess-Waschmaschinen-03\" role=\"img\" ><\/div>\n\t\t\t\t\t\t\t\t\t\t\t<div class=\"elementor-gallery-item__overlay\"><\/div>\n\t\t\t\t\t\t\t\t\t\t\t\t\t\t<\/a>\n\t\t\t\t\t\t\t<a class=\"e-gallery-item elementor-gallery-item elementor-animated-content\" href=\"https:\/\/4tec-engineering.com\/wp-content\/uploads\/2024\/11\/Schulthess-Waschmaschinen-04.jpg\" data-elementor-open-lightbox=\"yes\" data-elementor-lightbox-slideshow=\"26c6db75\" data-elementor-lightbox-title=\"Schulthess-Waschmaschinen-04\" data-elementor-lightbox-description=\"Projekt\" data-e-action-hash=\"#elementor-action%3Aaction%3Dlightbox%26settings%3DeyJpZCI6NTQ2MywidXJsIjoiaHR0cHM6XC9cLzR0ZWMtZW5naW5lZXJpbmcuY29tXC93cC1jb250ZW50XC91cGxvYWRzXC8yMDI0XC8xMVwvU2NodWx0aGVzcy1XYXNjaG1hc2NoaW5lbi0wNC5qcGciLCJzbGlkZXNob3ciOiIyNmM2ZGI3NSJ9\">\n\t\t\t\t\t<div class=\"e-gallery-image elementor-gallery-item__image\" data-thumbnail=\"https:\/\/4tec-engineering.com\/wp-content\/uploads\/2024\/11\/Schulthess-Waschmaschinen-04-300x225.jpg\" data-width=\"300\" data-height=\"225\" aria-label=\"Schulthess-Waschmaschinen-04\" role=\"img\" ><\/div>\n\t\t\t\t\t\t\t\t\t\t\t<div class=\"elementor-gallery-item__overlay\"><\/div>\n\t\t\t\t\t\t\t\t\t\t\t\t\t\t<\/a>\n\t\t\t\t\t\t\t<a class=\"e-gallery-item elementor-gallery-item elementor-animated-content\" href=\"https:\/\/4tec-engineering.com\/wp-content\/uploads\/2024\/11\/Schulthess-Waschmaschinen-05.gif\" data-elementor-open-lightbox=\"yes\" data-elementor-lightbox-slideshow=\"26c6db75\" data-elementor-lightbox-title=\"Schulthess-Waschmaschinen-05\" data-elementor-lightbox-description=\"Projekt\" data-e-action-hash=\"#elementor-action%3Aaction%3Dlightbox%26settings%3DeyJpZCI6NTQ2NCwidXJsIjoiaHR0cHM6XC9cLzR0ZWMtZW5naW5lZXJpbmcuY29tXC93cC1jb250ZW50XC91cGxvYWRzXC8yMDI0XC8xMVwvU2NodWx0aGVzcy1XYXNjaG1hc2NoaW5lbi0wNS5naWYiLCJzbGlkZXNob3ciOiIyNmM2ZGI3NSJ9\">\n\t\t\t\t\t<div class=\"e-gallery-image elementor-gallery-item__image\" data-thumbnail=\"https:\/\/4tec-engineering.com\/wp-content\/uploads\/2024\/11\/Schulthess-Waschmaschinen-05-300x225.gif\" data-width=\"300\" data-height=\"225\" aria-label=\"Schulthess-Waschmaschinen-05\" role=\"img\" ><\/div>\n\t\t\t\t\t\t\t\t\t\t\t<div class=\"elementor-gallery-item__overlay\"><\/div>\n\t\t\t\t\t\t\t\t\t\t\t\t\t\t<\/a>\n\t\t\t\t\t<\/div>\n\t\t\t\t\t<\/div>\n\t\t\t\t<\/div>\n\t\t\t\t\t<\/div>\n\t\t<\/div>\n\t\t\t\t\t<\/div>\n\t\t<\/section>\n\t\t\t\t\t<\/div>\n\t\t<\/div>\n\t\t\t\t\t<\/div>\n\t\t<\/section>\n\t\t\t\t<\/div>","protected":false},"excerpt":{"rendered":"<p>Alle Projekte N\u00e4chstes Projekt Schulthess &#8211; Waschmaschinen Jahre: 2022 &#8211; 2024 Unsere Leistungen: Mechanische Entwicklung, Unterst\u00fctzung Entwicklungsteam bei diversen Projekten Kunde:\u00a0Schulthess AG F\u00fcr die Schulthess Maschinen AG d\u00fcrfen wir als externe Kunststoffspezialisten das Entwicklungsteam bei diversen Produktentwicklungen unterst\u00fctzen. Die neue Maschinengeneration f\u00fcr den Heimgebrauch, welche 2024 gelauncht wurde, tr\u00e4gt in diversen Bauteilen unsere Handschrift. So [&hellip;]<\/p>","protected":false},"author":1,"featured_media":0,"parent":114,"menu_order":0,"comment_status":"closed","ping_status":"closed","template":"","meta":{"footnotes":""},"class_list":["post-3229","page","type-page","status-publish","hentry"],"yoast_head":"<!-- This site is optimized with the Yoast SEO plugin v26.6 - https:\/\/yoast.com\/wordpress\/plugins\/seo\/ -->\n<title>Schulthess-Waschmaschinen - 4Tec Engineering<\/title>\n<meta name=\"robots\" content=\"index, follow, max-snippet:-1, max-image-preview:large, max-video-preview:-1\" \/>\n<link rel=\"canonical\" href=\"https:\/\/4tec-engineering.com\/en\/produktentwicklung\/projekte\/schulthess-waschmaschinen\/\" \/>\n<meta property=\"og:locale\" content=\"en_US\" \/>\n<meta property=\"og:type\" content=\"article\" \/>\n<meta property=\"og:title\" content=\"Schulthess-Waschmaschinen - 4Tec Engineering\" \/>\n<meta property=\"og:description\" content=\"Alle Projekte N\u00e4chstes Projekt Schulthess &#8211; Waschmaschinen Jahre: 2022 &#8211; 2024 Unsere Leistungen: Mechanische Entwicklung, Unterst\u00fctzung Entwicklungsteam bei diversen Projekten Kunde:\u00a0Schulthess AG F\u00fcr die Schulthess Maschinen AG d\u00fcrfen wir als externe Kunststoffspezialisten das Entwicklungsteam bei diversen Produktentwicklungen unterst\u00fctzen. Die neue Maschinengeneration f\u00fcr den Heimgebrauch, welche 2024 gelauncht wurde, tr\u00e4gt in diversen Bauteilen unsere Handschrift. So [&hellip;]\" \/>\n<meta property=\"og:url\" content=\"https:\/\/4tec-engineering.com\/en\/produktentwicklung\/projekte\/schulthess-waschmaschinen\/\" \/>\n<meta property=\"og:site_name\" content=\"4Tec Engineering\" \/>\n<meta property=\"article:modified_time\" content=\"2024-11-21T14:52:29+00:00\" \/>\n<meta property=\"og:image\" content=\"https:\/\/4tec-engineering.com\/wp-content\/uploads\/2024\/11\/Schulthess-Waschmaschinen-01.jpg\" \/>\n<meta name=\"twitter:card\" content=\"summary_large_image\" \/>\n<meta name=\"twitter:label1\" content=\"Est. reading time\" \/>\n\t<meta name=\"twitter:data1\" content=\"1 minute\" \/>\n<script type=\"application\/ld+json\" class=\"yoast-schema-graph\">{\"@context\":\"https:\/\/schema.org\",\"@graph\":[{\"@type\":\"WebPage\",\"@id\":\"https:\/\/4tec-engineering.com\/produktentwicklung\/projekte\/schulthess-waschmaschinen\/\",\"url\":\"https:\/\/4tec-engineering.com\/produktentwicklung\/projekte\/schulthess-waschmaschinen\/\",\"name\":\"Schulthess-Waschmaschinen - 4Tec Engineering\",\"isPartOf\":{\"@id\":\"https:\/\/4tec-engineering.com\/#website\"},\"primaryImageOfPage\":{\"@id\":\"https:\/\/4tec-engineering.com\/produktentwicklung\/projekte\/schulthess-waschmaschinen\/#primaryimage\"},\"image\":{\"@id\":\"https:\/\/4tec-engineering.com\/produktentwicklung\/projekte\/schulthess-waschmaschinen\/#primaryimage\"},\"thumbnailUrl\":\"https:\/\/4tec-engineering.com\/wp-content\/uploads\/2024\/11\/Schulthess-Waschmaschinen-01.jpg\",\"datePublished\":\"2022-12-19T13:33:33+00:00\",\"dateModified\":\"2024-11-21T14:52:29+00:00\",\"breadcrumb\":{\"@id\":\"https:\/\/4tec-engineering.com\/produktentwicklung\/projekte\/schulthess-waschmaschinen\/#breadcrumb\"},\"inLanguage\":\"en-US\",\"potentialAction\":[{\"@type\":\"ReadAction\",\"target\":[\"https:\/\/4tec-engineering.com\/produktentwicklung\/projekte\/schulthess-waschmaschinen\/\"]}]},{\"@type\":\"ImageObject\",\"inLanguage\":\"en-US\",\"@id\":\"https:\/\/4tec-engineering.com\/produktentwicklung\/projekte\/schulthess-waschmaschinen\/#primaryimage\",\"url\":\"https:\/\/4tec-engineering.com\/wp-content\/uploads\/2024\/11\/Schulthess-Waschmaschinen-01.jpg\",\"contentUrl\":\"https:\/\/4tec-engineering.com\/wp-content\/uploads\/2024\/11\/Schulthess-Waschmaschinen-01.jpg\"},{\"@type\":\"BreadcrumbList\",\"@id\":\"https:\/\/4tec-engineering.com\/produktentwicklung\/projekte\/schulthess-waschmaschinen\/#breadcrumb\",\"itemListElement\":[{\"@type\":\"ListItem\",\"position\":1,\"name\":\"Startseite\",\"item\":\"https:\/\/4tec-engineering.com\/\"},{\"@type\":\"ListItem\",\"position\":2,\"name\":\"Home\",\"item\":\"https:\/\/4tec-engineering.com\/\"},{\"@type\":\"ListItem\",\"position\":3,\"name\":\"Projekte\",\"item\":\"https:\/\/4tec-engineering.com\/produktentwicklung\/projekte\/\"},{\"@type\":\"ListItem\",\"position\":4,\"name\":\"Schulthess-Waschmaschinen\"}]},{\"@type\":\"WebSite\",\"@id\":\"https:\/\/4tec-engineering.com\/#website\",\"url\":\"https:\/\/4tec-engineering.com\/\",\"name\":\"4Tec Engineering\",\"description\":\"Produktentwicklung in Z\u00fcrich\",\"publisher\":{\"@id\":\"https:\/\/4tec-engineering.com\/#organization\"},\"alternateName\":\"4Tec\",\"potentialAction\":[{\"@type\":\"SearchAction\",\"target\":{\"@type\":\"EntryPoint\",\"urlTemplate\":\"https:\/\/4tec-engineering.com\/?s={search_term_string}\"},\"query-input\":{\"@type\":\"PropertyValueSpecification\",\"valueRequired\":true,\"valueName\":\"search_term_string\"}}],\"inLanguage\":\"en-US\"},{\"@type\":\"Organization\",\"@id\":\"https:\/\/4tec-engineering.com\/#organization\",\"name\":\"4Tec Engineering AG\",\"alternateName\":\"4Tec Engineering AG\",\"url\":\"https:\/\/4tec-engineering.com\/\",\"logo\":{\"@type\":\"ImageObject\",\"inLanguage\":\"en-US\",\"@id\":\"https:\/\/4tec-engineering.com\/#\/schema\/logo\/image\/\",\"url\":\"https:\/\/4tec-engineering.com\/wp-content\/uploads\/2023\/03\/4T_512x512-1.png\",\"contentUrl\":\"https:\/\/4tec-engineering.com\/wp-content\/uploads\/2023\/03\/4T_512x512-1.png\",\"width\":512,\"height\":512,\"caption\":\"4Tec Engineering AG\"},\"image\":{\"@id\":\"https:\/\/4tec-engineering.com\/#\/schema\/logo\/image\/\"},\"sameAs\":[\"https:\/\/www.linkedin.com\/company\/4tec-engineering\"]}]}<\/script>\n<!-- \/ Yoast SEO plugin. -->","yoast_head_json":{"title":"Schulthess-Waschmaschinen - 4Tec Engineering","robots":{"index":"index","follow":"follow","max-snippet":"max-snippet:-1","max-image-preview":"max-image-preview:large","max-video-preview":"max-video-preview:-1"},"canonical":"https:\/\/4tec-engineering.com\/en\/produktentwicklung\/projekte\/schulthess-waschmaschinen\/","og_locale":"en_US","og_type":"article","og_title":"Schulthess-Waschmaschinen - 4Tec Engineering","og_description":"Alle Projekte N\u00e4chstes Projekt Schulthess &#8211; Waschmaschinen Jahre: 2022 &#8211; 2024 Unsere Leistungen: Mechanische Entwicklung, Unterst\u00fctzung Entwicklungsteam bei diversen Projekten Kunde:\u00a0Schulthess AG F\u00fcr die Schulthess Maschinen AG d\u00fcrfen wir als externe Kunststoffspezialisten das Entwicklungsteam bei diversen Produktentwicklungen unterst\u00fctzen. Die neue Maschinengeneration f\u00fcr den Heimgebrauch, welche 2024 gelauncht wurde, tr\u00e4gt in diversen Bauteilen unsere Handschrift. So [&hellip;]","og_url":"https:\/\/4tec-engineering.com\/en\/produktentwicklung\/projekte\/schulthess-waschmaschinen\/","og_site_name":"4Tec Engineering","article_modified_time":"2024-11-21T14:52:29+00:00","og_image":[{"url":"https:\/\/4tec-engineering.com\/wp-content\/uploads\/2024\/11\/Schulthess-Waschmaschinen-01.jpg","type":"","width":"","height":""}],"twitter_card":"summary_large_image","twitter_misc":{"Est. reading time":"1 minute"},"schema":{"@context":"https:\/\/schema.org","@graph":[{"@type":"WebPage","@id":"https:\/\/4tec-engineering.com\/produktentwicklung\/projekte\/schulthess-waschmaschinen\/","url":"https:\/\/4tec-engineering.com\/produktentwicklung\/projekte\/schulthess-waschmaschinen\/","name":"Schulthess-Waschmaschinen - 4Tec Engineering","isPartOf":{"@id":"https:\/\/4tec-engineering.com\/#website"},"primaryImageOfPage":{"@id":"https:\/\/4tec-engineering.com\/produktentwicklung\/projekte\/schulthess-waschmaschinen\/#primaryimage"},"image":{"@id":"https:\/\/4tec-engineering.com\/produktentwicklung\/projekte\/schulthess-waschmaschinen\/#primaryimage"},"thumbnailUrl":"https:\/\/4tec-engineering.com\/wp-content\/uploads\/2024\/11\/Schulthess-Waschmaschinen-01.jpg","datePublished":"2022-12-19T13:33:33+00:00","dateModified":"2024-11-21T14:52:29+00:00","breadcrumb":{"@id":"https:\/\/4tec-engineering.com\/produktentwicklung\/projekte\/schulthess-waschmaschinen\/#breadcrumb"},"inLanguage":"en-US","potentialAction":[{"@type":"ReadAction","target":["https:\/\/4tec-engineering.com\/produktentwicklung\/projekte\/schulthess-waschmaschinen\/"]}]},{"@type":"ImageObject","inLanguage":"en-US","@id":"https:\/\/4tec-engineering.com\/produktentwicklung\/projekte\/schulthess-waschmaschinen\/#primaryimage","url":"https:\/\/4tec-engineering.com\/wp-content\/uploads\/2024\/11\/Schulthess-Waschmaschinen-01.jpg","contentUrl":"https:\/\/4tec-engineering.com\/wp-content\/uploads\/2024\/11\/Schulthess-Waschmaschinen-01.jpg"},{"@type":"BreadcrumbList","@id":"https:\/\/4tec-engineering.com\/produktentwicklung\/projekte\/schulthess-waschmaschinen\/#breadcrumb","itemListElement":[{"@type":"ListItem","position":1,"name":"Startseite","item":"https:\/\/4tec-engineering.com\/"},{"@type":"ListItem","position":2,"name":"Home","item":"https:\/\/4tec-engineering.com\/"},{"@type":"ListItem","position":3,"name":"Projekte","item":"https:\/\/4tec-engineering.com\/produktentwicklung\/projekte\/"},{"@type":"ListItem","position":4,"name":"Schulthess-Waschmaschinen"}]},{"@type":"WebSite","@id":"https:\/\/4tec-engineering.com\/#website","url":"https:\/\/4tec-engineering.com\/","name":"4Tec Engineering","description":"Product development in Zurich","publisher":{"@id":"https:\/\/4tec-engineering.com\/#organization"},"alternateName":"4Tec","potentialAction":[{"@type":"SearchAction","target":{"@type":"EntryPoint","urlTemplate":"https:\/\/4tec-engineering.com\/?s={search_term_string}"},"query-input":{"@type":"PropertyValueSpecification","valueRequired":true,"valueName":"search_term_string"}}],"inLanguage":"en-US"},{"@type":"Organization","@id":"https:\/\/4tec-engineering.com\/#organization","name":"4Tec Engineering AG","alternateName":"4Tec Engineering AG","url":"https:\/\/4tec-engineering.com\/","logo":{"@type":"ImageObject","inLanguage":"en-US","@id":"https:\/\/4tec-engineering.com\/#\/schema\/logo\/image\/","url":"https:\/\/4tec-engineering.com\/wp-content\/uploads\/2023\/03\/4T_512x512-1.png","contentUrl":"https:\/\/4tec-engineering.com\/wp-content\/uploads\/2023\/03\/4T_512x512-1.png","width":512,"height":512,"caption":"4Tec Engineering AG"},"image":{"@id":"https:\/\/4tec-engineering.com\/#\/schema\/logo\/image\/"},"sameAs":["https:\/\/www.linkedin.com\/company\/4tec-engineering"]}]}},"_links":{"self":[{"href":"https:\/\/4tec-engineering.com\/en\/wp-json\/wp\/v2\/pages\/3229","targetHints":{"allow":["GET"]}}],"collection":[{"href":"https:\/\/4tec-engineering.com\/en\/wp-json\/wp\/v2\/pages"}],"about":[{"href":"https:\/\/4tec-engineering.com\/en\/wp-json\/wp\/v2\/types\/page"}],"author":[{"embeddable":true,"href":"https:\/\/4tec-engineering.com\/en\/wp-json\/wp\/v2\/users\/1"}],"replies":[{"embeddable":true,"href":"https:\/\/4tec-engineering.com\/en\/wp-json\/wp\/v2\/comments?post=3229"}],"version-history":[{"count":16,"href":"https:\/\/4tec-engineering.com\/en\/wp-json\/wp\/v2\/pages\/3229\/revisions"}],"predecessor-version":[{"id":5483,"href":"https:\/\/4tec-engineering.com\/en\/wp-json\/wp\/v2\/pages\/3229\/revisions\/5483"}],"up":[{"embeddable":true,"href":"https:\/\/4tec-engineering.com\/en\/wp-json\/wp\/v2\/pages\/114"}],"wp:attachment":[{"href":"https:\/\/4tec-engineering.com\/en\/wp-json\/wp\/v2\/media?parent=3229"}],"curies":[{"name":"wp","href":"https:\/\/api.w.org\/{rel}","templated":true}]}}