{"id":2249,"date":"2022-03-29T08:45:53","date_gmt":"2022-03-29T08:45:53","guid":{"rendered":"https:\/\/4tec.com\/optrel-swissair-en-copy\/"},"modified":"2023-04-24T08:46:00","modified_gmt":"2023-04-24T08:46:00","slug":"optrel-swissair","status":"publish","type":"page","link":"https:\/\/4tec-engineering.com\/en\/produktentwicklung\/projekte\/optrel-swissair\/","title":{"rendered":"Optrel-SwissAir"},"content":{"rendered":"<div data-elementor-type=\"wp-page\" data-elementor-id=\"2249\" class=\"elementor elementor-2249\" data-elementor-post-type=\"page\">\n\t\t\t\t\t\t<section class=\"elementor-section elementor-top-section elementor-element elementor-element-1d59d0f0 elementor-section-boxed elementor-section-height-default elementor-section-height-default\" data-id=\"1d59d0f0\" data-element_type=\"section\">\n\t\t\t\t\t\t<div class=\"elementor-container elementor-column-gap-default\">\n\t\t\t\t\t<div class=\"elementor-column elementor-col-100 elementor-top-column elementor-element elementor-element-28474b9a\" data-id=\"28474b9a\" data-element_type=\"column\">\n\t\t\t<div class=\"elementor-widget-wrap elementor-element-populated\">\n\t\t\t\t\t\t<section class=\"elementor-section elementor-inner-section elementor-element elementor-element-6df69ed1 elementor-section-boxed elementor-section-height-default elementor-section-height-default\" data-id=\"6df69ed1\" data-element_type=\"section\">\n\t\t\t\t\t\t<div class=\"elementor-container elementor-column-gap-default\">\n\t\t\t\t\t<div class=\"elementor-column elementor-col-50 elementor-inner-column elementor-element elementor-element-48adf252\" data-id=\"48adf252\" data-element_type=\"column\">\n\t\t\t<div class=\"elementor-widget-wrap elementor-element-populated\">\n\t\t\t\t\t\t<div class=\"elementor-element elementor-element-28eec485 elementor-position-left elementor-view-default elementor-mobile-position-top elementor-widget elementor-widget-icon-box\" data-id=\"28eec485\" data-element_type=\"widget\" data-widget_type=\"icon-box.default\">\n\t\t\t\t<div class=\"elementor-widget-container\">\n\t\t\t\t\t\t\t<div class=\"elementor-icon-box-wrapper\">\n\n\t\t\t\t\t\t<div class=\"elementor-icon-box-icon\">\n\t\t\t\t<a href=\"https:\/\/4tec-engineering.com\/en\/home\/projekte\/#Projekte\" class=\"elementor-icon\" tabindex=\"-1\" aria-label=\"All projects\">\n\t\t\t\t<i aria-hidden=\"true\" class=\"fas fa-arrow-left\"><\/i>\t\t\t\t<\/a>\n\t\t\t<\/div>\n\t\t\t\n\t\t\t\t\t\t<div class=\"elementor-icon-box-content\">\n\n\t\t\t\t\t\t\t\t\t<h3 class=\"elementor-icon-box-title\">\n\t\t\t\t\t\t<a href=\"https:\/\/4tec-engineering.com\/en\/home\/projekte\/#Projekte\" >\n\t\t\t\t\t\t\tAll projects\t\t\t\t\t\t<\/a>\n\t\t\t\t\t<\/h3>\n\t\t\t\t\n\t\t\t\t\n\t\t\t<\/div>\n\t\t\t\n\t\t<\/div>\n\t\t\t\t\t\t<\/div>\n\t\t\t\t<\/div>\n\t\t\t\t<div class=\"elementor-element elementor-element-6d625af elementor-position-right elementor-view-default elementor-mobile-position-top elementor-widget elementor-widget-icon-box\" data-id=\"6d625af\" data-element_type=\"widget\" data-widget_type=\"icon-box.default\">\n\t\t\t\t<div class=\"elementor-widget-container\">\n\t\t\t\t\t\t\t<div class=\"elementor-icon-box-wrapper\">\n\n\t\t\t\t\t\t<div class=\"elementor-icon-box-icon\">\n\t\t\t\t<a href=\"https:\/\/4tec-engineering.com\/en\/produktentwicklung\/projekte\/optrel-helix\/\" class=\"elementor-icon\" tabindex=\"-1\" aria-label=\"Next Project\">\n\t\t\t\t<i aria-hidden=\"true\" class=\"fas fa-arrow-right\"><\/i>\t\t\t\t<\/a>\n\t\t\t<\/div>\n\t\t\t\n\t\t\t\t\t\t<div class=\"elementor-icon-box-content\">\n\n\t\t\t\t\t\t\t\t\t<h3 class=\"elementor-icon-box-title\">\n\t\t\t\t\t\t<a href=\"https:\/\/4tec-engineering.com\/en\/produktentwicklung\/projekte\/optrel-helix\/\" >\n\t\t\t\t\t\t\tNext Project\t\t\t\t\t\t<\/a>\n\t\t\t\t\t<\/h3>\n\t\t\t\t\n\t\t\t\t\n\t\t\t<\/div>\n\t\t\t\n\t\t<\/div>\n\t\t\t\t\t\t<\/div>\n\t\t\t\t<\/div>\n\t\t\t\t\t<\/div>\n\t\t<\/div>\n\t\t\t\t<div class=\"elementor-column elementor-col-50 elementor-inner-column elementor-element elementor-element-af30e9c\" data-id=\"af30e9c\" data-element_type=\"column\">\n\t\t\t<div class=\"elementor-widget-wrap elementor-element-populated\">\n\t\t\t\t\t\t<div class=\"elementor-element elementor-element-3ec6ab4b elementor-widget elementor-widget-image\" data-id=\"3ec6ab4b\" data-element_type=\"widget\" data-widget_type=\"image.default\">\n\t\t\t\t<div class=\"elementor-widget-container\">\n\t\t\t\t\t\t\t\t\t\t\t\t\t\t\t<img fetchpriority=\"high\" decoding=\"async\" width=\"2032\" height=\"601\" src=\"https:\/\/4tec-engineering.com\/wp-content\/uploads\/2023\/04\/Optrel-SwissAir-01.png\" class=\"attachment-full size-full wp-image-3385\" alt=\"Optrel - SwissAir - 01\" srcset=\"https:\/\/4tec-engineering.com\/wp-content\/uploads\/2023\/04\/Optrel-SwissAir-01.png.webp 2032w, https:\/\/4tec-engineering.com\/wp-content\/uploads\/2023\/04\/Optrel-SwissAir-01-300x89.png.webp 300w, https:\/\/4tec-engineering.com\/wp-content\/uploads\/2023\/04\/Optrel-SwissAir-01-1024x303.png.webp 1024w, https:\/\/4tec-engineering.com\/wp-content\/uploads\/2023\/04\/Optrel-SwissAir-01-768x227.png.webp 768w, https:\/\/4tec-engineering.com\/wp-content\/uploads\/2023\/04\/Optrel-SwissAir-01-1536x454.png.webp 1536w\" sizes=\"(max-width: 2032px) 100vw, 2032px\" \/>\t\t\t\t\t\t\t\t\t\t\t\t\t\t\t<\/div>\n\t\t\t\t<\/div>\n\t\t\t\t<div class=\"elementor-element elementor-element-100cf827 elementor-widget elementor-widget-heading\" data-id=\"100cf827\" data-element_type=\"widget\" data-widget_type=\"heading.default\">\n\t\t\t\t<div class=\"elementor-widget-container\">\n\t\t\t\t\t<h2 class=\"elementor-heading-title elementor-size-default\">Optrel - Swiss Air<\/h2>\t\t\t\t<\/div>\n\t\t\t\t<\/div>\n\t\t\t\t<div class=\"elementor-element elementor-element-73d6ce6a elementor-widget elementor-widget-text-editor\" data-id=\"73d6ce6a\" data-element_type=\"widget\" data-widget_type=\"text-editor.default\">\n\t\t\t\t<div class=\"elementor-widget-container\">\n\t\t\t\t\t\t\t\t\t<p>Year: 2020<br \/><br \/>Our services: Mechanical development<br \/><br \/>Customer:\u00a0<a href=\"https:\/\/www.optrel.com\/\" target=\"_blank\" rel=\"noopener\"><span style=\"color: #2095c1\">Optrel<\/span><\/a><\/p>\t\t\t\t\t\t\t\t<\/div>\n\t\t\t\t<\/div>\n\t\t\t\t<div class=\"elementor-element elementor-element-3eb98764 elementor-widget elementor-widget-text-editor\" data-id=\"3eb98764\" data-element_type=\"widget\" data-widget_type=\"text-editor.default\">\n\t\t\t\t<div class=\"elementor-widget-container\">\n\t\t\t\t\t\t\t\t\t<p>Entwicklung eines Schlauchsystems f\u00fcr die Atemmaske <strong>swiss air<\/strong> mit Aktivbel\u00fcftung. Die grosse Herausforderung war die Verbindung der Schlauchteile zu Hartplastik sowie zum Textil der Maske. Nach Norm werden 25kg Gewicht am Schlauchende angeh\u00e4ngt wobei alle Schnapper, Schl\u00e4uche und Teile dieser Belastung standhalten m\u00fcssen. Die Belastungstests konnten erst mit Serienwerkzeugen gemacht werden, da mit Prototypmaterialien nicht die gleichen Festigkeiten erreicht werden koennen. Mit einfachen Werkzeug\u00e4nderungen konnte dann die Schnappkraft bis zur Erf\u00fcllung der Norm schrittweise erh\u00f6ht werden, bis eine Serienfreigabe erteilt werden konnte. Werkzeugbau und Produktion findet bei 4tec solutions statt.<\/p>\t\t\t\t\t\t\t\t<\/div>\n\t\t\t\t<\/div>\n\t\t\t\t<div class=\"elementor-element elementor-element-44d873ef elementor-widget elementor-widget-gallery\" data-id=\"44d873ef\" data-element_type=\"widget\" data-settings=\"{&quot;lazyload&quot;:&quot;yes&quot;,&quot;gallery_layout&quot;:&quot;grid&quot;,&quot;columns&quot;:4,&quot;columns_tablet&quot;:2,&quot;columns_mobile&quot;:1,&quot;gap&quot;:{&quot;unit&quot;:&quot;px&quot;,&quot;size&quot;:10,&quot;sizes&quot;:[]},&quot;gap_tablet&quot;:{&quot;unit&quot;:&quot;px&quot;,&quot;size&quot;:10,&quot;sizes&quot;:[]},&quot;gap_mobile&quot;:{&quot;unit&quot;:&quot;px&quot;,&quot;size&quot;:10,&quot;sizes&quot;:[]},&quot;link_to&quot;:&quot;file&quot;,&quot;aspect_ratio&quot;:&quot;3:2&quot;,&quot;overlay_background&quot;:&quot;yes&quot;,&quot;content_hover_animation&quot;:&quot;fade-in&quot;}\" data-widget_type=\"gallery.default\">\n\t\t\t\t<div class=\"elementor-widget-container\">\n\t\t\t\t\t\t\t<div class=\"elementor-gallery__container\">\n\t\t\t\t\t\t\t<a class=\"e-gallery-item elementor-gallery-item elementor-animated-content\" href=\"https:\/\/4tec-engineering.com\/wp-content\/uploads\/2023\/04\/Optrel-SwissAir-02.png\" data-elementor-open-lightbox=\"yes\" data-elementor-lightbox-slideshow=\"44d873ef\" data-elementor-lightbox-title=\"Optrel - SwissAir - 02\" data-elementor-lightbox-description=\"Projekt\" data-e-action-hash=\"#elementor-action%3Aaction%3Dlightbox%26settings%3DeyJpZCI6MzM4NiwidXJsIjoiaHR0cHM6XC9cLzR0ZWMtZW5naW5lZXJpbmcuY29tXC93cC1jb250ZW50XC91cGxvYWRzXC8yMDIzXC8wNFwvT3B0cmVsLVN3aXNzQWlyLTAyLnBuZyIsInNsaWRlc2hvdyI6IjQ0ZDg3M2VmIn0%3D\">\n\t\t\t\t\t<div class=\"e-gallery-image elementor-gallery-item__image\" data-thumbnail=\"https:\/\/4tec-engineering.com\/wp-content\/uploads\/2023\/04\/Optrel-SwissAir-02-300x225.png\" data-width=\"300\" data-height=\"225\" aria-label=\"Optrel - SwissAir - 02\" role=\"img\" ><\/div>\n\t\t\t\t\t\t\t\t\t\t\t<div class=\"elementor-gallery-item__overlay\"><\/div>\n\t\t\t\t\t\t\t\t\t\t\t\t\t\t<\/a>\n\t\t\t\t\t\t\t<a class=\"e-gallery-item elementor-gallery-item elementor-animated-content\" href=\"https:\/\/4tec-engineering.com\/wp-content\/uploads\/2023\/04\/Optrel-SwissAir-03.png\" data-elementor-open-lightbox=\"yes\" data-elementor-lightbox-slideshow=\"44d873ef\" data-elementor-lightbox-title=\"Optrel - SwissAir - 03\" data-elementor-lightbox-description=\"Projekt\" data-e-action-hash=\"#elementor-action%3Aaction%3Dlightbox%26settings%3DeyJpZCI6MzM4NywidXJsIjoiaHR0cHM6XC9cLzR0ZWMtZW5naW5lZXJpbmcuY29tXC93cC1jb250ZW50XC91cGxvYWRzXC8yMDIzXC8wNFwvT3B0cmVsLVN3aXNzQWlyLTAzLnBuZyIsInNsaWRlc2hvdyI6IjQ0ZDg3M2VmIn0%3D\">\n\t\t\t\t\t<div class=\"e-gallery-image elementor-gallery-item__image\" data-thumbnail=\"https:\/\/4tec-engineering.com\/wp-content\/uploads\/2023\/04\/Optrel-SwissAir-03-300x225.png\" data-width=\"300\" data-height=\"225\" aria-label=\"Optrel - SwissAir - 03\" role=\"img\" ><\/div>\n\t\t\t\t\t\t\t\t\t\t\t<div class=\"elementor-gallery-item__overlay\"><\/div>\n\t\t\t\t\t\t\t\t\t\t\t\t\t\t<\/a>\n\t\t\t\t\t\t\t<a class=\"e-gallery-item elementor-gallery-item elementor-animated-content\" href=\"https:\/\/4tec-engineering.com\/wp-content\/uploads\/2023\/04\/Optrel-SwissAir-04.png\" data-elementor-open-lightbox=\"yes\" data-elementor-lightbox-slideshow=\"44d873ef\" data-elementor-lightbox-title=\"Optrel - SwissAir - 04\" data-elementor-lightbox-description=\"Projekt\" data-e-action-hash=\"#elementor-action%3Aaction%3Dlightbox%26settings%3DeyJpZCI6MzM4OCwidXJsIjoiaHR0cHM6XC9cLzR0ZWMtZW5naW5lZXJpbmcuY29tXC93cC1jb250ZW50XC91cGxvYWRzXC8yMDIzXC8wNFwvT3B0cmVsLVN3aXNzQWlyLTA0LnBuZyIsInNsaWRlc2hvdyI6IjQ0ZDg3M2VmIn0%3D\">\n\t\t\t\t\t<div class=\"e-gallery-image elementor-gallery-item__image\" data-thumbnail=\"https:\/\/4tec-engineering.com\/wp-content\/uploads\/2023\/04\/Optrel-SwissAir-04-300x225.png\" data-width=\"300\" data-height=\"225\" aria-label=\"Optrel - SwissAir - 04\" role=\"img\" ><\/div>\n\t\t\t\t\t\t\t\t\t\t\t<div class=\"elementor-gallery-item__overlay\"><\/div>\n\t\t\t\t\t\t\t\t\t\t\t\t\t\t<\/a>\n\t\t\t\t\t\t\t<a class=\"e-gallery-item elementor-gallery-item elementor-animated-content\" href=\"https:\/\/4tec-engineering.com\/wp-content\/uploads\/2023\/04\/Optrel-SwissAir-05.png\" data-elementor-open-lightbox=\"yes\" data-elementor-lightbox-slideshow=\"44d873ef\" data-elementor-lightbox-title=\"Optrel - SwissAir - 05\" data-elementor-lightbox-description=\"Projekt\" data-e-action-hash=\"#elementor-action%3Aaction%3Dlightbox%26settings%3DeyJpZCI6MzM4OSwidXJsIjoiaHR0cHM6XC9cLzR0ZWMtZW5naW5lZXJpbmcuY29tXC93cC1jb250ZW50XC91cGxvYWRzXC8yMDIzXC8wNFwvT3B0cmVsLVN3aXNzQWlyLTA1LnBuZyIsInNsaWRlc2hvdyI6IjQ0ZDg3M2VmIn0%3D\">\n\t\t\t\t\t<div class=\"e-gallery-image elementor-gallery-item__image\" data-thumbnail=\"https:\/\/4tec-engineering.com\/wp-content\/uploads\/2023\/04\/Optrel-SwissAir-05-300x225.png\" data-width=\"300\" data-height=\"225\" aria-label=\"Optrel - SwissAir - 05\" role=\"img\" ><\/div>\n\t\t\t\t\t\t\t\t\t\t\t<div class=\"elementor-gallery-item__overlay\"><\/div>\n\t\t\t\t\t\t\t\t\t\t\t\t\t\t<\/a>\n\t\t\t\t\t<\/div>\n\t\t\t\t\t<\/div>\n\t\t\t\t<\/div>\n\t\t\t\t\t<\/div>\n\t\t<\/div>\n\t\t\t\t\t<\/div>\n\t\t<\/section>\n\t\t\t\t\t<\/div>\n\t\t<\/div>\n\t\t\t\t\t<\/div>\n\t\t<\/section>\n\t\t\t\t<\/div>","protected":false},"excerpt":{"rendered":"<p>Alle Projekte N\u00e4chstes Projekt Optrel &#8211; Swiss Air Jahr: 2020 Unsere Leistungen: Mechanische Entwicklung Kunde:\u00a0Optrel Entwicklung eines Schlauchsystems f\u00fcr die Atemmaske swiss air mit Aktivbel\u00fcftung. Die grosse Herausforderung war die Verbindung der Schlauchteile zu Hartplastik sowie zum Textil der Maske. Nach Norm werden 25kg Gewicht am Schlauchende angeh\u00e4ngt wobei alle Schnapper, Schl\u00e4uche und Teile dieser [&hellip;]<\/p>","protected":false},"author":1,"featured_media":3323,"parent":114,"menu_order":0,"comment_status":"closed","ping_status":"closed","template":"","meta":{"footnotes":""},"class_list":["post-2249","page","type-page","status-publish","has-post-thumbnail","hentry"],"yoast_head":"<!-- This site is optimized with the Yoast SEO plugin v26.6 - https:\/\/yoast.com\/wordpress\/plugins\/seo\/ -->\n<title>Optrel-SwissAir - 4Tec Engineering<\/title>\n<meta name=\"robots\" content=\"index, follow, max-snippet:-1, max-image-preview:large, max-video-preview:-1\" \/>\n<link rel=\"canonical\" href=\"https:\/\/4tec-engineering.com\/en\/produktentwicklung\/projekte\/optrel-swissair\/\" \/>\n<meta property=\"og:locale\" content=\"en_US\" \/>\n<meta property=\"og:type\" content=\"article\" \/>\n<meta property=\"og:title\" content=\"Optrel-SwissAir - 4Tec Engineering\" \/>\n<meta property=\"og:description\" content=\"Alle Projekte N\u00e4chstes Projekt Optrel &#8211; Swiss Air Jahr: 2020 Unsere Leistungen: Mechanische Entwicklung Kunde:\u00a0Optrel Entwicklung eines Schlauchsystems f\u00fcr die Atemmaske swiss air mit Aktivbel\u00fcftung. Die grosse Herausforderung war die Verbindung der Schlauchteile zu Hartplastik sowie zum Textil der Maske. Nach Norm werden 25kg Gewicht am Schlauchende angeh\u00e4ngt wobei alle Schnapper, Schl\u00e4uche und Teile dieser [&hellip;]\" \/>\n<meta property=\"og:url\" content=\"https:\/\/4tec-engineering.com\/en\/produktentwicklung\/projekte\/optrel-swissair\/\" \/>\n<meta property=\"og:site_name\" content=\"4Tec Engineering\" \/>\n<meta property=\"article:modified_time\" content=\"2023-04-24T08:46:00+00:00\" \/>\n<meta property=\"og:image\" content=\"https:\/\/4tec-engineering.com\/wp-content\/uploads\/2023\/04\/Optrel-Swissair.png\" \/>\n\t<meta property=\"og:image:width\" content=\"1200\" \/>\n\t<meta property=\"og:image:height\" content=\"900\" \/>\n\t<meta property=\"og:image:type\" content=\"image\/png\" \/>\n<meta name=\"twitter:card\" content=\"summary_large_image\" \/>\n<meta name=\"twitter:label1\" content=\"Est. reading time\" \/>\n\t<meta name=\"twitter:data1\" content=\"1 minute\" \/>\n<script type=\"application\/ld+json\" class=\"yoast-schema-graph\">{\"@context\":\"https:\/\/schema.org\",\"@graph\":[{\"@type\":\"WebPage\",\"@id\":\"https:\/\/4tec-engineering.com\/produktentwicklung\/projekte\/optrel-swissair\/\",\"url\":\"https:\/\/4tec-engineering.com\/produktentwicklung\/projekte\/optrel-swissair\/\",\"name\":\"Optrel-SwissAir - 4Tec Engineering\",\"isPartOf\":{\"@id\":\"https:\/\/4tec-engineering.com\/#website\"},\"primaryImageOfPage\":{\"@id\":\"https:\/\/4tec-engineering.com\/produktentwicklung\/projekte\/optrel-swissair\/#primaryimage\"},\"image\":{\"@id\":\"https:\/\/4tec-engineering.com\/produktentwicklung\/projekte\/optrel-swissair\/#primaryimage\"},\"thumbnailUrl\":\"https:\/\/4tec-engineering.com\/wp-content\/uploads\/2023\/04\/Optrel-Swissair.webp\",\"datePublished\":\"2022-03-29T08:45:53+00:00\",\"dateModified\":\"2023-04-24T08:46:00+00:00\",\"breadcrumb\":{\"@id\":\"https:\/\/4tec-engineering.com\/produktentwicklung\/projekte\/optrel-swissair\/#breadcrumb\"},\"inLanguage\":\"en-US\",\"potentialAction\":[{\"@type\":\"ReadAction\",\"target\":[\"https:\/\/4tec-engineering.com\/produktentwicklung\/projekte\/optrel-swissair\/\"]}]},{\"@type\":\"ImageObject\",\"inLanguage\":\"en-US\",\"@id\":\"https:\/\/4tec-engineering.com\/produktentwicklung\/projekte\/optrel-swissair\/#primaryimage\",\"url\":\"https:\/\/4tec-engineering.com\/wp-content\/uploads\/2023\/04\/Optrel-Swissair.webp\",\"contentUrl\":\"https:\/\/4tec-engineering.com\/wp-content\/uploads\/2023\/04\/Optrel-Swissair.webp\",\"width\":1200,\"height\":900,\"caption\":\"Optrel - Swissair\"},{\"@type\":\"BreadcrumbList\",\"@id\":\"https:\/\/4tec-engineering.com\/produktentwicklung\/projekte\/optrel-swissair\/#breadcrumb\",\"itemListElement\":[{\"@type\":\"ListItem\",\"position\":1,\"name\":\"Startseite\",\"item\":\"https:\/\/4tec-engineering.com\/\"},{\"@type\":\"ListItem\",\"position\":2,\"name\":\"Home\",\"item\":\"https:\/\/4tec-engineering.com\/\"},{\"@type\":\"ListItem\",\"position\":3,\"name\":\"Projekte\",\"item\":\"https:\/\/4tec-engineering.com\/produktentwicklung\/projekte\/\"},{\"@type\":\"ListItem\",\"position\":4,\"name\":\"Optrel-SwissAir\"}]},{\"@type\":\"WebSite\",\"@id\":\"https:\/\/4tec-engineering.com\/#website\",\"url\":\"https:\/\/4tec-engineering.com\/\",\"name\":\"4Tec Engineering\",\"description\":\"Produktentwicklung in Z\u00fcrich\",\"publisher\":{\"@id\":\"https:\/\/4tec-engineering.com\/#organization\"},\"alternateName\":\"4Tec\",\"potentialAction\":[{\"@type\":\"SearchAction\",\"target\":{\"@type\":\"EntryPoint\",\"urlTemplate\":\"https:\/\/4tec-engineering.com\/?s={search_term_string}\"},\"query-input\":{\"@type\":\"PropertyValueSpecification\",\"valueRequired\":true,\"valueName\":\"search_term_string\"}}],\"inLanguage\":\"en-US\"},{\"@type\":\"Organization\",\"@id\":\"https:\/\/4tec-engineering.com\/#organization\",\"name\":\"4Tec Engineering AG\",\"alternateName\":\"4Tec Engineering AG\",\"url\":\"https:\/\/4tec-engineering.com\/\",\"logo\":{\"@type\":\"ImageObject\",\"inLanguage\":\"en-US\",\"@id\":\"https:\/\/4tec-engineering.com\/#\/schema\/logo\/image\/\",\"url\":\"https:\/\/4tec-engineering.com\/wp-content\/uploads\/2023\/03\/4T_512x512-1.png\",\"contentUrl\":\"https:\/\/4tec-engineering.com\/wp-content\/uploads\/2023\/03\/4T_512x512-1.png\",\"width\":512,\"height\":512,\"caption\":\"4Tec Engineering AG\"},\"image\":{\"@id\":\"https:\/\/4tec-engineering.com\/#\/schema\/logo\/image\/\"},\"sameAs\":[\"https:\/\/www.linkedin.com\/company\/4tec-engineering\"]}]}<\/script>\n<!-- \/ Yoast SEO plugin. -->","yoast_head_json":{"title":"Optrel-SwissAir - 4Tec Engineering","robots":{"index":"index","follow":"follow","max-snippet":"max-snippet:-1","max-image-preview":"max-image-preview:large","max-video-preview":"max-video-preview:-1"},"canonical":"https:\/\/4tec-engineering.com\/en\/produktentwicklung\/projekte\/optrel-swissair\/","og_locale":"en_US","og_type":"article","og_title":"Optrel-SwissAir - 4Tec Engineering","og_description":"Alle Projekte N\u00e4chstes Projekt Optrel &#8211; Swiss Air Jahr: 2020 Unsere Leistungen: Mechanische Entwicklung Kunde:\u00a0Optrel Entwicklung eines Schlauchsystems f\u00fcr die Atemmaske swiss air mit Aktivbel\u00fcftung. Die grosse Herausforderung war die Verbindung der Schlauchteile zu Hartplastik sowie zum Textil der Maske. Nach Norm werden 25kg Gewicht am Schlauchende angeh\u00e4ngt wobei alle Schnapper, Schl\u00e4uche und Teile dieser [&hellip;]","og_url":"https:\/\/4tec-engineering.com\/en\/produktentwicklung\/projekte\/optrel-swissair\/","og_site_name":"4Tec Engineering","article_modified_time":"2023-04-24T08:46:00+00:00","og_image":[{"width":1200,"height":900,"url":"https:\/\/4tec-engineering.com\/wp-content\/uploads\/2023\/04\/Optrel-Swissair.png","type":"image\/png"}],"twitter_card":"summary_large_image","twitter_misc":{"Est. reading time":"1 minute"},"schema":{"@context":"https:\/\/schema.org","@graph":[{"@type":"WebPage","@id":"https:\/\/4tec-engineering.com\/produktentwicklung\/projekte\/optrel-swissair\/","url":"https:\/\/4tec-engineering.com\/produktentwicklung\/projekte\/optrel-swissair\/","name":"Optrel-SwissAir - 4Tec Engineering","isPartOf":{"@id":"https:\/\/4tec-engineering.com\/#website"},"primaryImageOfPage":{"@id":"https:\/\/4tec-engineering.com\/produktentwicklung\/projekte\/optrel-swissair\/#primaryimage"},"image":{"@id":"https:\/\/4tec-engineering.com\/produktentwicklung\/projekte\/optrel-swissair\/#primaryimage"},"thumbnailUrl":"https:\/\/4tec-engineering.com\/wp-content\/uploads\/2023\/04\/Optrel-Swissair.webp","datePublished":"2022-03-29T08:45:53+00:00","dateModified":"2023-04-24T08:46:00+00:00","breadcrumb":{"@id":"https:\/\/4tec-engineering.com\/produktentwicklung\/projekte\/optrel-swissair\/#breadcrumb"},"inLanguage":"en-US","potentialAction":[{"@type":"ReadAction","target":["https:\/\/4tec-engineering.com\/produktentwicklung\/projekte\/optrel-swissair\/"]}]},{"@type":"ImageObject","inLanguage":"en-US","@id":"https:\/\/4tec-engineering.com\/produktentwicklung\/projekte\/optrel-swissair\/#primaryimage","url":"https:\/\/4tec-engineering.com\/wp-content\/uploads\/2023\/04\/Optrel-Swissair.webp","contentUrl":"https:\/\/4tec-engineering.com\/wp-content\/uploads\/2023\/04\/Optrel-Swissair.webp","width":1200,"height":900,"caption":"Optrel - Swissair"},{"@type":"BreadcrumbList","@id":"https:\/\/4tec-engineering.com\/produktentwicklung\/projekte\/optrel-swissair\/#breadcrumb","itemListElement":[{"@type":"ListItem","position":1,"name":"Startseite","item":"https:\/\/4tec-engineering.com\/"},{"@type":"ListItem","position":2,"name":"Home","item":"https:\/\/4tec-engineering.com\/"},{"@type":"ListItem","position":3,"name":"Projekte","item":"https:\/\/4tec-engineering.com\/produktentwicklung\/projekte\/"},{"@type":"ListItem","position":4,"name":"Optrel-SwissAir"}]},{"@type":"WebSite","@id":"https:\/\/4tec-engineering.com\/#website","url":"https:\/\/4tec-engineering.com\/","name":"4Tec Engineering","description":"Product development in Zurich","publisher":{"@id":"https:\/\/4tec-engineering.com\/#organization"},"alternateName":"4Tec","potentialAction":[{"@type":"SearchAction","target":{"@type":"EntryPoint","urlTemplate":"https:\/\/4tec-engineering.com\/?s={search_term_string}"},"query-input":{"@type":"PropertyValueSpecification","valueRequired":true,"valueName":"search_term_string"}}],"inLanguage":"en-US"},{"@type":"Organization","@id":"https:\/\/4tec-engineering.com\/#organization","name":"4Tec Engineering AG","alternateName":"4Tec Engineering AG","url":"https:\/\/4tec-engineering.com\/","logo":{"@type":"ImageObject","inLanguage":"en-US","@id":"https:\/\/4tec-engineering.com\/#\/schema\/logo\/image\/","url":"https:\/\/4tec-engineering.com\/wp-content\/uploads\/2023\/03\/4T_512x512-1.png","contentUrl":"https:\/\/4tec-engineering.com\/wp-content\/uploads\/2023\/03\/4T_512x512-1.png","width":512,"height":512,"caption":"4Tec Engineering AG"},"image":{"@id":"https:\/\/4tec-engineering.com\/#\/schema\/logo\/image\/"},"sameAs":["https:\/\/www.linkedin.com\/company\/4tec-engineering"]}]}},"_links":{"self":[{"href":"https:\/\/4tec-engineering.com\/en\/wp-json\/wp\/v2\/pages\/2249","targetHints":{"allow":["GET"]}}],"collection":[{"href":"https:\/\/4tec-engineering.com\/en\/wp-json\/wp\/v2\/pages"}],"about":[{"href":"https:\/\/4tec-engineering.com\/en\/wp-json\/wp\/v2\/types\/page"}],"author":[{"embeddable":true,"href":"https:\/\/4tec-engineering.com\/en\/wp-json\/wp\/v2\/users\/1"}],"replies":[{"embeddable":true,"href":"https:\/\/4tec-engineering.com\/en\/wp-json\/wp\/v2\/comments?post=2249"}],"version-history":[{"count":19,"href":"https:\/\/4tec-engineering.com\/en\/wp-json\/wp\/v2\/pages\/2249\/revisions"}],"predecessor-version":[{"id":4794,"href":"https:\/\/4tec-engineering.com\/en\/wp-json\/wp\/v2\/pages\/2249\/revisions\/4794"}],"up":[{"embeddable":true,"href":"https:\/\/4tec-engineering.com\/en\/wp-json\/wp\/v2\/pages\/114"}],"wp:featuredmedia":[{"embeddable":true,"href":"https:\/\/4tec-engineering.com\/en\/wp-json\/wp\/v2\/media\/3323"}],"wp:attachment":[{"href":"https:\/\/4tec-engineering.com\/en\/wp-json\/wp\/v2\/media?parent=2249"}],"curies":[{"name":"wp","href":"https:\/\/api.w.org\/{rel}","templated":true}]}}