{"id":2189,"date":"2022-03-29T08:30:05","date_gmt":"2022-03-29T08:30:05","guid":{"rendered":"https:\/\/4tec.com\/autech-railmonitor-en-copy\/"},"modified":"2023-04-24T08:12:29","modified_gmt":"2023-04-24T08:12:29","slug":"autech-railmonitor","status":"publish","type":"page","link":"https:\/\/4tec-engineering.com\/en\/produktentwicklung\/projekte\/autech-railmonitor\/","title":{"rendered":"Autech-RailMonitor"},"content":{"rendered":"<div data-elementor-type=\"wp-page\" data-elementor-id=\"2189\" class=\"elementor elementor-2189\" data-elementor-post-type=\"page\">\n\t\t\t\t\t\t<section class=\"elementor-section elementor-top-section elementor-element elementor-element-20c8fbb2 elementor-section-boxed elementor-section-height-default elementor-section-height-default\" data-id=\"20c8fbb2\" data-element_type=\"section\">\n\t\t\t\t\t\t<div class=\"elementor-container elementor-column-gap-default\">\n\t\t\t\t\t<div class=\"elementor-column elementor-col-100 elementor-top-column elementor-element elementor-element-5ed67948\" data-id=\"5ed67948\" data-element_type=\"column\">\n\t\t\t<div class=\"elementor-widget-wrap elementor-element-populated\">\n\t\t\t\t\t\t<section class=\"elementor-section elementor-inner-section elementor-element elementor-element-7d23c8a1 elementor-section-boxed elementor-section-height-default elementor-section-height-default\" data-id=\"7d23c8a1\" data-element_type=\"section\">\n\t\t\t\t\t\t<div class=\"elementor-container elementor-column-gap-default\">\n\t\t\t\t\t<div class=\"elementor-column elementor-col-50 elementor-inner-column elementor-element elementor-element-194d9c7e\" data-id=\"194d9c7e\" data-element_type=\"column\">\n\t\t\t<div class=\"elementor-widget-wrap elementor-element-populated\">\n\t\t\t\t\t\t<div class=\"elementor-element elementor-element-180cc355 elementor-position-left elementor-view-default elementor-mobile-position-top elementor-widget elementor-widget-icon-box\" data-id=\"180cc355\" data-element_type=\"widget\" data-widget_type=\"icon-box.default\">\n\t\t\t\t<div class=\"elementor-widget-container\">\n\t\t\t\t\t\t\t<div class=\"elementor-icon-box-wrapper\">\n\n\t\t\t\t\t\t<div class=\"elementor-icon-box-icon\">\n\t\t\t\t<a href=\"https:\/\/4tec-engineering.com\/en\/home\/projekte\/#Projekte\" class=\"elementor-icon\" tabindex=\"-1\" aria-label=\"All projects\">\n\t\t\t\t<i aria-hidden=\"true\" class=\"fas fa-arrow-left\"><\/i>\t\t\t\t<\/a>\n\t\t\t<\/div>\n\t\t\t\n\t\t\t\t\t\t<div class=\"elementor-icon-box-content\">\n\n\t\t\t\t\t\t\t\t\t<h3 class=\"elementor-icon-box-title\">\n\t\t\t\t\t\t<a href=\"https:\/\/4tec-engineering.com\/en\/home\/projekte\/#Projekte\" >\n\t\t\t\t\t\t\tAll projects\t\t\t\t\t\t<\/a>\n\t\t\t\t\t<\/h3>\n\t\t\t\t\n\t\t\t\t\n\t\t\t<\/div>\n\t\t\t\n\t\t<\/div>\n\t\t\t\t\t\t<\/div>\n\t\t\t\t<\/div>\n\t\t\t\t<div class=\"elementor-element elementor-element-1d4108f elementor-position-right elementor-view-default elementor-mobile-position-top elementor-widget elementor-widget-icon-box\" data-id=\"1d4108f\" data-element_type=\"widget\" data-widget_type=\"icon-box.default\">\n\t\t\t\t<div class=\"elementor-widget-container\">\n\t\t\t\t\t\t\t<div class=\"elementor-icon-box-wrapper\">\n\n\t\t\t\t\t\t<div class=\"elementor-icon-box-icon\">\n\t\t\t\t<a href=\"https:\/\/4tec-engineering.com\/en\/produktentwicklung\/projekte\/autech-messwagen\/\" class=\"elementor-icon\" tabindex=\"-1\" aria-label=\"Next Project\">\n\t\t\t\t<i aria-hidden=\"true\" class=\"fas fa-arrow-right\"><\/i>\t\t\t\t<\/a>\n\t\t\t<\/div>\n\t\t\t\n\t\t\t\t\t\t<div class=\"elementor-icon-box-content\">\n\n\t\t\t\t\t\t\t\t\t<h3 class=\"elementor-icon-box-title\">\n\t\t\t\t\t\t<a href=\"https:\/\/4tec-engineering.com\/en\/produktentwicklung\/projekte\/autech-messwagen\/\" >\n\t\t\t\t\t\t\tNext Project\t\t\t\t\t\t<\/a>\n\t\t\t\t\t<\/h3>\n\t\t\t\t\n\t\t\t\t\n\t\t\t<\/div>\n\t\t\t\n\t\t<\/div>\n\t\t\t\t\t\t<\/div>\n\t\t\t\t<\/div>\n\t\t\t\t\t<\/div>\n\t\t<\/div>\n\t\t\t\t<div class=\"elementor-column elementor-col-50 elementor-inner-column elementor-element elementor-element-20aeb549\" data-id=\"20aeb549\" data-element_type=\"column\">\n\t\t\t<div class=\"elementor-widget-wrap elementor-element-populated\">\n\t\t\t\t\t\t<div class=\"elementor-element elementor-element-116317b6 elementor-widget elementor-widget-image\" data-id=\"116317b6\" data-element_type=\"widget\" data-widget_type=\"image.default\">\n\t\t\t\t<div class=\"elementor-widget-container\">\n\t\t\t\t\t\t\t\t\t\t\t\t\t\t\t<img fetchpriority=\"high\" decoding=\"async\" width=\"2032\" height=\"601\" src=\"https:\/\/4tec-engineering.com\/wp-content\/uploads\/2023\/04\/Autech-RailMonitor-01.png\" class=\"attachment-full size-full wp-image-3350\" alt=\"Autech - RailMonitor - 01\" srcset=\"https:\/\/4tec-engineering.com\/wp-content\/uploads\/2023\/04\/Autech-RailMonitor-01.png 2032w, https:\/\/4tec-engineering.com\/wp-content\/uploads\/2023\/04\/Autech-RailMonitor-01-300x89.png 300w, https:\/\/4tec-engineering.com\/wp-content\/uploads\/2023\/04\/Autech-RailMonitor-01-1024x303.png 1024w, https:\/\/4tec-engineering.com\/wp-content\/uploads\/2023\/04\/Autech-RailMonitor-01-768x227.png 768w, https:\/\/4tec-engineering.com\/wp-content\/uploads\/2023\/04\/Autech-RailMonitor-01-1536x454.png 1536w\" sizes=\"(max-width: 2032px) 100vw, 2032px\" \/>\t\t\t\t\t\t\t\t\t\t\t\t\t\t\t<\/div>\n\t\t\t\t<\/div>\n\t\t\t\t<div class=\"elementor-element elementor-element-572786a9 elementor-widget elementor-widget-heading\" data-id=\"572786a9\" data-element_type=\"widget\" data-widget_type=\"heading.default\">\n\t\t\t\t<div class=\"elementor-widget-container\">\n\t\t\t\t\t<h2 class=\"elementor-heading-title elementor-size-default\">Autech - Rail monitor<\/h2>\t\t\t\t<\/div>\n\t\t\t\t<\/div>\n\t\t\t\t<div class=\"elementor-element elementor-element-5548bbef elementor-widget elementor-widget-text-editor\" data-id=\"5548bbef\" data-element_type=\"widget\" data-widget_type=\"text-editor.default\">\n\t\t\t\t<div class=\"elementor-widget-container\">\n\t\t\t\t\t\t\t\t\t<p>Year: 2020<br \/><br \/>Our services: Revision of mechanical housing concept <br \/><br \/>Customer:\u00a0<a href=\"https:\/\/autech.ch\/\" target=\"_blank\" rel=\"noopener\"><span style=\"color: #2095c1\">Autech AG<\/span><\/a><\/p>\t\t\t\t\t\t\t\t<\/div>\n\t\t\t\t<\/div>\n\t\t\t\t<div class=\"elementor-element elementor-element-1d38072f elementor-widget elementor-widget-text-editor\" data-id=\"1d38072f\" data-element_type=\"widget\" data-widget_type=\"text-editor.default\">\n\t\t\t\t<div class=\"elementor-widget-container\">\n\t\t\t\t\t\t\t\t\tThe Rail Monitor is used to precisely measure rail profiles and check them for wear. In this project, our primary task was to save weight and costs compared to the previous model. To reduce the weight to the limit, the parts of the housing are milled from solid aluminum, down to a remaining wall thickness of just 1.5mm, at a height of 80mm! To achieve this, the limit of what is possible was tested together with the CNC service provider and the design was matched to the optimal milling tools.\t\t\t\t\t\t\t\t<\/div>\n\t\t\t\t<\/div>\n\t\t\t\t<div class=\"elementor-element elementor-element-36433013 elementor-widget elementor-widget-gallery\" data-id=\"36433013\" data-element_type=\"widget\" data-settings=\"{&quot;lazyload&quot;:&quot;yes&quot;,&quot;gallery_layout&quot;:&quot;grid&quot;,&quot;columns&quot;:4,&quot;columns_tablet&quot;:2,&quot;columns_mobile&quot;:1,&quot;gap&quot;:{&quot;unit&quot;:&quot;px&quot;,&quot;size&quot;:10,&quot;sizes&quot;:[]},&quot;gap_tablet&quot;:{&quot;unit&quot;:&quot;px&quot;,&quot;size&quot;:10,&quot;sizes&quot;:[]},&quot;gap_mobile&quot;:{&quot;unit&quot;:&quot;px&quot;,&quot;size&quot;:10,&quot;sizes&quot;:[]},&quot;link_to&quot;:&quot;file&quot;,&quot;aspect_ratio&quot;:&quot;3:2&quot;,&quot;overlay_background&quot;:&quot;yes&quot;,&quot;content_hover_animation&quot;:&quot;fade-in&quot;}\" data-widget_type=\"gallery.default\">\n\t\t\t\t<div class=\"elementor-widget-container\">\n\t\t\t\t\t\t\t<div class=\"elementor-gallery__container\">\n\t\t\t\t\t\t\t<a class=\"e-gallery-item elementor-gallery-item elementor-animated-content\" href=\"https:\/\/4tec-engineering.com\/wp-content\/uploads\/2023\/04\/Autech-RailMonitor-02.png\" data-elementor-open-lightbox=\"yes\" data-elementor-lightbox-slideshow=\"36433013\" data-elementor-lightbox-title=\"Autech - RailMonitor - 02\" data-elementor-lightbox-description=\"Projekt\" data-e-action-hash=\"#elementor-action%3Aaction%3Dlightbox%26settings%3DeyJpZCI6MzM1MSwidXJsIjoiaHR0cHM6XC9cLzR0ZWMtZW5naW5lZXJpbmcuY29tXC93cC1jb250ZW50XC91cGxvYWRzXC8yMDIzXC8wNFwvQXV0ZWNoLVJhaWxNb25pdG9yLTAyLnBuZyIsInNsaWRlc2hvdyI6IjM2NDMzMDEzIn0%3D\">\n\t\t\t\t\t<div class=\"e-gallery-image elementor-gallery-item__image\" data-thumbnail=\"https:\/\/4tec-engineering.com\/wp-content\/uploads\/2023\/04\/Autech-RailMonitor-02-300x225.png\" data-width=\"300\" data-height=\"225\" aria-label=\"Autech - RailMonitor - 02\" role=\"img\" ><\/div>\n\t\t\t\t\t\t\t\t\t\t\t<div class=\"elementor-gallery-item__overlay\"><\/div>\n\t\t\t\t\t\t\t\t\t\t\t\t\t\t<\/a>\n\t\t\t\t\t\t\t<a class=\"e-gallery-item elementor-gallery-item elementor-animated-content\" href=\"https:\/\/4tec-engineering.com\/wp-content\/uploads\/2023\/04\/Autech-RailMonitor-03.png\" data-elementor-open-lightbox=\"yes\" data-elementor-lightbox-slideshow=\"36433013\" data-elementor-lightbox-title=\"Autech - RailMonitor - 03\" data-elementor-lightbox-description=\"Projekt\" data-e-action-hash=\"#elementor-action%3Aaction%3Dlightbox%26settings%3DeyJpZCI6MzM1MiwidXJsIjoiaHR0cHM6XC9cLzR0ZWMtZW5naW5lZXJpbmcuY29tXC93cC1jb250ZW50XC91cGxvYWRzXC8yMDIzXC8wNFwvQXV0ZWNoLVJhaWxNb25pdG9yLTAzLnBuZyIsInNsaWRlc2hvdyI6IjM2NDMzMDEzIn0%3D\">\n\t\t\t\t\t<div class=\"e-gallery-image elementor-gallery-item__image\" data-thumbnail=\"https:\/\/4tec-engineering.com\/wp-content\/uploads\/2023\/04\/Autech-RailMonitor-03-300x225.png\" data-width=\"300\" data-height=\"225\" aria-label=\"Autech - RailMonitor - 03\" role=\"img\" ><\/div>\n\t\t\t\t\t\t\t\t\t\t\t<div class=\"elementor-gallery-item__overlay\"><\/div>\n\t\t\t\t\t\t\t\t\t\t\t\t\t\t<\/a>\n\t\t\t\t\t\t\t<a class=\"e-gallery-item elementor-gallery-item elementor-animated-content\" href=\"https:\/\/4tec-engineering.com\/wp-content\/uploads\/2023\/04\/Autech-RailMonitor-04.png\" data-elementor-open-lightbox=\"yes\" data-elementor-lightbox-slideshow=\"36433013\" data-elementor-lightbox-title=\"Autech - RailMonitor - 04\" data-elementor-lightbox-description=\"Projekt\" data-e-action-hash=\"#elementor-action%3Aaction%3Dlightbox%26settings%3DeyJpZCI6MzM1MywidXJsIjoiaHR0cHM6XC9cLzR0ZWMtZW5naW5lZXJpbmcuY29tXC93cC1jb250ZW50XC91cGxvYWRzXC8yMDIzXC8wNFwvQXV0ZWNoLVJhaWxNb25pdG9yLTA0LnBuZyIsInNsaWRlc2hvdyI6IjM2NDMzMDEzIn0%3D\">\n\t\t\t\t\t<div class=\"e-gallery-image elementor-gallery-item__image\" data-thumbnail=\"https:\/\/4tec-engineering.com\/wp-content\/uploads\/2023\/04\/Autech-RailMonitor-04-300x225.png\" data-width=\"300\" data-height=\"225\" aria-label=\"Autech - RailMonitor - 04\" role=\"img\" ><\/div>\n\t\t\t\t\t\t\t\t\t\t\t<div class=\"elementor-gallery-item__overlay\"><\/div>\n\t\t\t\t\t\t\t\t\t\t\t\t\t\t<\/a>\n\t\t\t\t\t\t\t<a class=\"e-gallery-item elementor-gallery-item elementor-animated-content\" href=\"https:\/\/4tec-engineering.com\/wp-content\/uploads\/2023\/04\/Autech-RailMonitor-05.png\" data-elementor-open-lightbox=\"yes\" data-elementor-lightbox-slideshow=\"36433013\" data-elementor-lightbox-title=\"Autech - RailMonitor - 05\" data-elementor-lightbox-description=\"Projekt\" data-e-action-hash=\"#elementor-action%3Aaction%3Dlightbox%26settings%3DeyJpZCI6MzM1NCwidXJsIjoiaHR0cHM6XC9cLzR0ZWMtZW5naW5lZXJpbmcuY29tXC93cC1jb250ZW50XC91cGxvYWRzXC8yMDIzXC8wNFwvQXV0ZWNoLVJhaWxNb25pdG9yLTA1LnBuZyIsInNsaWRlc2hvdyI6IjM2NDMzMDEzIn0%3D\">\n\t\t\t\t\t<div class=\"e-gallery-image elementor-gallery-item__image\" data-thumbnail=\"https:\/\/4tec-engineering.com\/wp-content\/uploads\/2023\/04\/Autech-RailMonitor-05-300x225.png\" data-width=\"300\" data-height=\"225\" aria-label=\"Autech - RailMonitor - 05\" role=\"img\" ><\/div>\n\t\t\t\t\t\t\t\t\t\t\t<div class=\"elementor-gallery-item__overlay\"><\/div>\n\t\t\t\t\t\t\t\t\t\t\t\t\t\t<\/a>\n\t\t\t\t\t<\/div>\n\t\t\t\t\t<\/div>\n\t\t\t\t<\/div>\n\t\t\t\t\t<\/div>\n\t\t<\/div>\n\t\t\t\t\t<\/div>\n\t\t<\/section>\n\t\t\t\t\t<\/div>\n\t\t<\/div>\n\t\t\t\t\t<\/div>\n\t\t<\/section>\n\t\t\t\t<\/div>","protected":false},"excerpt":{"rendered":"<p>Alle Projekte N\u00e4chstes Projekt Autech &#8211; Rail monitor Jahr: 2020 Unsere Leistungen: \u00dcberarbeitung mechanisches Geh\u00e4usekonzept Kunde:\u00a0Autech AG Mit dem Rail Monitor werden Schienenprofile exakt ausgemessen und auf Verschleiss gepr\u00fcft. Bei diesem Projekt war unsere prim\u00e4re Aufgabe, Gewicht und Kosten im Vergleich zum Vorg\u00e4ngermodell einzusparen. Um das Gewicht bis zum Limit zu reduzieren, werden die Teile [&hellip;]<\/p>","protected":false},"author":1,"featured_media":3315,"parent":114,"menu_order":0,"comment_status":"closed","ping_status":"closed","template":"","meta":{"footnotes":""},"class_list":["post-2189","page","type-page","status-publish","has-post-thumbnail","hentry"],"yoast_head":"<!-- This site is optimized with the Yoast SEO plugin v26.6 - https:\/\/yoast.com\/wordpress\/plugins\/seo\/ -->\n<title>RailMonitor<\/title>\n<meta name=\"description\" content=\"Produktentwicklung RailMonitor\" \/>\n<meta name=\"robots\" content=\"index, follow, max-snippet:-1, max-image-preview:large, max-video-preview:-1\" \/>\n<link rel=\"canonical\" href=\"https:\/\/4tec-engineering.com\/en\/produktentwicklung\/projekte\/autech-railmonitor\/\" \/>\n<meta property=\"og:locale\" content=\"en_US\" \/>\n<meta property=\"og:type\" content=\"article\" \/>\n<meta property=\"og:title\" content=\"RailMonitor\" \/>\n<meta property=\"og:description\" content=\"Produktentwicklung RailMonitor\" \/>\n<meta property=\"og:url\" content=\"https:\/\/4tec-engineering.com\/en\/produktentwicklung\/projekte\/autech-railmonitor\/\" \/>\n<meta property=\"og:site_name\" content=\"4Tec Engineering\" \/>\n<meta property=\"article:modified_time\" content=\"2023-04-24T08:12:29+00:00\" \/>\n<meta property=\"og:image\" content=\"https:\/\/4tec-engineering.com\/wp-content\/uploads\/2023\/04\/Autech-RML3000.png\" \/>\n\t<meta property=\"og:image:width\" content=\"1200\" \/>\n\t<meta property=\"og:image:height\" content=\"900\" \/>\n\t<meta property=\"og:image:type\" content=\"image\/png\" \/>\n<meta name=\"twitter:card\" content=\"summary_large_image\" \/>\n<meta name=\"twitter:label1\" content=\"Est. reading time\" \/>\n\t<meta name=\"twitter:data1\" content=\"1 minute\" \/>\n<script type=\"application\/ld+json\" class=\"yoast-schema-graph\">{\"@context\":\"https:\/\/schema.org\",\"@graph\":[{\"@type\":\"WebPage\",\"@id\":\"https:\/\/4tec-engineering.com\/produktentwicklung\/projekte\/autech-railmonitor\/\",\"url\":\"https:\/\/4tec-engineering.com\/produktentwicklung\/projekte\/autech-railmonitor\/\",\"name\":\"RailMonitor\",\"isPartOf\":{\"@id\":\"https:\/\/4tec-engineering.com\/#website\"},\"primaryImageOfPage\":{\"@id\":\"https:\/\/4tec-engineering.com\/produktentwicklung\/projekte\/autech-railmonitor\/#primaryimage\"},\"image\":{\"@id\":\"https:\/\/4tec-engineering.com\/produktentwicklung\/projekte\/autech-railmonitor\/#primaryimage\"},\"thumbnailUrl\":\"https:\/\/4tec-engineering.com\/wp-content\/uploads\/2023\/04\/Autech-RML3000.webp\",\"datePublished\":\"2022-03-29T08:30:05+00:00\",\"dateModified\":\"2023-04-24T08:12:29+00:00\",\"description\":\"Produktentwicklung RailMonitor\",\"breadcrumb\":{\"@id\":\"https:\/\/4tec-engineering.com\/produktentwicklung\/projekte\/autech-railmonitor\/#breadcrumb\"},\"inLanguage\":\"en-US\",\"potentialAction\":[{\"@type\":\"ReadAction\",\"target\":[\"https:\/\/4tec-engineering.com\/produktentwicklung\/projekte\/autech-railmonitor\/\"]}]},{\"@type\":\"ImageObject\",\"inLanguage\":\"en-US\",\"@id\":\"https:\/\/4tec-engineering.com\/produktentwicklung\/projekte\/autech-railmonitor\/#primaryimage\",\"url\":\"https:\/\/4tec-engineering.com\/wp-content\/uploads\/2023\/04\/Autech-RML3000.webp\",\"contentUrl\":\"https:\/\/4tec-engineering.com\/wp-content\/uploads\/2023\/04\/Autech-RML3000.webp\",\"width\":1200,\"height\":900,\"caption\":\"Autech - RML3000\"},{\"@type\":\"BreadcrumbList\",\"@id\":\"https:\/\/4tec-engineering.com\/produktentwicklung\/projekte\/autech-railmonitor\/#breadcrumb\",\"itemListElement\":[{\"@type\":\"ListItem\",\"position\":1,\"name\":\"Startseite\",\"item\":\"https:\/\/4tec-engineering.com\/\"},{\"@type\":\"ListItem\",\"position\":2,\"name\":\"Home\",\"item\":\"https:\/\/4tec-engineering.com\/\"},{\"@type\":\"ListItem\",\"position\":3,\"name\":\"Projekte\",\"item\":\"https:\/\/4tec-engineering.com\/produktentwicklung\/projekte\/\"},{\"@type\":\"ListItem\",\"position\":4,\"name\":\"Autech-RailMonitor\"}]},{\"@type\":\"WebSite\",\"@id\":\"https:\/\/4tec-engineering.com\/#website\",\"url\":\"https:\/\/4tec-engineering.com\/\",\"name\":\"4Tec Engineering\",\"description\":\"Produktentwicklung in Z\u00fcrich\",\"publisher\":{\"@id\":\"https:\/\/4tec-engineering.com\/#organization\"},\"alternateName\":\"4Tec\",\"potentialAction\":[{\"@type\":\"SearchAction\",\"target\":{\"@type\":\"EntryPoint\",\"urlTemplate\":\"https:\/\/4tec-engineering.com\/?s={search_term_string}\"},\"query-input\":{\"@type\":\"PropertyValueSpecification\",\"valueRequired\":true,\"valueName\":\"search_term_string\"}}],\"inLanguage\":\"en-US\"},{\"@type\":\"Organization\",\"@id\":\"https:\/\/4tec-engineering.com\/#organization\",\"name\":\"4Tec Engineering AG\",\"alternateName\":\"4Tec Engineering AG\",\"url\":\"https:\/\/4tec-engineering.com\/\",\"logo\":{\"@type\":\"ImageObject\",\"inLanguage\":\"en-US\",\"@id\":\"https:\/\/4tec-engineering.com\/#\/schema\/logo\/image\/\",\"url\":\"https:\/\/4tec-engineering.com\/wp-content\/uploads\/2023\/03\/4T_512x512-1.png\",\"contentUrl\":\"https:\/\/4tec-engineering.com\/wp-content\/uploads\/2023\/03\/4T_512x512-1.png\",\"width\":512,\"height\":512,\"caption\":\"4Tec Engineering AG\"},\"image\":{\"@id\":\"https:\/\/4tec-engineering.com\/#\/schema\/logo\/image\/\"},\"sameAs\":[\"https:\/\/www.linkedin.com\/company\/4tec-engineering\"]}]}<\/script>\n<!-- \/ Yoast SEO plugin. -->","yoast_head_json":{"title":"RailMonitor","description":"Produktentwicklung RailMonitor","robots":{"index":"index","follow":"follow","max-snippet":"max-snippet:-1","max-image-preview":"max-image-preview:large","max-video-preview":"max-video-preview:-1"},"canonical":"https:\/\/4tec-engineering.com\/en\/produktentwicklung\/projekte\/autech-railmonitor\/","og_locale":"en_US","og_type":"article","og_title":"RailMonitor","og_description":"Produktentwicklung RailMonitor","og_url":"https:\/\/4tec-engineering.com\/en\/produktentwicklung\/projekte\/autech-railmonitor\/","og_site_name":"4Tec Engineering","article_modified_time":"2023-04-24T08:12:29+00:00","og_image":[{"width":1200,"height":900,"url":"https:\/\/4tec-engineering.com\/wp-content\/uploads\/2023\/04\/Autech-RML3000.png","type":"image\/png"}],"twitter_card":"summary_large_image","twitter_misc":{"Est. reading time":"1 minute"},"schema":{"@context":"https:\/\/schema.org","@graph":[{"@type":"WebPage","@id":"https:\/\/4tec-engineering.com\/produktentwicklung\/projekte\/autech-railmonitor\/","url":"https:\/\/4tec-engineering.com\/produktentwicklung\/projekte\/autech-railmonitor\/","name":"RailMonitor","isPartOf":{"@id":"https:\/\/4tec-engineering.com\/#website"},"primaryImageOfPage":{"@id":"https:\/\/4tec-engineering.com\/produktentwicklung\/projekte\/autech-railmonitor\/#primaryimage"},"image":{"@id":"https:\/\/4tec-engineering.com\/produktentwicklung\/projekte\/autech-railmonitor\/#primaryimage"},"thumbnailUrl":"https:\/\/4tec-engineering.com\/wp-content\/uploads\/2023\/04\/Autech-RML3000.webp","datePublished":"2022-03-29T08:30:05+00:00","dateModified":"2023-04-24T08:12:29+00:00","description":"Produktentwicklung RailMonitor","breadcrumb":{"@id":"https:\/\/4tec-engineering.com\/produktentwicklung\/projekte\/autech-railmonitor\/#breadcrumb"},"inLanguage":"en-US","potentialAction":[{"@type":"ReadAction","target":["https:\/\/4tec-engineering.com\/produktentwicklung\/projekte\/autech-railmonitor\/"]}]},{"@type":"ImageObject","inLanguage":"en-US","@id":"https:\/\/4tec-engineering.com\/produktentwicklung\/projekte\/autech-railmonitor\/#primaryimage","url":"https:\/\/4tec-engineering.com\/wp-content\/uploads\/2023\/04\/Autech-RML3000.webp","contentUrl":"https:\/\/4tec-engineering.com\/wp-content\/uploads\/2023\/04\/Autech-RML3000.webp","width":1200,"height":900,"caption":"Autech - RML3000"},{"@type":"BreadcrumbList","@id":"https:\/\/4tec-engineering.com\/produktentwicklung\/projekte\/autech-railmonitor\/#breadcrumb","itemListElement":[{"@type":"ListItem","position":1,"name":"Startseite","item":"https:\/\/4tec-engineering.com\/"},{"@type":"ListItem","position":2,"name":"Home","item":"https:\/\/4tec-engineering.com\/"},{"@type":"ListItem","position":3,"name":"Projekte","item":"https:\/\/4tec-engineering.com\/produktentwicklung\/projekte\/"},{"@type":"ListItem","position":4,"name":"Autech-RailMonitor"}]},{"@type":"WebSite","@id":"https:\/\/4tec-engineering.com\/#website","url":"https:\/\/4tec-engineering.com\/","name":"4Tec Engineering","description":"Product development in Zurich","publisher":{"@id":"https:\/\/4tec-engineering.com\/#organization"},"alternateName":"4Tec","potentialAction":[{"@type":"SearchAction","target":{"@type":"EntryPoint","urlTemplate":"https:\/\/4tec-engineering.com\/?s={search_term_string}"},"query-input":{"@type":"PropertyValueSpecification","valueRequired":true,"valueName":"search_term_string"}}],"inLanguage":"en-US"},{"@type":"Organization","@id":"https:\/\/4tec-engineering.com\/#organization","name":"4Tec Engineering AG","alternateName":"4Tec Engineering AG","url":"https:\/\/4tec-engineering.com\/","logo":{"@type":"ImageObject","inLanguage":"en-US","@id":"https:\/\/4tec-engineering.com\/#\/schema\/logo\/image\/","url":"https:\/\/4tec-engineering.com\/wp-content\/uploads\/2023\/03\/4T_512x512-1.png","contentUrl":"https:\/\/4tec-engineering.com\/wp-content\/uploads\/2023\/03\/4T_512x512-1.png","width":512,"height":512,"caption":"4Tec Engineering AG"},"image":{"@id":"https:\/\/4tec-engineering.com\/#\/schema\/logo\/image\/"},"sameAs":["https:\/\/www.linkedin.com\/company\/4tec-engineering"]}]}},"_links":{"self":[{"href":"https:\/\/4tec-engineering.com\/en\/wp-json\/wp\/v2\/pages\/2189","targetHints":{"allow":["GET"]}}],"collection":[{"href":"https:\/\/4tec-engineering.com\/en\/wp-json\/wp\/v2\/pages"}],"about":[{"href":"https:\/\/4tec-engineering.com\/en\/wp-json\/wp\/v2\/types\/page"}],"author":[{"embeddable":true,"href":"https:\/\/4tec-engineering.com\/en\/wp-json\/wp\/v2\/users\/1"}],"replies":[{"embeddable":true,"href":"https:\/\/4tec-engineering.com\/en\/wp-json\/wp\/v2\/comments?post=2189"}],"version-history":[{"count":19,"href":"https:\/\/4tec-engineering.com\/en\/wp-json\/wp\/v2\/pages\/2189\/revisions"}],"predecessor-version":[{"id":4758,"href":"https:\/\/4tec-engineering.com\/en\/wp-json\/wp\/v2\/pages\/2189\/revisions\/4758"}],"up":[{"embeddable":true,"href":"https:\/\/4tec-engineering.com\/en\/wp-json\/wp\/v2\/pages\/114"}],"wp:featuredmedia":[{"embeddable":true,"href":"https:\/\/4tec-engineering.com\/en\/wp-json\/wp\/v2\/media\/3315"}],"wp:attachment":[{"href":"https:\/\/4tec-engineering.com\/en\/wp-json\/wp\/v2\/media?parent=2189"}],"curies":[{"name":"wp","href":"https:\/\/api.w.org\/{rel}","templated":true}]}}