{"id":2182,"date":"2022-03-29T08:27:46","date_gmt":"2022-03-29T08:27:46","guid":{"rendered":"https:\/\/4tec.com\/4tec-helmettestrig-en-copy\/"},"modified":"2025-10-27T12:53:46","modified_gmt":"2025-10-27T12:53:46","slug":"4tec-helmteststand","status":"publish","type":"page","link":"https:\/\/4tec-engineering.com\/en\/produktentwicklung\/projekte\/4tec-helmteststand\/","title":{"rendered":"4tec-Helmteststand"},"content":{"rendered":"<div data-elementor-type=\"wp-page\" data-elementor-id=\"2182\" class=\"elementor elementor-2182\" data-elementor-post-type=\"page\">\n\t\t\t\t\t\t<section class=\"elementor-section elementor-top-section elementor-element elementor-element-48713e6e elementor-section-boxed elementor-section-height-default elementor-section-height-default\" data-id=\"48713e6e\" data-element_type=\"section\">\n\t\t\t\t\t\t<div class=\"elementor-container elementor-column-gap-default\">\n\t\t\t\t\t<div class=\"elementor-column elementor-col-100 elementor-top-column elementor-element elementor-element-7061bfad\" data-id=\"7061bfad\" data-element_type=\"column\">\n\t\t\t<div class=\"elementor-widget-wrap elementor-element-populated\">\n\t\t\t\t\t\t<section class=\"elementor-section elementor-inner-section elementor-element elementor-element-7511bc6d elementor-section-boxed elementor-section-height-default elementor-section-height-default\" data-id=\"7511bc6d\" data-element_type=\"section\">\n\t\t\t\t\t\t<div class=\"elementor-container elementor-column-gap-default\">\n\t\t\t\t\t<div class=\"elementor-column elementor-col-50 elementor-inner-column elementor-element elementor-element-cf8f77e\" data-id=\"cf8f77e\" data-element_type=\"column\">\n\t\t\t<div class=\"elementor-widget-wrap elementor-element-populated\">\n\t\t\t\t\t\t<div class=\"elementor-element elementor-element-1f87428b elementor-position-left elementor-view-default elementor-mobile-position-top elementor-widget elementor-widget-icon-box\" data-id=\"1f87428b\" data-element_type=\"widget\" data-widget_type=\"icon-box.default\">\n\t\t\t\t<div class=\"elementor-widget-container\">\n\t\t\t\t\t\t\t<div class=\"elementor-icon-box-wrapper\">\n\n\t\t\t\t\t\t<div class=\"elementor-icon-box-icon\">\n\t\t\t\t<a href=\"https:\/\/4tec-engineering.com\/en\/home\/projekte\/#Projekte\" class=\"elementor-icon\" tabindex=\"-1\" aria-label=\"All projects\">\n\t\t\t\t<i aria-hidden=\"true\" class=\"fas fa-arrow-left\"><\/i>\t\t\t\t<\/a>\n\t\t\t<\/div>\n\t\t\t\n\t\t\t\t\t\t<div class=\"elementor-icon-box-content\">\n\n\t\t\t\t\t\t\t\t\t<h3 class=\"elementor-icon-box-title\">\n\t\t\t\t\t\t<a href=\"https:\/\/4tec-engineering.com\/en\/home\/projekte\/#Projekte\" >\n\t\t\t\t\t\t\tAll projects\t\t\t\t\t\t<\/a>\n\t\t\t\t\t<\/h3>\n\t\t\t\t\n\t\t\t\t\n\t\t\t<\/div>\n\t\t\t\n\t\t<\/div>\n\t\t\t\t\t\t<\/div>\n\t\t\t\t<\/div>\n\t\t\t\t<div class=\"elementor-element elementor-element-d72752f elementor-position-right elementor-view-default elementor-mobile-position-top elementor-widget elementor-widget-icon-box\" data-id=\"d72752f\" data-element_type=\"widget\" data-widget_type=\"icon-box.default\">\n\t\t\t\t<div class=\"elementor-widget-container\">\n\t\t\t\t\t\t\t<div class=\"elementor-icon-box-wrapper\">\n\n\t\t\t\t\t\t<div class=\"elementor-icon-box-icon\">\n\t\t\t\t<a href=\"https:\/\/4tec-engineering.com\/en\/produktentwicklung\/projekte\/globus-e-pro\/\" class=\"elementor-icon\" tabindex=\"-1\" aria-label=\"Next Project\">\n\t\t\t\t<i aria-hidden=\"true\" class=\"fas fa-arrow-right\"><\/i>\t\t\t\t<\/a>\n\t\t\t<\/div>\n\t\t\t\n\t\t\t\t\t\t<div class=\"elementor-icon-box-content\">\n\n\t\t\t\t\t\t\t\t\t<h3 class=\"elementor-icon-box-title\">\n\t\t\t\t\t\t<a href=\"https:\/\/4tec-engineering.com\/en\/produktentwicklung\/projekte\/globus-e-pro\/\" >\n\t\t\t\t\t\t\tNext Project\t\t\t\t\t\t<\/a>\n\t\t\t\t\t<\/h3>\n\t\t\t\t\n\t\t\t\t\n\t\t\t<\/div>\n\t\t\t\n\t\t<\/div>\n\t\t\t\t\t\t<\/div>\n\t\t\t\t<\/div>\n\t\t\t\t\t<\/div>\n\t\t<\/div>\n\t\t\t\t<div class=\"elementor-column elementor-col-50 elementor-inner-column elementor-element elementor-element-558df554\" data-id=\"558df554\" data-element_type=\"column\">\n\t\t\t<div class=\"elementor-widget-wrap elementor-element-populated\">\n\t\t\t\t\t\t<div class=\"elementor-element elementor-element-17466710 elementor-widget elementor-widget-image\" data-id=\"17466710\" data-element_type=\"widget\" data-widget_type=\"image.default\">\n\t\t\t\t<div class=\"elementor-widget-container\">\n\t\t\t\t\t\t\t\t\t\t\t\t\t\t\t<img fetchpriority=\"high\" decoding=\"async\" width=\"2032\" height=\"601\" src=\"https:\/\/4tec-engineering.com\/wp-content\/uploads\/2023\/04\/4tec-Teststand-01.png\" class=\"attachment-full size-full wp-image-3411\" alt=\"4tec - Teststand - 01\" srcset=\"https:\/\/4tec-engineering.com\/wp-content\/uploads\/2023\/04\/4tec-Teststand-01.png 2032w, https:\/\/4tec-engineering.com\/wp-content\/uploads\/2023\/04\/4tec-Teststand-01-300x89.png 300w, https:\/\/4tec-engineering.com\/wp-content\/uploads\/2023\/04\/4tec-Teststand-01-1024x303.png 1024w, https:\/\/4tec-engineering.com\/wp-content\/uploads\/2023\/04\/4tec-Teststand-01-768x227.png 768w, https:\/\/4tec-engineering.com\/wp-content\/uploads\/2023\/04\/4tec-Teststand-01-1536x454.png 1536w\" sizes=\"(max-width: 2032px) 100vw, 2032px\" \/>\t\t\t\t\t\t\t\t\t\t\t\t\t\t\t<\/div>\n\t\t\t\t<\/div>\n\t\t\t\t<div class=\"elementor-element elementor-element-46312cb6 elementor-widget elementor-widget-heading\" data-id=\"46312cb6\" data-element_type=\"widget\" data-widget_type=\"heading.default\">\n\t\t\t\t<div class=\"elementor-widget-container\">\n\t\t\t\t\t<h2 class=\"elementor-heading-title elementor-size-default\">4tec engineering - Helmet test rig<\/h2>\t\t\t\t<\/div>\n\t\t\t\t<\/div>\n\t\t\t\t<div class=\"elementor-element elementor-element-48d857b1 elementor-widget elementor-widget-text-editor\" data-id=\"48d857b1\" data-element_type=\"widget\" data-widget_type=\"text-editor.default\">\n\t\t\t\t<div class=\"elementor-widget-container\">\n\t\t\t\t\t\t\t\t\t<p>Year: 2019<\/p><p>Our services: Dimensioning of the components, mechanical development, assembling components<\/p><p>Customer: Own development<\/p>\t\t\t\t\t\t\t\t<\/div>\n\t\t\t\t<\/div>\n\t\t\t\t<div class=\"elementor-element elementor-element-7103aabf elementor-widget elementor-widget-text-editor\" data-id=\"7103aabf\" data-element_type=\"widget\" data-widget_type=\"text-editor.default\">\n\t\t\t\t<div class=\"elementor-widget-container\">\n\t\t\t\t\t\t\t\t\t<p>F\u00fcr die Helmentwicklung spielt die Sicherheit eine zentrale Rolle. Deshalb wurde ein eigener modularer Helmteststand entwickelt, mit dem die g\u00e4ngigen Normen getestet werden k\u00f6nnen. Mittlerweile k\u00f6nnen folgende Normen abgedeckt werden: EN397, EN812, EN 12492, EN14052, ANSI Z89-1, AS-NZS 1801. Die Pr\u00fcfung weiterer Normen ist in Planung: EN966, EN1077 und EN1078. Die Kraftmessung und Datenauswertung wird \u00fcber Piezosensoren von Kistler bewerkstelligt. Die hohe Fallh\u00f6he bei der ANSI-Norm erforderte Kreativit\u00e4t bei der Installation beim Kunden. Der Boden unter einem Dachfenster wurde um 10cm abgesenkt, sodass der Teststand aufgestellt werden konnte.<\/p>\t\t\t\t\t\t\t\t<\/div>\n\t\t\t\t<\/div>\n\t\t\t\t<div class=\"elementor-element elementor-element-570e923 elementor-widget elementor-widget-gallery\" data-id=\"570e923\" data-element_type=\"widget\" data-settings=\"{&quot;lazyload&quot;:&quot;yes&quot;,&quot;gallery_layout&quot;:&quot;grid&quot;,&quot;columns&quot;:4,&quot;columns_tablet&quot;:2,&quot;columns_mobile&quot;:1,&quot;gap&quot;:{&quot;unit&quot;:&quot;px&quot;,&quot;size&quot;:10,&quot;sizes&quot;:[]},&quot;gap_tablet&quot;:{&quot;unit&quot;:&quot;px&quot;,&quot;size&quot;:10,&quot;sizes&quot;:[]},&quot;gap_mobile&quot;:{&quot;unit&quot;:&quot;px&quot;,&quot;size&quot;:10,&quot;sizes&quot;:[]},&quot;link_to&quot;:&quot;file&quot;,&quot;aspect_ratio&quot;:&quot;3:2&quot;,&quot;overlay_background&quot;:&quot;yes&quot;,&quot;content_hover_animation&quot;:&quot;fade-in&quot;}\" data-widget_type=\"gallery.default\">\n\t\t\t\t<div class=\"elementor-widget-container\">\n\t\t\t\t\t\t\t<div class=\"elementor-gallery__container\">\n\t\t\t\t\t\t\t<a class=\"e-gallery-item elementor-gallery-item elementor-animated-content\" href=\"https:\/\/4tec-engineering.com\/wp-content\/uploads\/2023\/04\/4tec-Teststand-02.webp\" data-elementor-open-lightbox=\"yes\" data-elementor-lightbox-slideshow=\"570e923\" data-elementor-lightbox-title=\"4tec - Teststand - 02\" data-elementor-lightbox-description=\"Projekt\" data-e-action-hash=\"#elementor-action%3Aaction%3Dlightbox%26settings%3DeyJpZCI6MzQxMiwidXJsIjoiaHR0cHM6XC9cLzR0ZWMtZW5naW5lZXJpbmcuY29tXC93cC1jb250ZW50XC91cGxvYWRzXC8yMDIzXC8wNFwvNHRlYy1UZXN0c3RhbmQtMDIud2VicCIsInNsaWRlc2hvdyI6IjU3MGU5MjMifQ%3D%3D\">\n\t\t\t\t\t<div class=\"e-gallery-image elementor-gallery-item__image\" data-thumbnail=\"https:\/\/4tec-engineering.com\/wp-content\/uploads\/2023\/04\/4tec-Teststand-02-300x225.png\" data-width=\"300\" data-height=\"225\" aria-label=\"4tec - Teststand - 02\" role=\"img\" ><\/div>\n\t\t\t\t\t\t\t\t\t\t\t<div class=\"elementor-gallery-item__overlay\"><\/div>\n\t\t\t\t\t\t\t\t\t\t\t\t\t\t<\/a>\n\t\t\t\t\t\t\t<a class=\"e-gallery-item elementor-gallery-item elementor-animated-content\" href=\"https:\/\/4tec-engineering.com\/wp-content\/uploads\/2023\/04\/4tec-Teststand-03.png\" data-elementor-open-lightbox=\"yes\" data-elementor-lightbox-slideshow=\"570e923\" data-elementor-lightbox-title=\"4tec - Teststand - 03\" data-elementor-lightbox-description=\"Projekt\" data-e-action-hash=\"#elementor-action%3Aaction%3Dlightbox%26settings%3DeyJpZCI6MzQxMywidXJsIjoiaHR0cHM6XC9cLzR0ZWMtZW5naW5lZXJpbmcuY29tXC93cC1jb250ZW50XC91cGxvYWRzXC8yMDIzXC8wNFwvNHRlYy1UZXN0c3RhbmQtMDMucG5nIiwic2xpZGVzaG93IjoiNTcwZTkyMyJ9\">\n\t\t\t\t\t<div class=\"e-gallery-image elementor-gallery-item__image\" data-thumbnail=\"https:\/\/4tec-engineering.com\/wp-content\/uploads\/2023\/04\/4tec-Teststand-03-300x225.png\" data-width=\"300\" data-height=\"225\" aria-label=\"4tec - Teststand - 03\" role=\"img\" ><\/div>\n\t\t\t\t\t\t\t\t\t\t\t<div class=\"elementor-gallery-item__overlay\"><\/div>\n\t\t\t\t\t\t\t\t\t\t\t\t\t\t<\/a>\n\t\t\t\t\t\t\t<a class=\"e-gallery-item elementor-gallery-item elementor-animated-content\" href=\"https:\/\/4tec-engineering.com\/wp-content\/uploads\/2023\/04\/4tec-Teststand-04.png\" data-elementor-open-lightbox=\"yes\" data-elementor-lightbox-slideshow=\"570e923\" data-elementor-lightbox-title=\"4tec - Teststand - 04\" data-elementor-lightbox-description=\"Projekt\" data-e-action-hash=\"#elementor-action%3Aaction%3Dlightbox%26settings%3DeyJpZCI6MzQxNCwidXJsIjoiaHR0cHM6XC9cLzR0ZWMtZW5naW5lZXJpbmcuY29tXC93cC1jb250ZW50XC91cGxvYWRzXC8yMDIzXC8wNFwvNHRlYy1UZXN0c3RhbmQtMDQucG5nIiwic2xpZGVzaG93IjoiNTcwZTkyMyJ9\">\n\t\t\t\t\t<div class=\"e-gallery-image elementor-gallery-item__image\" data-thumbnail=\"https:\/\/4tec-engineering.com\/wp-content\/uploads\/2023\/04\/4tec-Teststand-04-300x225.png\" data-width=\"300\" data-height=\"225\" aria-label=\"4tec - Teststand - 04\" role=\"img\" ><\/div>\n\t\t\t\t\t\t\t\t\t\t\t<div class=\"elementor-gallery-item__overlay\"><\/div>\n\t\t\t\t\t\t\t\t\t\t\t\t\t\t<\/a>\n\t\t\t\t\t\t\t<a class=\"e-gallery-item elementor-gallery-item elementor-animated-content\" href=\"https:\/\/4tec-engineering.com\/wp-content\/uploads\/2023\/04\/4tec-Teststand-05.png\" data-elementor-open-lightbox=\"yes\" data-elementor-lightbox-slideshow=\"570e923\" data-elementor-lightbox-title=\"4tec - Teststand - 05\" data-elementor-lightbox-description=\"Projekt\" data-e-action-hash=\"#elementor-action%3Aaction%3Dlightbox%26settings%3DeyJpZCI6MzQxNSwidXJsIjoiaHR0cHM6XC9cLzR0ZWMtZW5naW5lZXJpbmcuY29tXC93cC1jb250ZW50XC91cGxvYWRzXC8yMDIzXC8wNFwvNHRlYy1UZXN0c3RhbmQtMDUucG5nIiwic2xpZGVzaG93IjoiNTcwZTkyMyJ9\">\n\t\t\t\t\t<div class=\"e-gallery-image elementor-gallery-item__image\" data-thumbnail=\"https:\/\/4tec-engineering.com\/wp-content\/uploads\/2023\/04\/4tec-Teststand-05-300x225.png\" data-width=\"300\" data-height=\"225\" aria-label=\"4tec - Teststand - 05\" role=\"img\" ><\/div>\n\t\t\t\t\t\t\t\t\t\t\t<div class=\"elementor-gallery-item__overlay\"><\/div>\n\t\t\t\t\t\t\t\t\t\t\t\t\t\t<\/a>\n\t\t\t\t\t<\/div>\n\t\t\t\t\t<\/div>\n\t\t\t\t<\/div>\n\t\t\t\t\t<\/div>\n\t\t<\/div>\n\t\t\t\t\t<\/div>\n\t\t<\/section>\n\t\t\t\t\t<\/div>\n\t\t<\/div>\n\t\t\t\t\t<\/div>\n\t\t<\/section>\n\t\t\t\t<\/div>","protected":false},"excerpt":{"rendered":"<p>Helmteststand zur Pr\u00fcfung der pers\u00f6nlichen Sicherheitsausr\u00fcstung (PPE)<\/p>","protected":false},"author":1,"featured_media":3311,"parent":114,"menu_order":0,"comment_status":"closed","ping_status":"closed","template":"elementor_theme","meta":{"footnotes":""},"class_list":["post-2182","page","type-page","status-publish","has-post-thumbnail","hentry"],"yoast_head":"<!-- This site is optimized with the Yoast SEO plugin v26.6 - https:\/\/yoast.com\/wordpress\/plugins\/seo\/ -->\n<title>Helmteststand<\/title>\n<meta name=\"description\" content=\"Produktentwicklung Helmteststand\" \/>\n<meta name=\"robots\" content=\"index, follow, max-snippet:-1, max-image-preview:large, max-video-preview:-1\" \/>\n<link rel=\"canonical\" href=\"https:\/\/4tec-engineering.com\/en\/produktentwicklung\/projekte\/4tec-helmteststand\/\" \/>\n<meta property=\"og:locale\" content=\"en_US\" \/>\n<meta property=\"og:type\" content=\"article\" \/>\n<meta property=\"og:title\" content=\"Helmteststand\" \/>\n<meta property=\"og:description\" content=\"Produktentwicklung Helmteststand\" \/>\n<meta property=\"og:url\" content=\"https:\/\/4tec-engineering.com\/en\/produktentwicklung\/projekte\/4tec-helmteststand\/\" \/>\n<meta property=\"og:site_name\" content=\"4Tec Engineering\" \/>\n<meta property=\"article:modified_time\" content=\"2025-10-27T12:53:46+00:00\" \/>\n<meta property=\"og:image\" content=\"https:\/\/4tec-engineering.com\/wp-content\/uploads\/2023\/04\/4tec-Helmteststand.webp\" \/>\n\t<meta property=\"og:image:width\" content=\"1200\" \/>\n\t<meta property=\"og:image:height\" content=\"900\" \/>\n\t<meta property=\"og:image:type\" content=\"image\/webp\" \/>\n<meta name=\"twitter:card\" content=\"summary_large_image\" \/>\n<meta name=\"twitter:label1\" content=\"Est. reading time\" \/>\n\t<meta name=\"twitter:data1\" content=\"1 minute\" \/>\n<script type=\"application\/ld+json\" class=\"yoast-schema-graph\">{\"@context\":\"https:\/\/schema.org\",\"@graph\":[{\"@type\":\"WebPage\",\"@id\":\"https:\/\/4tec-engineering.com\/produktentwicklung\/projekte\/4tec-helmteststand\/\",\"url\":\"https:\/\/4tec-engineering.com\/produktentwicklung\/projekte\/4tec-helmteststand\/\",\"name\":\"Helmteststand\",\"isPartOf\":{\"@id\":\"https:\/\/4tec-engineering.com\/#website\"},\"primaryImageOfPage\":{\"@id\":\"https:\/\/4tec-engineering.com\/produktentwicklung\/projekte\/4tec-helmteststand\/#primaryimage\"},\"image\":{\"@id\":\"https:\/\/4tec-engineering.com\/produktentwicklung\/projekte\/4tec-helmteststand\/#primaryimage\"},\"thumbnailUrl\":\"https:\/\/4tec-engineering.com\/wp-content\/uploads\/2023\/04\/4tec-Helmteststand.webp\",\"datePublished\":\"2022-03-29T08:27:46+00:00\",\"dateModified\":\"2025-10-27T12:53:46+00:00\",\"description\":\"Produktentwicklung Helmteststand\",\"breadcrumb\":{\"@id\":\"https:\/\/4tec-engineering.com\/produktentwicklung\/projekte\/4tec-helmteststand\/#breadcrumb\"},\"inLanguage\":\"en-US\",\"potentialAction\":[{\"@type\":\"ReadAction\",\"target\":[\"https:\/\/4tec-engineering.com\/produktentwicklung\/projekte\/4tec-helmteststand\/\"]}]},{\"@type\":\"ImageObject\",\"inLanguage\":\"en-US\",\"@id\":\"https:\/\/4tec-engineering.com\/produktentwicklung\/projekte\/4tec-helmteststand\/#primaryimage\",\"url\":\"https:\/\/4tec-engineering.com\/wp-content\/uploads\/2023\/04\/4tec-Helmteststand.webp\",\"contentUrl\":\"https:\/\/4tec-engineering.com\/wp-content\/uploads\/2023\/04\/4tec-Helmteststand.webp\",\"width\":1200,\"height\":900,\"caption\":\"4tec - Helmteststand\"},{\"@type\":\"BreadcrumbList\",\"@id\":\"https:\/\/4tec-engineering.com\/produktentwicklung\/projekte\/4tec-helmteststand\/#breadcrumb\",\"itemListElement\":[{\"@type\":\"ListItem\",\"position\":1,\"name\":\"Startseite\",\"item\":\"https:\/\/4tec-engineering.com\/\"},{\"@type\":\"ListItem\",\"position\":2,\"name\":\"Home\",\"item\":\"https:\/\/4tec-engineering.com\/\"},{\"@type\":\"ListItem\",\"position\":3,\"name\":\"Projekte\",\"item\":\"https:\/\/4tec-engineering.com\/produktentwicklung\/projekte\/\"},{\"@type\":\"ListItem\",\"position\":4,\"name\":\"4tec-Helmteststand\"}]},{\"@type\":\"WebSite\",\"@id\":\"https:\/\/4tec-engineering.com\/#website\",\"url\":\"https:\/\/4tec-engineering.com\/\",\"name\":\"4Tec Engineering\",\"description\":\"Produktentwicklung in Z\u00fcrich\",\"publisher\":{\"@id\":\"https:\/\/4tec-engineering.com\/#organization\"},\"alternateName\":\"4Tec\",\"potentialAction\":[{\"@type\":\"SearchAction\",\"target\":{\"@type\":\"EntryPoint\",\"urlTemplate\":\"https:\/\/4tec-engineering.com\/?s={search_term_string}\"},\"query-input\":{\"@type\":\"PropertyValueSpecification\",\"valueRequired\":true,\"valueName\":\"search_term_string\"}}],\"inLanguage\":\"en-US\"},{\"@type\":\"Organization\",\"@id\":\"https:\/\/4tec-engineering.com\/#organization\",\"name\":\"4Tec Engineering AG\",\"alternateName\":\"4Tec Engineering AG\",\"url\":\"https:\/\/4tec-engineering.com\/\",\"logo\":{\"@type\":\"ImageObject\",\"inLanguage\":\"en-US\",\"@id\":\"https:\/\/4tec-engineering.com\/#\/schema\/logo\/image\/\",\"url\":\"https:\/\/4tec-engineering.com\/wp-content\/uploads\/2023\/03\/4T_512x512-1.png\",\"contentUrl\":\"https:\/\/4tec-engineering.com\/wp-content\/uploads\/2023\/03\/4T_512x512-1.png\",\"width\":512,\"height\":512,\"caption\":\"4Tec Engineering AG\"},\"image\":{\"@id\":\"https:\/\/4tec-engineering.com\/#\/schema\/logo\/image\/\"},\"sameAs\":[\"https:\/\/www.linkedin.com\/company\/4tec-engineering\"]}]}<\/script>\n<!-- \/ Yoast SEO plugin. -->","yoast_head_json":{"title":"Helmteststand","description":"Produktentwicklung Helmteststand","robots":{"index":"index","follow":"follow","max-snippet":"max-snippet:-1","max-image-preview":"max-image-preview:large","max-video-preview":"max-video-preview:-1"},"canonical":"https:\/\/4tec-engineering.com\/en\/produktentwicklung\/projekte\/4tec-helmteststand\/","og_locale":"en_US","og_type":"article","og_title":"Helmteststand","og_description":"Produktentwicklung Helmteststand","og_url":"https:\/\/4tec-engineering.com\/en\/produktentwicklung\/projekte\/4tec-helmteststand\/","og_site_name":"4Tec Engineering","article_modified_time":"2025-10-27T12:53:46+00:00","og_image":[{"width":1200,"height":900,"url":"https:\/\/4tec-engineering.com\/wp-content\/uploads\/2023\/04\/4tec-Helmteststand.webp","type":"image\/webp"}],"twitter_card":"summary_large_image","twitter_misc":{"Est. reading time":"1 minute"},"schema":{"@context":"https:\/\/schema.org","@graph":[{"@type":"WebPage","@id":"https:\/\/4tec-engineering.com\/produktentwicklung\/projekte\/4tec-helmteststand\/","url":"https:\/\/4tec-engineering.com\/produktentwicklung\/projekte\/4tec-helmteststand\/","name":"Helmteststand","isPartOf":{"@id":"https:\/\/4tec-engineering.com\/#website"},"primaryImageOfPage":{"@id":"https:\/\/4tec-engineering.com\/produktentwicklung\/projekte\/4tec-helmteststand\/#primaryimage"},"image":{"@id":"https:\/\/4tec-engineering.com\/produktentwicklung\/projekte\/4tec-helmteststand\/#primaryimage"},"thumbnailUrl":"https:\/\/4tec-engineering.com\/wp-content\/uploads\/2023\/04\/4tec-Helmteststand.webp","datePublished":"2022-03-29T08:27:46+00:00","dateModified":"2025-10-27T12:53:46+00:00","description":"Produktentwicklung Helmteststand","breadcrumb":{"@id":"https:\/\/4tec-engineering.com\/produktentwicklung\/projekte\/4tec-helmteststand\/#breadcrumb"},"inLanguage":"en-US","potentialAction":[{"@type":"ReadAction","target":["https:\/\/4tec-engineering.com\/produktentwicklung\/projekte\/4tec-helmteststand\/"]}]},{"@type":"ImageObject","inLanguage":"en-US","@id":"https:\/\/4tec-engineering.com\/produktentwicklung\/projekte\/4tec-helmteststand\/#primaryimage","url":"https:\/\/4tec-engineering.com\/wp-content\/uploads\/2023\/04\/4tec-Helmteststand.webp","contentUrl":"https:\/\/4tec-engineering.com\/wp-content\/uploads\/2023\/04\/4tec-Helmteststand.webp","width":1200,"height":900,"caption":"4tec - Helmteststand"},{"@type":"BreadcrumbList","@id":"https:\/\/4tec-engineering.com\/produktentwicklung\/projekte\/4tec-helmteststand\/#breadcrumb","itemListElement":[{"@type":"ListItem","position":1,"name":"Startseite","item":"https:\/\/4tec-engineering.com\/"},{"@type":"ListItem","position":2,"name":"Home","item":"https:\/\/4tec-engineering.com\/"},{"@type":"ListItem","position":3,"name":"Projekte","item":"https:\/\/4tec-engineering.com\/produktentwicklung\/projekte\/"},{"@type":"ListItem","position":4,"name":"4tec-Helmteststand"}]},{"@type":"WebSite","@id":"https:\/\/4tec-engineering.com\/#website","url":"https:\/\/4tec-engineering.com\/","name":"4Tec Engineering","description":"Product development in Zurich","publisher":{"@id":"https:\/\/4tec-engineering.com\/#organization"},"alternateName":"4Tec","potentialAction":[{"@type":"SearchAction","target":{"@type":"EntryPoint","urlTemplate":"https:\/\/4tec-engineering.com\/?s={search_term_string}"},"query-input":{"@type":"PropertyValueSpecification","valueRequired":true,"valueName":"search_term_string"}}],"inLanguage":"en-US"},{"@type":"Organization","@id":"https:\/\/4tec-engineering.com\/#organization","name":"4Tec Engineering AG","alternateName":"4Tec Engineering AG","url":"https:\/\/4tec-engineering.com\/","logo":{"@type":"ImageObject","inLanguage":"en-US","@id":"https:\/\/4tec-engineering.com\/#\/schema\/logo\/image\/","url":"https:\/\/4tec-engineering.com\/wp-content\/uploads\/2023\/03\/4T_512x512-1.png","contentUrl":"https:\/\/4tec-engineering.com\/wp-content\/uploads\/2023\/03\/4T_512x512-1.png","width":512,"height":512,"caption":"4Tec Engineering AG"},"image":{"@id":"https:\/\/4tec-engineering.com\/#\/schema\/logo\/image\/"},"sameAs":["https:\/\/www.linkedin.com\/company\/4tec-engineering"]}]}},"_links":{"self":[{"href":"https:\/\/4tec-engineering.com\/en\/wp-json\/wp\/v2\/pages\/2182","targetHints":{"allow":["GET"]}}],"collection":[{"href":"https:\/\/4tec-engineering.com\/en\/wp-json\/wp\/v2\/pages"}],"about":[{"href":"https:\/\/4tec-engineering.com\/en\/wp-json\/wp\/v2\/types\/page"}],"author":[{"embeddable":true,"href":"https:\/\/4tec-engineering.com\/en\/wp-json\/wp\/v2\/users\/1"}],"replies":[{"embeddable":true,"href":"https:\/\/4tec-engineering.com\/en\/wp-json\/wp\/v2\/comments?post=2182"}],"version-history":[{"count":61,"href":"https:\/\/4tec-engineering.com\/en\/wp-json\/wp\/v2\/pages\/2182\/revisions"}],"predecessor-version":[{"id":6802,"href":"https:\/\/4tec-engineering.com\/en\/wp-json\/wp\/v2\/pages\/2182\/revisions\/6802"}],"up":[{"embeddable":true,"href":"https:\/\/4tec-engineering.com\/en\/wp-json\/wp\/v2\/pages\/114"}],"wp:featuredmedia":[{"embeddable":true,"href":"https:\/\/4tec-engineering.com\/en\/wp-json\/wp\/v2\/media\/3311"}],"wp:attachment":[{"href":"https:\/\/4tec-engineering.com\/en\/wp-json\/wp\/v2\/media?parent=2182"}],"curies":[{"name":"wp","href":"https:\/\/api.w.org\/{rel}","templated":true}]}}